{"id":1041,"date":"2020-06-10T17:54:38","date_gmt":"2020-06-10T15:54:38","guid":{"rendered":"https:\/\/hosting.smarty.ovh\/biotopsarl.com\/?page_id=1041"},"modified":"2020-06-10T17:54:38","modified_gmt":"2020-06-10T15:54:38","slug":"elisa-reagents","status":"publish","type":"page","link":"https:\/\/www.biotop-tunisie.com\/?page_id=1041&lang=en","title":{"rendered":"ELISA reagents"},"content":{"rendered":"<p>[vc_row css_animation=\u00a0\u00bb\u00a0\u00bb row_type=\u00a0\u00bbrow\u00a0\u00bb use_row_as_full_screen_section=\u00a0\u00bbno\u00a0\u00bb type=\u00a0\u00bbfull_width\u00a0\u00bb angled_section=\u00a0\u00bbno\u00a0\u00bb text_align=\u00a0\u00bbcenter\u00a0\u00bb background_image_as_pattern=\u00a0\u00bbwithout_pattern\u00a0\u00bb css=\u00a0\u00bb.vc_custom_1591269880471{padding-top: 40px !important;padding-right: 40px !important;padding-bottom: 10px !important;padding-left: 40px !important;}\u00a0\u00bb z_index=\u00a0\u00bb\u00a0\u00bb][vc_column width=\u00a0\u00bb1\/4&Prime;]<div class=\"woocommerce columns-4\"><ul class=\"products\"><li class=\"product-category product first\">\n\t<a aria-label=\"Acc\u00e9der \u00e0 la cat\u00e9gorie de produits Infectious\" href=\"https:\/\/www.biotop-tunisie.com\/?product_cat=infectious&#038;lang=en\"><img loading=\"lazy\" decoding=\"async\" src=\"https:\/\/www.biotop-tunisie.com\/wp-content\/uploads\/2021\/01\/ELISA-2-300x300.png\" alt=\"Infectious\" width=\"300\" height=\"300\" srcset=\"https:\/\/www.biotop-tunisie.com\/wp-content\/uploads\/2021\/01\/ELISA-2-300x300.png 300w, https:\/\/www.biotop-tunisie.com\/wp-content\/uploads\/2021\/01\/ELISA-2-150x150.png 150w, https:\/\/www.biotop-tunisie.com\/wp-content\/uploads\/2021\/01\/ELISA-2-570x570.png 570w, https:\/\/www.biotop-tunisie.com\/wp-content\/uploads\/2021\/01\/ELISA-2-500x500.png 500w, https:\/\/www.biotop-tunisie.com\/wp-content\/uploads\/2021\/01\/ELISA-2-100x100.png 100w\" sizes=\"auto, (max-width: 300px) 100vw, 300px\" \/>\t\t<h2 class=\"woocommerce-loop-category__title\">\n\t\t\tInfectious <mark class=\"count\">(2)<\/mark>\t\t<\/h2>\n\t\t<\/a><\/li>\n<\/ul>\n<\/div>[\/vc_column][vc_column width=\u00a0\u00bb1\/4&Prime;]<div class=\"woocommerce columns-4\"><ul class=\"products\"><li class=\"product-category product first\">\n\t<a aria-label=\"Acc\u00e9der \u00e0 la cat\u00e9gorie de produits Hepatitis\" href=\"https:\/\/www.biotop-tunisie.com\/?product_cat=hepatitis&#038;lang=en\"><img loading=\"lazy\" decoding=\"async\" src=\"https:\/\/www.biotop-tunisie.com\/wp-content\/uploads\/2021\/01\/ELISA-2-300x300.png\" alt=\"Hepatitis\" width=\"300\" height=\"300\" srcset=\"https:\/\/www.biotop-tunisie.com\/wp-content\/uploads\/2021\/01\/ELISA-2-300x300.png 300w, https:\/\/www.biotop-tunisie.com\/wp-content\/uploads\/2021\/01\/ELISA-2-150x150.png 150w, https:\/\/www.biotop-tunisie.com\/wp-content\/uploads\/2021\/01\/ELISA-2-570x570.png 570w, https:\/\/www.biotop-tunisie.com\/wp-content\/uploads\/2021\/01\/ELISA-2-500x500.png 500w, https:\/\/www.biotop-tunisie.com\/wp-content\/uploads\/2021\/01\/ELISA-2-100x100.png 100w\" sizes=\"auto, (max-width: 300px) 100vw, 300px\" \/>\t\t<h2 class=\"woocommerce-loop-category__title\">\n\t\t\tHepatitis <mark class=\"count\">(8)<\/mark>\t\t<\/h2>\n\t\t<\/a><\/li>\n<\/ul>\n<\/div>[\/vc_column][vc_column width=\u00a0\u00bb1\/4&Prime;]<div class=\"woocommerce columns-4\"><ul class=\"products\"><li class=\"product-category product first\">\n\t<a aria-label=\"Acc\u00e9der \u00e0 la cat\u00e9gorie de produits Bacteriology\" href=\"https:\/\/www.biotop-tunisie.com\/?product_cat=bacteriology&#038;lang=en\"><img loading=\"lazy\" decoding=\"async\" src=\"https:\/\/www.biotop-tunisie.com\/wp-content\/uploads\/2021\/01\/ELISA-2-300x300.png\" alt=\"Bacteriology\" width=\"300\" height=\"300\" srcset=\"https:\/\/www.biotop-tunisie.com\/wp-content\/uploads\/2021\/01\/ELISA-2-300x300.png 300w, https:\/\/www.biotop-tunisie.com\/wp-content\/uploads\/2021\/01\/ELISA-2-150x150.png 150w, https:\/\/www.biotop-tunisie.com\/wp-content\/uploads\/2021\/01\/ELISA-2-570x570.png 570w, https:\/\/www.biotop-tunisie.com\/wp-content\/uploads\/2021\/01\/ELISA-2-500x500.png 500w, https:\/\/www.biotop-tunisie.com\/wp-content\/uploads\/2021\/01\/ELISA-2-100x100.png 100w\" sizes=\"auto, (max-width: 300px) 100vw, 300px\" \/>\t\t<h2 class=\"woocommerce-loop-category__title\">\n\t\t\tBacteriology <mark class=\"count\">(3)<\/mark>\t\t<\/h2>\n\t\t<\/a><\/li>\n<\/ul>\n<\/div>[\/vc_column][vc_column width=\u00a0\u00bb1\/4&Prime;]<div class=\"woocommerce columns-4\"><ul class=\"products\"><li class=\"product-category product first\">\n\t<a aria-label=\"Acc\u00e9der \u00e0 la cat\u00e9gorie de produits Parasitology\" href=\"https:\/\/www.biotop-tunisie.com\/?product_cat=parasitology&#038;lang=en\"><img loading=\"lazy\" decoding=\"async\" src=\"https:\/\/www.biotop-tunisie.com\/wp-content\/uploads\/2021\/01\/ELISA-2-300x300.png\" alt=\"Parasitology\" width=\"300\" height=\"300\" srcset=\"https:\/\/www.biotop-tunisie.com\/wp-content\/uploads\/2021\/01\/ELISA-2-300x300.png 300w, https:\/\/www.biotop-tunisie.com\/wp-content\/uploads\/2021\/01\/ELISA-2-150x150.png 150w, https:\/\/www.biotop-tunisie.com\/wp-content\/uploads\/2021\/01\/ELISA-2-570x570.png 570w, https:\/\/www.biotop-tunisie.com\/wp-content\/uploads\/2021\/01\/ELISA-2-500x500.png 500w, https:\/\/www.biotop-tunisie.com\/wp-content\/uploads\/2021\/01\/ELISA-2-100x100.png 100w\" sizes=\"auto, (max-width: 300px) 100vw, 300px\" \/>\t\t<h2 class=\"woocommerce-loop-category__title\">\n\t\t\tParasitology <mark class=\"count\">(2)<\/mark>\t\t<\/h2>\n\t\t<\/a><\/li>\n<\/ul>\n<\/div>[\/vc_column][\/vc_row][vc_row css_animation=\u00a0\u00bb\u00a0\u00bb row_type=\u00a0\u00bbrow\u00a0\u00bb use_row_as_full_screen_section=\u00a0\u00bbno\u00a0\u00bb type=\u00a0\u00bbfull_width\u00a0\u00bb angled_section=\u00a0\u00bbno\u00a0\u00bb text_align=\u00a0\u00bbcenter\u00a0\u00bb background_image_as_pattern=\u00a0\u00bbwithout_pattern\u00a0\u00bb css=\u00a0\u00bb.vc_custom_1591269894683{padding-top: 10px !important;padding-right: 40px !important;padding-bottom: 40px !important;padding-left: 40px !important;}\u00a0\u00bb z_index=\u00a0\u00bb\u00a0\u00bb][vc_column width=\u00a0\u00bb1\/4&Prime;]<div class=\"woocommerce columns-4\"><ul class=\"products\"><li class=\"product-category product first\">\n\t<a aria-label=\"Acc\u00e9der \u00e0 la cat\u00e9gorie de produits Hormones and steroid markers\" href=\"https:\/\/www.biotop-tunisie.com\/?product_cat=hormones-and-steroid-markers&#038;lang=en\"><img loading=\"lazy\" decoding=\"async\" src=\"https:\/\/www.biotop-tunisie.com\/wp-content\/uploads\/2021\/01\/ELISA-2-300x300.png\" alt=\"Hormones and steroid markers\" width=\"300\" height=\"300\" srcset=\"https:\/\/www.biotop-tunisie.com\/wp-content\/uploads\/2021\/01\/ELISA-2-300x300.png 300w, https:\/\/www.biotop-tunisie.com\/wp-content\/uploads\/2021\/01\/ELISA-2-150x150.png 150w, https:\/\/www.biotop-tunisie.com\/wp-content\/uploads\/2021\/01\/ELISA-2-570x570.png 570w, https:\/\/www.biotop-tunisie.com\/wp-content\/uploads\/2021\/01\/ELISA-2-500x500.png 500w, https:\/\/www.biotop-tunisie.com\/wp-content\/uploads\/2021\/01\/ELISA-2-100x100.png 100w\" sizes=\"auto, (max-width: 300px) 100vw, 300px\" \/>\t\t<h2 class=\"woocommerce-loop-category__title\">\n\t\t\tHormones and steroid markers <mark class=\"count\">(4)<\/mark>\t\t<\/h2>\n\t\t<\/a><\/li>\n<\/ul>\n<\/div>[\/vc_column][vc_column width=\u00a0\u00bb1\/4&Prime;]<div class=\"woocommerce columns-4\"><ul class=\"products\"><li class=\"product-category product first\">\n\t<a aria-label=\"Acc\u00e9der \u00e0 la cat\u00e9gorie de produits Autoimmunity\" href=\"https:\/\/www.biotop-tunisie.com\/?product_cat=autoimmunity&#038;lang=en\"><img loading=\"lazy\" decoding=\"async\" src=\"https:\/\/www.biotop-tunisie.com\/wp-content\/uploads\/2021\/01\/ELISA-2-300x300.png\" alt=\"Autoimmunity\" width=\"300\" height=\"300\" srcset=\"https:\/\/www.biotop-tunisie.com\/wp-content\/uploads\/2021\/01\/ELISA-2-300x300.png 300w, https:\/\/www.biotop-tunisie.com\/wp-content\/uploads\/2021\/01\/ELISA-2-150x150.png 150w, https:\/\/www.biotop-tunisie.com\/wp-content\/uploads\/2021\/01\/ELISA-2-570x570.png 570w, https:\/\/www.biotop-tunisie.com\/wp-content\/uploads\/2021\/01\/ELISA-2-500x500.png 500w, https:\/\/www.biotop-tunisie.com\/wp-content\/uploads\/2021\/01\/ELISA-2-100x100.png 100w\" sizes=\"auto, (max-width: 300px) 100vw, 300px\" \/>\t\t<h2 class=\"woocommerce-loop-category__title\">\n\t\t\tAutoimmunity <mark class=\"count\">(3)<\/mark>\t\t<\/h2>\n\t\t<\/a><\/li>\n<\/ul>\n<\/div>[\/vc_column][vc_column width=\u00a0\u00bb1\/4&Prime;]<div class=\"woocommerce columns-4\"><ul class=\"products\"><li class=\"product-category product first\">\n\t<a aria-label=\"Acc\u00e9der \u00e0 la cat\u00e9gorie de produits Allergens\" href=\"https:\/\/www.biotop-tunisie.com\/?product_cat=allergens&#038;lang=en\"><img loading=\"lazy\" decoding=\"async\" src=\"https:\/\/www.biotop-tunisie.com\/wp-content\/uploads\/2021\/01\/ELISA-2-300x300.png\" alt=\"Allergens\" width=\"300\" height=\"300\" srcset=\"https:\/\/www.biotop-tunisie.com\/wp-content\/uploads\/2021\/01\/ELISA-2-300x300.png 300w, https:\/\/www.biotop-tunisie.com\/wp-content\/uploads\/2021\/01\/ELISA-2-150x150.png 150w, https:\/\/www.biotop-tunisie.com\/wp-content\/uploads\/2021\/01\/ELISA-2-570x570.png 570w, https:\/\/www.biotop-tunisie.com\/wp-content\/uploads\/2021\/01\/ELISA-2-500x500.png 500w, https:\/\/www.biotop-tunisie.com\/wp-content\/uploads\/2021\/01\/ELISA-2-100x100.png 100w\" sizes=\"auto, (max-width: 300px) 100vw, 300px\" \/>\t\t<h2 class=\"woocommerce-loop-category__title\">\n\t\t\tAllergens <mark class=\"count\">(3)<\/mark>\t\t<\/h2>\n\t\t<\/a><\/li>\n<\/ul>\n<\/div>[\/vc_column][vc_column width=\u00a0\u00bb1\/4&Prime;]<div class=\"woocommerce columns-4\"><ul class=\"products\"><li class=\"product-category product first\">\n\t<a aria-label=\"Acc\u00e9der \u00e0 la cat\u00e9gorie de produits Others\" href=\"https:\/\/www.biotop-tunisie.com\/?product_cat=others&#038;lang=en\"><img loading=\"lazy\" decoding=\"async\" src=\"https:\/\/www.biotop-tunisie.com\/wp-content\/uploads\/2021\/01\/ELISA-2-300x300.png\" alt=\"Others\" width=\"300\" height=\"300\" srcset=\"https:\/\/www.biotop-tunisie.com\/wp-content\/uploads\/2021\/01\/ELISA-2-300x300.png 300w, https:\/\/www.biotop-tunisie.com\/wp-content\/uploads\/2021\/01\/ELISA-2-150x150.png 150w, https:\/\/www.biotop-tunisie.com\/wp-content\/uploads\/2021\/01\/ELISA-2-570x570.png 570w, https:\/\/www.biotop-tunisie.com\/wp-content\/uploads\/2021\/01\/ELISA-2-500x500.png 500w, https:\/\/www.biotop-tunisie.com\/wp-content\/uploads\/2021\/01\/ELISA-2-100x100.png 100w\" sizes=\"auto, (max-width: 300px) 100vw, 300px\" \/>\t\t<h2 class=\"woocommerce-loop-category__title\">\n\t\t\tOthers <mark class=\"count\">(1)<\/mark>\t\t<\/h2>\n\t\t<\/a><\/li>\n<\/ul>\n<\/div>[\/vc_column][\/vc_row]<\/p>\n","protected":false},"excerpt":{"rendered":"<p>[vc_row css_animation=\u00a0\u00bb\u00a0\u00bb row_type=\u00a0\u00bbrow\u00a0\u00bb use_row_as_full_screen_section=\u00a0\u00bbno\u00a0\u00bb type=\u00a0\u00bbfull_width\u00a0\u00bb angled_section=\u00a0\u00bbno\u00a0\u00bb text_align=\u00a0\u00bbcenter\u00a0\u00bb background_image_as_pattern=\u00a0\u00bbwithout_pattern\u00a0\u00bb css=\u00a0\u00bb.vc_custom_1591269880471{padding-top: 40px !important;padding-right: 40px !important;padding-bottom: 10px !important;padding-left: 40px !important;}\u00a0\u00bb z_index=\u00a0\u00bb\u00a0\u00bb][vc_column width=\u00a0\u00bb1\/4&Prime;][\/vc_column][vc_column width=\u00a0\u00bb1\/4&Prime;][\/vc_column][vc_column width=\u00a0\u00bb1\/4&Prime;][\/vc_column][vc_column width=\u00a0\u00bb1\/4&Prime;][\/vc_column][\/vc_row][vc_row css_animation=\u00a0\u00bb\u00a0\u00bb row_type=\u00a0\u00bbrow\u00a0\u00bb use_row_as_full_screen_section=\u00a0\u00bbno\u00a0\u00bb type=\u00a0\u00bbfull_width\u00a0\u00bb angled_section=\u00a0\u00bbno\u00a0\u00bb text_align=\u00a0\u00bbcenter\u00a0\u00bb background_image_as_pattern=\u00a0\u00bbwithout_pattern\u00a0\u00bb css=\u00a0\u00bb.vc_custom_1591269894683{padding-top: 10px !important;padding-right: 40px !important;padding-bottom: 40px !important;padding-left: 40px !important;}\u00a0\u00bb z_index=\u00a0\u00bb\u00a0\u00bb][vc_column width=\u00a0\u00bb1\/4&Prime;][\/vc_column][vc_column width=\u00a0\u00bb1\/4&Prime;][\/vc_column][vc_column width=\u00a0\u00bb1\/4&Prime;][\/vc_column][vc_column width=\u00a0\u00bb1\/4&Prime;][\/vc_column][\/vc_row]<\/p>\n","protected":false},"author":115,"featured_media":0,"parent":0,"menu_order":0,"comment_status":"closed","ping_status":"closed","template":"full_width.php","meta":{"footnotes":""},"class_list":["post-1041","page","type-page","status-publish","hentry"],"_links":{"self":[{"href":"https:\/\/www.biotop-tunisie.com\/index.php?rest_route=\/wp\/v2\/pages\/1041","targetHints":{"allow":["GET"]}}],"collection":[{"href":"https:\/\/www.biotop-tunisie.com\/index.php?rest_route=\/wp\/v2\/pages"}],"about":[{"href":"https:\/\/www.biotop-tunisie.com\/index.php?rest_route=\/wp\/v2\/types\/page"}],"author":[{"embeddable":true,"href":"https:\/\/www.biotop-tunisie.com\/index.php?rest_route=\/wp\/v2\/users\/115"}],"replies":[{"embeddable":true,"href":"https:\/\/www.biotop-tunisie.com\/index.php?rest_route=%2Fwp%2Fv2%2Fcomments&post=1041"}],"version-history":[{"count":2,"href":"https:\/\/www.biotop-tunisie.com\/index.php?rest_route=\/wp\/v2\/pages\/1041\/revisions"}],"predecessor-version":[{"id":1043,"href":"https:\/\/www.biotop-tunisie.com\/index.php?rest_route=\/wp\/v2\/pages\/1041\/revisions\/1043"}],"wp:attachment":[{"href":"https:\/\/www.biotop-tunisie.com\/index.php?rest_route=%2Fwp%2Fv2%2Fmedia&parent=1041"}],"curies":[{"name":"wp","href":"https:\/\/api.w.org\/{rel}","templated":true}]}}