{"id":1122,"date":"2020-06-11T14:59:04","date_gmt":"2020-06-11T12:59:04","guid":{"rendered":"https:\/\/hosting.smarty.ovh\/biotopsarl.com\/?page_id=1122"},"modified":"2023-01-11T13:23:31","modified_gmt":"2023-01-11T12:23:31","slug":"afias-1-afias-6-reagents","status":"publish","type":"page","link":"https:\/\/www.biotop-tunisie.com\/?page_id=1122&lang=en","title":{"rendered":"Afias reagents"},"content":{"rendered":"<p>[vc_row css_animation=\u00a0\u00bb\u00a0\u00bb row_type=\u00a0\u00bbrow\u00a0\u00bb use_row_as_full_screen_section=\u00a0\u00bbno\u00a0\u00bb type=\u00a0\u00bbfull_width\u00a0\u00bb angled_section=\u00a0\u00bbno\u00a0\u00bb text_align=\u00a0\u00bbcenter\u00a0\u00bb background_image_as_pattern=\u00a0\u00bbwithout_pattern\u00a0\u00bb css=\u00a0\u00bb.vc_custom_1591269880471{padding-top: 40px !important;padding-right: 40px !important;padding-bottom: 10px !important;padding-left: 40px !important;}\u00a0\u00bb z_index=\u00a0\u00bb\u00a0\u00bb][vc_column width=\u00a0\u00bb1\/4&Prime;]<div class=\"woocommerce columns-4\"><ul class=\"products\"><li class=\"product-category product first\">\n\t<a aria-label=\"Acc\u00e9der \u00e0 la cat\u00e9gorie de produits Cardiac\" href=\"https:\/\/www.biotop-tunisie.com\/?product_cat=cardiac-afias-1-afias-6-reagents&#038;lang=en\"><img loading=\"lazy\" decoding=\"async\" src=\"https:\/\/www.biotop-tunisie.com\/wp-content\/uploads\/2021\/01\/cardiac-3-300x300.png\" alt=\"Cardiac\" width=\"300\" height=\"300\" srcset=\"https:\/\/www.biotop-tunisie.com\/wp-content\/uploads\/2021\/01\/cardiac-3-300x300.png 300w, https:\/\/www.biotop-tunisie.com\/wp-content\/uploads\/2021\/01\/cardiac-3-150x150.png 150w, https:\/\/www.biotop-tunisie.com\/wp-content\/uploads\/2021\/01\/cardiac-3-570x570.png 570w, https:\/\/www.biotop-tunisie.com\/wp-content\/uploads\/2021\/01\/cardiac-3-500x500.png 500w, https:\/\/www.biotop-tunisie.com\/wp-content\/uploads\/2021\/01\/cardiac-3-1000x1000.png 1000w, https:\/\/www.biotop-tunisie.com\/wp-content\/uploads\/2021\/01\/cardiac-3-100x100.png 100w\" sizes=\"auto, (max-width: 300px) 100vw, 300px\" \/>\t\t<h2 class=\"woocommerce-loop-category__title\">\n\t\t\tCardiac <mark class=\"count\">(3)<\/mark>\t\t<\/h2>\n\t\t<\/a><\/li>\n<\/ul>\n<\/div>[\/vc_column][vc_column width=\u00a0\u00bb1\/4&Prime;]<div class=\"woocommerce columns-4\"><ul class=\"products\"><li class=\"product-category product first\">\n\t<a aria-label=\"Acc\u00e9der \u00e0 la cat\u00e9gorie de produits Diabetes\" href=\"https:\/\/www.biotop-tunisie.com\/?product_cat=diabetes-afias-1-afias-6-reagents&#038;lang=en\"><img loading=\"lazy\" decoding=\"async\" src=\"https:\/\/www.biotop-tunisie.com\/wp-content\/uploads\/2021\/01\/diabetes-1-300x300.png\" alt=\"Diabetes\" width=\"300\" height=\"300\" srcset=\"https:\/\/www.biotop-tunisie.com\/wp-content\/uploads\/2021\/01\/diabetes-1-300x300.png 300w, https:\/\/www.biotop-tunisie.com\/wp-content\/uploads\/2021\/01\/diabetes-1-150x150.png 150w, https:\/\/www.biotop-tunisie.com\/wp-content\/uploads\/2021\/01\/diabetes-1-570x570.png 570w, https:\/\/www.biotop-tunisie.com\/wp-content\/uploads\/2021\/01\/diabetes-1-500x500.png 500w, https:\/\/www.biotop-tunisie.com\/wp-content\/uploads\/2021\/01\/diabetes-1-1000x1000.png 1000w, https:\/\/www.biotop-tunisie.com\/wp-content\/uploads\/2021\/01\/diabetes-1-100x100.png 100w\" sizes=\"auto, (max-width: 300px) 100vw, 300px\" \/>\t\t<h2 class=\"woocommerce-loop-category__title\">\n\t\t\tDiabetes <mark class=\"count\">(4)<\/mark>\t\t<\/h2>\n\t\t<\/a><\/li>\n<\/ul>\n<\/div>[\/vc_column][vc_column width=\u00a0\u00bb1\/4&Prime;]<div class=\"woocommerce columns-4\"><ul class=\"products\"><li class=\"product-category product first\">\n\t<a aria-label=\"Acc\u00e9der \u00e0 la cat\u00e9gorie de produits Tumor\" href=\"https:\/\/www.biotop-tunisie.com\/?product_cat=tumor-afias-1-afias-6-reagents&#038;lang=en\"><img loading=\"lazy\" decoding=\"async\" src=\"https:\/\/www.biotop-tunisie.com\/wp-content\/uploads\/2021\/01\/Tumor-1-300x300.png\" alt=\"Tumor\" width=\"300\" height=\"300\" srcset=\"https:\/\/www.biotop-tunisie.com\/wp-content\/uploads\/2021\/01\/Tumor-1-300x300.png 300w, https:\/\/www.biotop-tunisie.com\/wp-content\/uploads\/2021\/01\/Tumor-1-150x150.png 150w, https:\/\/www.biotop-tunisie.com\/wp-content\/uploads\/2021\/01\/Tumor-1-570x570.png 570w, https:\/\/www.biotop-tunisie.com\/wp-content\/uploads\/2021\/01\/Tumor-1-500x500.png 500w, https:\/\/www.biotop-tunisie.com\/wp-content\/uploads\/2021\/01\/Tumor-1-1000x1000.png 1000w, https:\/\/www.biotop-tunisie.com\/wp-content\/uploads\/2021\/01\/Tumor-1-100x100.png 100w\" sizes=\"auto, (max-width: 300px) 100vw, 300px\" \/>\t\t<h2 class=\"woocommerce-loop-category__title\">\n\t\t\tTumor <mark class=\"count\">(5)<\/mark>\t\t<\/h2>\n\t\t<\/a><\/li>\n<\/ul>\n<\/div>[\/vc_column][vc_column width=\u00a0\u00bb1\/4&Prime;]<div class=\"woocommerce columns-4\"><ul class=\"products\"><li class=\"product-category product first\">\n\t<a aria-label=\"Acc\u00e9der \u00e0 la cat\u00e9gorie de produits Hormone\" href=\"https:\/\/www.biotop-tunisie.com\/?product_cat=hormone-afias-1-afias-6-reagents&#038;lang=en\"><img loading=\"lazy\" decoding=\"async\" src=\"https:\/\/www.biotop-tunisie.com\/wp-content\/uploads\/2021\/01\/hormone-1-300x300.png\" alt=\"Hormone\" width=\"300\" height=\"300\" srcset=\"https:\/\/www.biotop-tunisie.com\/wp-content\/uploads\/2021\/01\/hormone-1-300x300.png 300w, https:\/\/www.biotop-tunisie.com\/wp-content\/uploads\/2021\/01\/hormone-1-150x150.png 150w, https:\/\/www.biotop-tunisie.com\/wp-content\/uploads\/2021\/01\/hormone-1-570x570.png 570w, https:\/\/www.biotop-tunisie.com\/wp-content\/uploads\/2021\/01\/hormone-1-500x500.png 500w, https:\/\/www.biotop-tunisie.com\/wp-content\/uploads\/2021\/01\/hormone-1-1000x1000.png 1000w, https:\/\/www.biotop-tunisie.com\/wp-content\/uploads\/2021\/01\/hormone-1-100x100.png 100w\" sizes=\"auto, (max-width: 300px) 100vw, 300px\" \/>\t\t<h2 class=\"woocommerce-loop-category__title\">\n\t\t\tHormone <mark class=\"count\">(11)<\/mark>\t\t<\/h2>\n\t\t<\/a><\/li>\n<\/ul>\n<\/div>[\/vc_column][\/vc_row][vc_row css_animation=\u00a0\u00bb\u00a0\u00bb row_type=\u00a0\u00bbrow\u00a0\u00bb use_row_as_full_screen_section=\u00a0\u00bbno\u00a0\u00bb type=\u00a0\u00bbfull_width\u00a0\u00bb angled_section=\u00a0\u00bbno\u00a0\u00bb text_align=\u00a0\u00bbcenter\u00a0\u00bb background_image_as_pattern=\u00a0\u00bbwithout_pattern\u00a0\u00bb css=\u00a0\u00bb.vc_custom_1591269894683{padding-top: 10px !important;padding-right: 40px !important;padding-bottom: 40px !important;padding-left: 40px !important;}\u00a0\u00bb z_index=\u00a0\u00bb\u00a0\u00bb][vc_column width=\u00a0\u00bb1\/4&Prime;]<div class=\"woocommerce columns-4\"><ul class=\"products\"><li class=\"product-category product first\">\n\t<a aria-label=\"Acc\u00e9der \u00e0 la cat\u00e9gorie de produits Infection\" href=\"https:\/\/www.biotop-tunisie.com\/?product_cat=infection-afias-1-afias-6-reagents&#038;lang=en\"><img loading=\"lazy\" decoding=\"async\" src=\"https:\/\/www.biotop-tunisie.com\/wp-content\/uploads\/2021\/01\/infection-1-300x300.png\" alt=\"Infection\" width=\"300\" height=\"300\" srcset=\"https:\/\/www.biotop-tunisie.com\/wp-content\/uploads\/2021\/01\/infection-1-300x300.png 300w, https:\/\/www.biotop-tunisie.com\/wp-content\/uploads\/2021\/01\/infection-1-150x150.png 150w, https:\/\/www.biotop-tunisie.com\/wp-content\/uploads\/2021\/01\/infection-1-570x570.png 570w, https:\/\/www.biotop-tunisie.com\/wp-content\/uploads\/2021\/01\/infection-1-500x500.png 500w, https:\/\/www.biotop-tunisie.com\/wp-content\/uploads\/2021\/01\/infection-1-1000x1000.png 1000w, https:\/\/www.biotop-tunisie.com\/wp-content\/uploads\/2021\/01\/infection-1-100x100.png 100w\" sizes=\"auto, (max-width: 300px) 100vw, 300px\" \/>\t\t<h2 class=\"woocommerce-loop-category__title\">\n\t\t\tInfection <mark class=\"count\">(10)<\/mark>\t\t<\/h2>\n\t\t<\/a><\/li>\n<\/ul>\n<\/div>[\/vc_column][vc_column width=\u00a0\u00bb1\/4&Prime;]<div class=\"woocommerce columns-4\"><ul class=\"products\"><li class=\"product-category product first\">\n\t<a aria-label=\"Acc\u00e9der \u00e0 la cat\u00e9gorie de produits Others\" href=\"https:\/\/www.biotop-tunisie.com\/?product_cat=others-afias-1-afias-6-reagents&#038;lang=en\"><img loading=\"lazy\" decoding=\"async\" src=\"https:\/\/www.biotop-tunisie.com\/wp-content\/uploads\/2021\/01\/AFIAS-logo-300x300.png\" alt=\"Others\" width=\"300\" height=\"300\" srcset=\"https:\/\/www.biotop-tunisie.com\/wp-content\/uploads\/2021\/01\/AFIAS-logo-300x300.png 300w, https:\/\/www.biotop-tunisie.com\/wp-content\/uploads\/2021\/01\/AFIAS-logo-150x150.png 150w, https:\/\/www.biotop-tunisie.com\/wp-content\/uploads\/2021\/01\/AFIAS-logo-570x570.png 570w, https:\/\/www.biotop-tunisie.com\/wp-content\/uploads\/2021\/01\/AFIAS-logo-500x500.png 500w, https:\/\/www.biotop-tunisie.com\/wp-content\/uploads\/2021\/01\/AFIAS-logo-1000x1000.png 1000w, https:\/\/www.biotop-tunisie.com\/wp-content\/uploads\/2021\/01\/AFIAS-logo-100x100.png 100w\" sizes=\"auto, (max-width: 300px) 100vw, 300px\" \/>\t\t<h2 class=\"woocommerce-loop-category__title\">\n\t\t\tOthers <mark class=\"count\">(6)<\/mark>\t\t<\/h2>\n\t\t<\/a><\/li>\n<\/ul>\n<\/div>[\/vc_column][vc_column width=\u00a0\u00bb1\/4&Prime;][\/vc_column][vc_column width=\u00a0\u00bb1\/4&Prime;][\/vc_column][\/vc_row]<\/p>\n","protected":false},"excerpt":{"rendered":"<p>[vc_row css_animation=\u00a0\u00bb\u00a0\u00bb row_type=\u00a0\u00bbrow\u00a0\u00bb use_row_as_full_screen_section=\u00a0\u00bbno\u00a0\u00bb type=\u00a0\u00bbfull_width\u00a0\u00bb angled_section=\u00a0\u00bbno\u00a0\u00bb text_align=\u00a0\u00bbcenter\u00a0\u00bb background_image_as_pattern=\u00a0\u00bbwithout_pattern\u00a0\u00bb css=\u00a0\u00bb.vc_custom_1591269880471{padding-top: 40px !important;padding-right: 40px !important;padding-bottom: 10px !important;padding-left: 40px !important;}\u00a0\u00bb z_index=\u00a0\u00bb\u00a0\u00bb][vc_column width=\u00a0\u00bb1\/4&Prime;][\/vc_column][vc_column width=\u00a0\u00bb1\/4&Prime;][\/vc_column][vc_column width=\u00a0\u00bb1\/4&Prime;][\/vc_column][vc_column width=\u00a0\u00bb1\/4&Prime;][\/vc_column][\/vc_row][vc_row css_animation=\u00a0\u00bb\u00a0\u00bb row_type=\u00a0\u00bbrow\u00a0\u00bb use_row_as_full_screen_section=\u00a0\u00bbno\u00a0\u00bb type=\u00a0\u00bbfull_width\u00a0\u00bb angled_section=\u00a0\u00bbno\u00a0\u00bb text_align=\u00a0\u00bbcenter\u00a0\u00bb background_image_as_pattern=\u00a0\u00bbwithout_pattern\u00a0\u00bb css=\u00a0\u00bb.vc_custom_1591269894683{padding-top: 10px !important;padding-right: 40px !important;padding-bottom: 40px !important;padding-left: 40px !important;}\u00a0\u00bb z_index=\u00a0\u00bb\u00a0\u00bb][vc_column width=\u00a0\u00bb1\/4&Prime;][\/vc_column][vc_column width=\u00a0\u00bb1\/4&Prime;][\/vc_column][vc_column width=\u00a0\u00bb1\/4&Prime;][\/vc_column][vc_column width=\u00a0\u00bb1\/4&Prime;][\/vc_column][\/vc_row]<\/p>\n","protected":false},"author":115,"featured_media":0,"parent":0,"menu_order":0,"comment_status":"closed","ping_status":"closed","template":"full_width.php","meta":{"footnotes":""},"class_list":["post-1122","page","type-page","status-publish","hentry"],"_links":{"self":[{"href":"https:\/\/www.biotop-tunisie.com\/index.php?rest_route=\/wp\/v2\/pages\/1122","targetHints":{"allow":["GET"]}}],"collection":[{"href":"https:\/\/www.biotop-tunisie.com\/index.php?rest_route=\/wp\/v2\/pages"}],"about":[{"href":"https:\/\/www.biotop-tunisie.com\/index.php?rest_route=\/wp\/v2\/types\/page"}],"author":[{"embeddable":true,"href":"https:\/\/www.biotop-tunisie.com\/index.php?rest_route=\/wp\/v2\/users\/115"}],"replies":[{"embeddable":true,"href":"https:\/\/www.biotop-tunisie.com\/index.php?rest_route=%2Fwp%2Fv2%2Fcomments&post=1122"}],"version-history":[{"count":4,"href":"https:\/\/www.biotop-tunisie.com\/index.php?rest_route=\/wp\/v2\/pages\/1122\/revisions"}],"predecessor-version":[{"id":2146,"href":"https:\/\/www.biotop-tunisie.com\/index.php?rest_route=\/wp\/v2\/pages\/1122\/revisions\/2146"}],"wp:attachment":[{"href":"https:\/\/www.biotop-tunisie.com\/index.php?rest_route=%2Fwp%2Fv2%2Fmedia&parent=1122"}],"curies":[{"name":"wp","href":"https:\/\/api.w.org\/{rel}","templated":true}]}}