{"id":1271,"date":"2020-06-15T12:37:08","date_gmt":"2020-06-15T10:37:08","guid":{"rendered":"https:\/\/hosting.smarty.ovh\/biotopsarl.com\/?page_id=1271"},"modified":"2020-06-15T15:41:58","modified_gmt":"2020-06-15T13:41:58","slug":"my-account","status":"publish","type":"page","link":"https:\/\/www.biotop-tunisie.com\/?page_id=1271&lang=en","title":{"rendered":"My account"},"content":{"rendered":"<p>[vc_row css_animation=\u00a0\u00bb\u00a0\u00bb row_type=\u00a0\u00bbrow\u00a0\u00bb use_row_as_full_screen_section=\u00a0\u00bbno\u00a0\u00bb type=\u00a0\u00bbfull_width\u00a0\u00bb angled_section=\u00a0\u00bbno\u00a0\u00bb text_align=\u00a0\u00bbleft\u00a0\u00bb background_image_as_pattern=\u00a0\u00bbwithout_pattern\u00a0\u00bb css=\u00a0\u00bb.vc_custom_1592220279107{padding-top: 40px !important;padding-right: 40px !important;padding-bottom: 40px !important;padding-left: 40px !important;}\u00a0\u00bb z_index=\u00a0\u00bb\u00a0\u00bb][vc_column]<div class=\"woocommerce\"><div class=\"woocommerce-notices-wrapper\"><\/div>\n\n<div class=\"u-columns col2-set\" id=\"customer_login\">\n\n\t<div class=\"u-column1 col-1\">\n\n\n\t\t<h2>Se connecter<\/h2>\n\n\t\t<form class=\"woocommerce-form woocommerce-form-login login\" method=\"post\" novalidate>\n\n\t\t\t\n\t\t\t<p class=\"woocommerce-form-row woocommerce-form-row--wide form-row form-row-wide\">\n\t\t\t\t<label for=\"username\">Identifiant ou e-mail&nbsp;<span class=\"required\" aria-hidden=\"true\">*<\/span><span class=\"screen-reader-text\">Obligatoire<\/span><\/label>\n\t\t\t\t<input type=\"text\" class=\"woocommerce-Input woocommerce-Input--text input-text\" name=\"username\" id=\"username\" autocomplete=\"username\" value=\"\" required aria-required=\"true\" \/>\t\t\t<\/p>\n\t\t\t<p class=\"woocommerce-form-row woocommerce-form-row--wide form-row form-row-wide\">\n\t\t\t\t<label for=\"password\">Mot de passe&nbsp;<span class=\"required\" aria-hidden=\"true\">*<\/span><span class=\"screen-reader-text\">Obligatoire<\/span><\/label>\n\t\t\t\t<input class=\"woocommerce-Input woocommerce-Input--text input-text\" type=\"password\" name=\"password\" id=\"password\" autocomplete=\"current-password\" required aria-required=\"true\" \/>\n\t\t\t<\/p>\n\n\t\t\t\n\t\t\t<p class=\"form-row\">\n\t\t\t\t<label class=\"woocommerce-form__label woocommerce-form__label-for-checkbox woocommerce-form-login__rememberme\">\n\t\t\t\t\t<input class=\"woocommerce-form__input woocommerce-form__input-checkbox\" name=\"rememberme\" type=\"checkbox\" id=\"rememberme\" value=\"forever\" \/> <span>Se souvenir de moi<\/span>\n\t\t\t\t<\/label>\n\t\t\t\t<input type=\"hidden\" id=\"woocommerce-login-nonce\" name=\"woocommerce-login-nonce\" value=\"441d6a6d8b\" \/><input type=\"hidden\" name=\"_wp_http_referer\" value=\"\/index.php?rest_route=%2Fwp%2Fv2%2Fpages%2F1271\" \/>\t\t\t\t<button type=\"submit\" class=\"woocommerce-button button woocommerce-form-login__submit\" name=\"login\" value=\"Se connecter\">Se connecter<\/button>\n\t\t\t<\/p>\n\t\t\t<p class=\"woocommerce-LostPassword lost_password\">\n\t\t\t\t<a href=\"https:\/\/www.biotop-tunisie.com\/?page_id=317&#038;lost-password\">Mot de passe perdu\u00a0?<\/a>\n\t\t\t<\/p>\n\n\t\t\t\n\t\t<\/form>\n\n\n\t<\/div>\n\n\t<div class=\"u-column2 col-2\">\n\n\t\t<h2>S\u2019inscrire<\/h2>\n\n\t\t<form method=\"post\" class=\"woocommerce-form woocommerce-form-register register\"  >\n\n\t\t\t\n\t\t\t\n\t\t\t<p class=\"woocommerce-form-row woocommerce-form-row--wide form-row form-row-wide\">\n\t\t\t\t<label for=\"reg_email\">Adresse e-mail&nbsp;<span class=\"required\" aria-hidden=\"true\">*<\/span><span class=\"screen-reader-text\">Obligatoire<\/span><\/label>\n\t\t\t\t<input type=\"email\" class=\"woocommerce-Input woocommerce-Input--text input-text\" name=\"email\" id=\"reg_email\" autocomplete=\"email\" value=\"\" required aria-required=\"true\" \/>\t\t\t<\/p>\n\n\t\t\t\n\t\t\t\t<p>Un lien permettant de d\u00e9finir un nouveau mot de passe sera envoy\u00e9 \u00e0 votre adresse e-mail.<\/p>\n\n\t\t\t\n\t\t\t<wc-order-attribution-inputs><\/wc-order-attribution-inputs><div class=\"woocommerce-privacy-policy-text\"><p>Vos donn\u00e9es personnelles seront utilis\u00e9es pour vous accompagner au cours de votre visite du site web, g\u00e9rer l\u2019acc\u00e8s \u00e0 votre compte, et pour d\u2019autres raisons d\u00e9crites dans notre <a href=\"https:\/\/www.biotop-tunisie.com\/?page_id=3\" class=\"woocommerce-privacy-policy-link\" target=\"_blank\">politique de confidentialit\u00e9<\/a>.<\/p>\n<\/div>\n\t\t\t<p class=\"woocommerce-form-row form-row\">\n\t\t\t\t<input type=\"hidden\" id=\"woocommerce-register-nonce\" name=\"woocommerce-register-nonce\" value=\"8de42b3267\" \/><input type=\"hidden\" name=\"_wp_http_referer\" value=\"\/index.php?rest_route=%2Fwp%2Fv2%2Fpages%2F1271\" \/>\t\t\t\t<button type=\"submit\" class=\"woocommerce-Button woocommerce-button button woocommerce-form-register__submit\" name=\"register\" value=\"S\u2019inscrire\">S\u2019inscrire<\/button>\n\t\t\t<\/p>\n\n\t\t\t\n\t\t<\/form>\n\n\t<\/div>\n\n<\/div>\n\n<\/div>[vc_raw_js]JTNDc2NyaXB0JTNFJTIwJTBBJTIwalF1ZXJ5JTI4ZG9jdW1lbnQlMjkucmVhZHklMjhmdW5jdGlvbiUyOCUyOSU3QiUwQSUyMCUyMCUyMCUyMCUyMCUyMCUyMCUyMGpRdWVyeSUyOCUyN2ElNUJocmVmJTVFJTNEJTIyaHR0cHMlM0ElMkYlMkYlMjIlNUQlMjclMjkuZWFjaCUyOGZ1bmN0aW9uJTI4JTI5JTdCJTIwJTBBJTIwJTIwJTIwJTIwJTIwJTIwJTIwJTIwJTIwJTIwJTIwJTIwdmFyJTIwb2xkVXJsJTIwJTNEJTIwalF1ZXJ5JTI4dGhpcyUyOS5hdHRyJTI4JTIyaHJlZiUyMiUyOSUzQiUyMCUyRiUyRiUyMEdldCUyMGN1cnJlbnQlMjB1cmwlMEElMjAlMjAlMjAlMjAlMjAlMjAlMjAlMjAlMjAlMjAlMjAlMjB2YXIlMjBuZXdVcmwlMjAlM0QlMjBvbGRVcmwucmVwbGFjZSUyOCUyMmh0dHBzJTNBJTJGJTJGaG9zdGluZy5zbWFydHkub3ZoJTJGYmlvdG9wc2FybC5jb20lMkZtb24tY29tcHRlJTJGJTIyJTJDJTIwJTIyaHR0cHMlM0ElMkYlMkZob3N0aW5nLnNtYXJ0eS5vdmglMkZiaW90b3BzYXJsLmNvbSUyRmVuJTJGbXktYWNjb3VudCUyRiUyMiUyOSUzQiUyMCUyRiUyRiUyMENyZWF0ZSUyMG5ldyUyMHVybCUwQSUyMCUyMCUyMCUyMCUyMCUyMCUyMCUyMCUyMCUyMCUyMCUyMGpRdWVyeSUyOHRoaXMlMjkuYXR0ciUyOCUyMmhyZWYlMjIlMkMlMjBuZXdVcmwlMjklM0IlMjAlMkYlMkYlMjBTZXQlMjBoZXJmJTIwdmFsdWUlMEElMjAlMjAlMjAlMjAlMjAlMjAlMjAlMjAlN0QlMjklM0IlMEElMjAlMjAlMjAlMjAlN0QlMjklM0IlMEElMEElMjAlM0MlMkZzY3JpcHQlM0U=[\/vc_raw_js][\/vc_column][\/vc_row]<\/p>\n","protected":false},"excerpt":{"rendered":"<p>[vc_row css_animation=\u00a0\u00bb\u00a0\u00bb row_type=\u00a0\u00bbrow\u00a0\u00bb use_row_as_full_screen_section=\u00a0\u00bbno\u00a0\u00bb type=\u00a0\u00bbfull_width\u00a0\u00bb angled_section=\u00a0\u00bbno\u00a0\u00bb text_align=\u00a0\u00bbleft\u00a0\u00bb background_image_as_pattern=\u00a0\u00bbwithout_pattern\u00a0\u00bb css=\u00a0\u00bb.vc_custom_1592220279107{padding-top: 40px !important;padding-right: 40px !important;padding-bottom: 40px !important;padding-left: 40px !important;}\u00a0\u00bb z_index=\u00a0\u00bb\u00a0\u00bb][vc_column][vc_raw_js]JTNDc2NyaXB0JTNFJTIwJTBBJTIwalF1ZXJ5JTI4ZG9jdW1lbnQlMjkucmVhZHklMjhmdW5jdGlvbiUyOCUyOSU3QiUwQSUyMCUyMCUyMCUyMCUyMCUyMCUyMCUyMGpRdWVyeSUyOCUyN2ElNUJocmVmJTVFJTNEJTIyaHR0cHMlM0ElMkYlMkYlMjIlNUQlMjclMjkuZWFjaCUyOGZ1bmN0aW9uJTI4JTI5JTdCJTIwJTBBJTIwJTIwJTIwJTIwJTIwJTIwJTIwJTIwJTIwJTIwJTIwJTIwdmFyJTIwb2xkVXJsJTIwJTNEJTIwalF1ZXJ5JTI4dGhpcyUyOS5hdHRyJTI4JTIyaHJlZiUyMiUyOSUzQiUyMCUyRiUyRiUyMEdldCUyMGN1cnJlbnQlMjB1cmwlMEElMjAlMjAlMjAlMjAlMjAlMjAlMjAlMjAlMjAlMjAlMjAlMjB2YXIlMjBuZXdVcmwlMjAlM0QlMjBvbGRVcmwucmVwbGFjZSUyOCUyMmh0dHBzJTNBJTJGJTJGaG9zdGluZy5zbWFydHkub3ZoJTJGYmlvdG9wc2FybC5jb20lMkZtb24tY29tcHRlJTJGJTIyJTJDJTIwJTIyaHR0cHMlM0ElMkYlMkZob3N0aW5nLnNtYXJ0eS5vdmglMkZiaW90b3BzYXJsLmNvbSUyRmVuJTJGbXktYWNjb3VudCUyRiUyMiUyOSUzQiUyMCUyRiUyRiUyMENyZWF0ZSUyMG5ldyUyMHVybCUwQSUyMCUyMCUyMCUyMCUyMCUyMCUyMCUyMCUyMCUyMCUyMCUyMGpRdWVyeSUyOHRoaXMlMjkuYXR0ciUyOCUyMmhyZWYlMjIlMkMlMjBuZXdVcmwlMjklM0IlMjAlMkYlMkYlMjBTZXQlMjBoZXJmJTIwdmFsdWUlMEElMjAlMjAlMjAlMjAlMjAlMjAlMjAlMjAlN0QlMjklM0IlMEElMjAlMjAlMjAlMjAlN0QlMjklM0IlMEElMEElMjAlM0MlMkZzY3JpcHQlM0U=[\/vc_raw_js][\/vc_column][\/vc_row]<\/p>\n","protected":false},"author":115,"featured_media":0,"parent":0,"menu_order":0,"comment_status":"closed","ping_status":"closed","template":"full_width.php","meta":{"footnotes":""},"class_list":["post-1271","page","type-page","status-publish","hentry"],"_links":{"self":[{"href":"https:\/\/www.biotop-tunisie.com\/index.php?rest_route=\/wp\/v2\/pages\/1271","targetHints":{"allow":["GET"]}}],"collection":[{"href":"https:\/\/www.biotop-tunisie.com\/index.php?rest_route=\/wp\/v2\/pages"}],"about":[{"href":"https:\/\/www.biotop-tunisie.com\/index.php?rest_route=\/wp\/v2\/types\/page"}],"author":[{"embeddable":true,"href":"https:\/\/www.biotop-tunisie.com\/index.php?rest_route=\/wp\/v2\/users\/115"}],"replies":[{"embeddable":true,"href":"https:\/\/www.biotop-tunisie.com\/index.php?rest_route=%2Fwp%2Fv2%2Fcomments&post=1271"}],"version-history":[{"count":5,"href":"https:\/\/www.biotop-tunisie.com\/index.php?rest_route=\/wp\/v2\/pages\/1271\/revisions"}],"predecessor-version":[{"id":1297,"href":"https:\/\/www.biotop-tunisie.com\/index.php?rest_route=\/wp\/v2\/pages\/1271\/revisions\/1297"}],"wp:attachment":[{"href":"https:\/\/www.biotop-tunisie.com\/index.php?rest_route=%2Fwp%2Fv2%2Fmedia&parent=1271"}],"curies":[{"name":"wp","href":"https:\/\/api.w.org\/{rel}","templated":true}]}}