{"id":256,"date":"2020-03-25T14:38:30","date_gmt":"2020-03-25T13:38:30","guid":{"rendered":"https:\/\/hosting.smarty.ovh\/biotopsarl.com\/?page_id=256"},"modified":"2020-06-24T14:22:00","modified_gmt":"2020-06-24T12:22:00","slug":"qui-sommes-nous","status":"publish","type":"page","link":"https:\/\/www.biotop-tunisie.com\/?page_id=256","title":{"rendered":"Qui sommes nous ?"},"content":{"rendered":"<p>[vc_row css_animation=\u00a0\u00bb\u00a0\u00bb row_type=\u00a0\u00bbrow\u00a0\u00bb use_row_as_full_screen_section=\u00a0\u00bbno\u00a0\u00bb type=\u00a0\u00bbgrid\u00a0\u00bb angled_section=\u00a0\u00bbno\u00a0\u00bb text_align=\u00a0\u00bbcenter\u00a0\u00bb background_image_as_pattern=\u00a0\u00bbwithout_pattern\u00a0\u00bb padding_top=\u00a0\u00bb40&Prime; padding_bottom=\u00a0\u00bb40&Prime; z_index=\u00a0\u00bb\u00a0\u00bb css=\u00a0\u00bb.vc_custom_1585237947740{background-color: #ffffff !important;}\u00a0\u00bb][vc_column css_animation=\u00a0\u00bbfadeInDown\u00a0\u00bb width=\u00a0\u00bb5\/6&Prime; offset=\u00a0\u00bbvc_col-sm-offset-1&Prime;][vc_column_text]<\/p>\n<h2 style=\"color: #2e681f;\">Biotop<\/h2>\n<p>[\/vc_column_text][vc_empty_space height=\u00a0\u00bb28px\u00a0\u00bb][vc_column_text]<\/p>\n<h3 style=\"text-align: justify;\">La soci\u00e9t\u00e9 BIOTOP sarl fond\u00e9e en 2007, a toujours \u00e9t\u00e9 une entreprise engag\u00e9e dans la distribution d&rsquo;instruments d&rsquo;analyse et de diagnostic m\u00e9dical s&rsquo;appuyant sur l&rsquo;exp\u00e9rience acquise au fil des ann\u00e9es et sur un personnel hautement qualifi\u00e9.<\/h3>\n<h3 style=\"text-align: justify;\">BIOTOP sarl continue de profiter de collaborations avec diff\u00e9rents fournisseurs dans le monde pour proposer de nouveaux produits de qualit\u00e9 qui am\u00e9liorent les r\u00e9sultats et la fiabilit\u00e9 du diagnostic.<\/h3>\n<h3 style=\"text-align: justify;\">Tous nos employ\u00e9s se conforment aux exigences de l\u2019entreprise et sont conscients de leur contribution \u00e0 l\u2019avenir de l\u2019entreprise puisqu\u2019ils jouent un r\u00f4le important dans un partenariat r\u00e9ussi \u00e0 long terme et fructueux.<\/h3>\n<p>[\/vc_column_text][\/vc_column][\/vc_row][vc_row css_animation=\u00a0\u00bb\u00a0\u00bb row_type=\u00a0\u00bbrow\u00a0\u00bb use_row_as_full_screen_section=\u00a0\u00bbno\u00a0\u00bb type=\u00a0\u00bbgrid\u00a0\u00bb angled_section=\u00a0\u00bbno\u00a0\u00bb text_align=\u00a0\u00bbleft\u00a0\u00bb background_image_as_pattern=\u00a0\u00bbwithout_pattern\u00a0\u00bb padding_bottom=\u00a0\u00bb20&Prime; css=\u00a0\u00bb.vc_custom_1585296682742{background-color: #ffffff !important;}\u00a0\u00bb z_index=\u00a0\u00bb\u00a0\u00bb][vc_column css_animation=\u00a0\u00bbfadeInLeft\u00a0\u00bb offset=\u00a0\u00bbvc_col-md-6&Prime;][qode_elements_holder number_of_columns=\u00a0\u00bbone_column\u00a0\u00bb][qode_elements_holder_item vertical_alignment=\u00a0\u00bbmiddle\u00a0\u00bb horizontal_alignment=\u00a0\u00bbcenter\u00a0\u00bb advanced_animations=\u00a0\u00bbno\u00a0\u00bb item_padding=\u00a0\u00bb20px 0 20px 0&Prime;][vc_single_image image=\u00a0\u00bb865&Prime; img_size=\u00a0\u00bbfull\u00a0\u00bb alignment=\u00a0\u00bbcenter\u00a0\u00bb qode_css_animation=\u00a0\u00bb\u00a0\u00bb][vc_empty_space height=\u00a0\u00bb10px\u00a0\u00bb][vc_single_image image=\u00a0\u00bb566&Prime; img_size=\u00a0\u00bbfull\u00a0\u00bb alignment=\u00a0\u00bbcenter\u00a0\u00bb qode_css_animation=\u00a0\u00bb\u00a0\u00bb][\/qode_elements_holder_item][\/qode_elements_holder][\/vc_column][vc_column css_animation=\u00a0\u00bbfadeInRight\u00a0\u00bb offset=\u00a0\u00bbvc_col-md-6&Prime;][qode_elements_holder number_of_columns=\u00a0\u00bbone_column\u00a0\u00bb][qode_elements_holder_item vertical_alignment=\u00a0\u00bbtop\u00a0\u00bb advanced_animations=\u00a0\u00bbno\u00a0\u00bb background_color=\u00a0\u00bb#ffffff\u00a0\u00bb item_padding=\u00a0\u00bb39px 0 0 0&Prime; item_padding_768_1024=\u00a0\u00bb9px 0 0 0&Prime; item_padding_600_768=\u00a0\u00bb70px 0 0 0&Prime; item_padding_480_600=\u00a0\u00bb70px 0 0 0&Prime; item_padding_480=\u00a0\u00bb70px 0 0 0&Prime;][vc_empty_space height=\u00a0\u00bb55px\u00a0\u00bb][vc_column_text]<\/p>\n<h2 style=\"color: #2e681f;\">Nos valeurs<\/h2>\n<p>[\/vc_column_text][vc_empty_space height=\u00a0\u00bb28px\u00a0\u00bb]<div class='q_icon_with_title small custom_icon_image '><div class=\"icon_holder \" style=\" \"><img decoding=\"async\" itemprop=\"image\" style=\"\" src=\"https:\/\/www.biotop-tunisie.com\/wp-content\/uploads\/2020\/03\/num1.png\" alt=\"\"><\/div><div class=\"icon_text_holder\" style=\"padding-left:81px;\"><div class=\"icon_text_inner\" style=\"\"><h4 class=\"icon_title\" style=\"\">Int\u00e9grit\u00e9<\/h4><p style=''>l\u2019honn\u00eatet\u00e9, la franchise et la cr\u00e9dibilit\u00e9 sont les cl\u00e9s de notre succ\u00e8s dans toutes nos relations.<\/p><\/div><\/div><\/div>[vc_empty_space]<div class='q_icon_with_title small custom_icon_image '><div class=\"icon_holder \" style=\" \"><img decoding=\"async\" itemprop=\"image\" style=\"\" src=\"https:\/\/www.biotop-tunisie.com\/wp-content\/uploads\/2020\/03\/num2.png\" alt=\"\"><\/div><div class=\"icon_text_holder\" style=\"padding-left:81px;\"><div class=\"icon_text_inner\" style=\"\"><h4 class=\"icon_title\" style=\"\">Innovation<\/h4><p style=''>Nous recherchons constamment des moyens innovants pour am\u00e9liorer nos services et nos produits par l'adaptation des connaissances existantes, et avec la pleine compr\u00e9hension que nous apprenons de nos \u00e9checs ainsi que de nos succ\u00e8s.<\/p><\/div><\/div><\/div>[vc_empty_space height=\u00a0\u00bb27px\u00a0\u00bb]<div class='q_icon_with_title small custom_icon_image '><div class=\"icon_holder \" style=\" \"><img decoding=\"async\" itemprop=\"image\" style=\"\" src=\"https:\/\/www.biotop-tunisie.com\/wp-content\/uploads\/2020\/03\/num3.png\" alt=\"\"><\/div><div class=\"icon_text_holder\" style=\"padding-left:81px;\"><div class=\"icon_text_inner\" style=\"\"><h4 class=\"icon_title\" style=\"\">Responsabilit\u00e9<\/h4><p style=''>Nous visons l'am\u00e9lioration continue, convaincu que la comp\u00e9tence, la fiabilit\u00e9 et le respect de la discipline des processus sont les cl\u00e9s de l'excellence.<\/p><\/div><\/div><\/div>[\/qode_elements_holder_item][\/qode_elements_holder][\/vc_column][\/vc_row][vc_row css_animation=\u00a0\u00bb\u00a0\u00bb row_type=\u00a0\u00bbrow\u00a0\u00bb use_row_as_full_screen_section=\u00a0\u00bbno\u00a0\u00bb type=\u00a0\u00bbgrid\u00a0\u00bb angled_section=\u00a0\u00bbno\u00a0\u00bb text_align=\u00a0\u00bbcenter\u00a0\u00bb background_image_as_pattern=\u00a0\u00bbwithout_pattern\u00a0\u00bb padding_top=\u00a0\u00bb20&Prime; padding_bottom=\u00a0\u00bb20&Prime; z_index=\u00a0\u00bb\u00a0\u00bb css=\u00a0\u00bb.vc_custom_1585296601980{background-color: #f5f6f6 !important;}\u00a0\u00bb][vc_column css_animation=\u00a0\u00bbflipInX\u00a0\u00bb width=\u00a0\u00bb5\/6&Prime; offset=\u00a0\u00bbvc_col-sm-offset-1&Prime;][vc_column_text]<\/p>\n<h2 style=\"color: #2e681f;\">Pourquoi nous choisir?<\/h2>\n<p>[\/vc_column_text][\/vc_column][\/vc_row][vc_row css_animation=\u00a0\u00bb\u00a0\u00bb row_type=\u00a0\u00bbrow\u00a0\u00bb use_row_as_full_screen_section=\u00a0\u00bbno\u00a0\u00bb type=\u00a0\u00bbfull_width\u00a0\u00bb angled_section=\u00a0\u00bbno\u00a0\u00bb text_align=\u00a0\u00bbleft\u00a0\u00bb background_image_as_pattern=\u00a0\u00bbwithout_pattern\u00a0\u00bb css=\u00a0\u00bb.vc_custom_1588928469678{padding-right: 20px !important;padding-left: 20px !important;background-color: #f5f6f6 !important;}\u00a0\u00bb z_index=\u00a0\u00bb\u00a0\u00bb padding_top=\u00a0\u00bb20&Prime; padding_bottom=\u00a0\u00bb20&Prime;][vc_column width=\u00a0\u00bb1\/4&Prime;][vc_empty_space height=\u00a0\u00bb18px\u00a0\u00bb][vc_column_text el_class=\u00a0\u00bbbloctxt\u00a0\u00bb]<\/p>\n<p class=\"color-blanc\" style=\"text-align: center;\">Biotop propose plusieurs services aux h\u00f4pitaux, laboratoires d\u2019analyses m\u00e9dicales, centres de recherches&#8230;<\/p>\n<p>[\/vc_column_text][vc_empty_space height=\u00a0\u00bb30px\u00a0\u00bb][\/vc_column][vc_column width=\u00a0\u00bb1\/4&Prime;][vc_empty_space height=\u00a0\u00bb18px\u00a0\u00bb][vc_column_text el_class=\u00a0\u00bbbloctxt\u00a0\u00bb]<\/p>\n<p class=\"color-blanc\" style=\"text-align: center;\">Biotop a su mettre en confiance plusieurs marques de renomm\u00e9e internationale<\/p>\n<p>[\/vc_column_text][vc_empty_space height=\u00a0\u00bb30px\u00a0\u00bb][\/vc_column][vc_column width=\u00a0\u00bb1\/4&Prime;][vc_empty_space height=\u00a0\u00bb18px\u00a0\u00bb][vc_column_text el_class=\u00a0\u00bbbloctxt\u00a0\u00bb]<\/p>\n<p class=\"color-blanc\" style=\"text-align: center;\">Sa r\u00e9putation de s\u00e9rieux a permis \u00e0 Biotop de gagner en quelques ann\u00e9es la confiance de nombreux clients.<\/p>\n<p>[\/vc_column_text][vc_empty_space height=\u00a0\u00bb30px\u00a0\u00bb][\/vc_column][vc_column width=\u00a0\u00bb1\/4&Prime;][vc_empty_space height=\u00a0\u00bb18px\u00a0\u00bb][vc_column_text el_class=\u00a0\u00bbbloctxt\u00a0\u00bb]<\/p>\n<p class=\"color-blanc\" style=\"text-align: center;\">L\u2019\u00e9quipe de Biotop est compos\u00e9e de sp\u00e9cialistes qui sont toujours \u00e0 l\u2019\u00e9coute des clients pour toute demande technique,<\/p>\n<p>[\/vc_column_text][vc_empty_space height=\u00a0\u00bb18px\u00a0\u00bb][\/vc_column][\/vc_row][vc_row css_animation=\u00a0\u00bb\u00a0\u00bb row_type=\u00a0\u00bbrow\u00a0\u00bb use_row_as_full_screen_section=\u00a0\u00bbno\u00a0\u00bb type=\u00a0\u00bbfull_width\u00a0\u00bb angled_section=\u00a0\u00bbno\u00a0\u00bb text_align=\u00a0\u00bbleft\u00a0\u00bb background_image_as_pattern=\u00a0\u00bbwithout_pattern\u00a0\u00bb padding_top=\u00a0\u00bb0&Prime; padding_bottom=\u00a0\u00bb0&Prime; z_index=\u00a0\u00bb\u00a0\u00bb css=\u00a0\u00bb.vc_custom_1585236335870{background-color: #ffffff !important;}\u00a0\u00bb][vc_column css_animation=\u00a0\u00bbfadeInDown\u00a0\u00bb]<div class=\"call_to_action normal\" style=\"background-color: #39a531;padding-top: 23px;padding-bottom: 23px;\"><div class=\"container_inner\"><div class=\"two_columns_75_25 clearfix\"><div class=\"text_wrapper column1\"><div class=\"call_to_action_text \" style=\"\">\n<h3><span class=\"color-blanc\">N&rsquo;h\u00e9sitez pas \u00e0 nous contacter si vous avez des questions. <\/span><\/h3>\n<p><span class=\"color-blanc\">Notre \u00e9quipe reviendra vers vous dans les plus brefs d\u00e9lais !<\/span><\/div><\/div><div class=\"button_wrapper column2\"><a itemprop=\"url\" href=\"https:\/\/www.biotop-tunisie.com\/contact\/\" class=\"qbutton white \" target=\"_self\" style=\"color: #ffffff;border-color: #ffffff;background-color: #39a531;\"data-hover-background-color=#2e681f data-hover-border-color=#2e681f data-hover-color=#ffffff>Contactez nous<\/a><\/div><\/div><\/div><\/div>[\/vc_column][\/vc_row]<\/p>\n","protected":false},"excerpt":{"rendered":"<p>[vc_row css_animation=\u00a0\u00bb\u00a0\u00bb row_type=\u00a0\u00bbrow\u00a0\u00bb use_row_as_full_screen_section=\u00a0\u00bbno\u00a0\u00bb type=\u00a0\u00bbgrid\u00a0\u00bb angled_section=\u00a0\u00bbno\u00a0\u00bb text_align=\u00a0\u00bbcenter\u00a0\u00bb background_image_as_pattern=\u00a0\u00bbwithout_pattern\u00a0\u00bb padding_top=\u00a0\u00bb40&Prime; padding_bottom=\u00a0\u00bb40&Prime; z_index=\u00a0\u00bb\u00a0\u00bb css=\u00a0\u00bb.vc_custom_1585237947740{background-color: #ffffff !important;}\u00a0\u00bb][vc_column css_animation=\u00a0\u00bbfadeInDown\u00a0\u00bb width=\u00a0\u00bb5\/6&Prime; offset=\u00a0\u00bbvc_col-sm-offset-1&Prime;][vc_column_text] Biotop [\/vc_column_text][vc_empty_space height=\u00a0\u00bb28px\u00a0\u00bb][vc_column_text] La soci\u00e9t\u00e9 BIOTOP sarl fond\u00e9e en 2007, a toujours \u00e9t\u00e9 une entreprise engag\u00e9e dans la distribution d&rsquo;instruments d&rsquo;analyse et de diagnostic m\u00e9dical s&rsquo;appuyant sur l&rsquo;exp\u00e9rience&#8230;<\/p>\n","protected":false},"author":115,"featured_media":0,"parent":0,"menu_order":0,"comment_status":"closed","ping_status":"closed","template":"full_width.php","meta":{"footnotes":""},"class_list":["post-256","page","type-page","status-publish","hentry"],"_links":{"self":[{"href":"https:\/\/www.biotop-tunisie.com\/index.php?rest_route=\/wp\/v2\/pages\/256","targetHints":{"allow":["GET"]}}],"collection":[{"href":"https:\/\/www.biotop-tunisie.com\/index.php?rest_route=\/wp\/v2\/pages"}],"about":[{"href":"https:\/\/www.biotop-tunisie.com\/index.php?rest_route=\/wp\/v2\/types\/page"}],"author":[{"embeddable":true,"href":"https:\/\/www.biotop-tunisie.com\/index.php?rest_route=\/wp\/v2\/users\/115"}],"replies":[{"embeddable":true,"href":"https:\/\/www.biotop-tunisie.com\/index.php?rest_route=%2Fwp%2Fv2%2Fcomments&post=256"}],"version-history":[{"count":19,"href":"https:\/\/www.biotop-tunisie.com\/index.php?rest_route=\/wp\/v2\/pages\/256\/revisions"}],"predecessor-version":[{"id":1308,"href":"https:\/\/www.biotop-tunisie.com\/index.php?rest_route=\/wp\/v2\/pages\/256\/revisions\/1308"}],"wp:attachment":[{"href":"https:\/\/www.biotop-tunisie.com\/index.php?rest_route=%2Fwp%2Fv2%2Fmedia&parent=256"}],"curies":[{"name":"wp","href":"https:\/\/api.w.org\/{rel}","templated":true}]}}