{"id":258,"date":"2020-03-25T14:41:04","date_gmt":"2020-03-25T13:41:04","guid":{"rendered":"https:\/\/hosting.smarty.ovh\/biotopsarl.com\/?page_id=258"},"modified":"2024-07-04T13:15:40","modified_gmt":"2024-07-04T11:15:40","slug":"evenements","status":"publish","type":"page","link":"https:\/\/www.biotop-tunisie.com\/?page_id=258","title":{"rendered":"\u00c9v\u00e9nements"},"content":{"rendered":"<p>[vc_row css_animation=\u00a0\u00bb\u00a0\u00bb row_type=\u00a0\u00bbrow\u00a0\u00bb use_row_as_full_screen_section=\u00a0\u00bbno\u00a0\u00bb type=\u00a0\u00bbgrid\u00a0\u00bb angled_section=\u00a0\u00bbno\u00a0\u00bb text_align=\u00a0\u00bbleft\u00a0\u00bb background_image_as_pattern=\u00a0\u00bbwithout_pattern\u00a0\u00bb padding_top=\u00a0\u00bb115&Prime; padding_bottom=\u00a0\u00bb83&Prime; z_index=\u00a0\u00bb\u00a0\u00bb css=\u00a0\u00bb.vc_custom_1517922176787{background-color: #ffffff !important;}\u00a0\u00bb][vc_column css_animation=\u00a0\u00bbrollIn\u00a0\u00bb offset=\u00a0\u00bbvc_col-md-4&Prime;][vc_video link=\u00a0\u00bbhttps:\/\/youtu.be\/EOj9fPayfck\u00a0\u00bb el_aspect=\u00a0\u00bb43&Prime; css_animation=\u00a0\u00bbbounceIn\u00a0\u00bb][vc_empty_space height=\u00a0\u00bb30px\u00a0\u00bb][vc_column_text]<\/p>\n<h2><\/h2>\n<h2 style=\"text-align: center;\"><strong>Nouveau: HPLC MQ 3000 MEDCONN <\/strong><\/h2>\n<p>[\/vc_column_text][vc_empty_space height=\u00a0\u00bb18px\u00a0\u00bb][vc_column_text]<\/p>\n<div><strong><em>Sp\u00e9cifications techniques de l&rsquo;appareil:<\/em><\/strong><\/div>\n<div>&#8211; 18 \u00e9chantillons\/ Routeur<br \/>\n&#8211; Temps du test &lt; 120S\/Test<\/div>\n<div>\n<div>&#8211; S\u00e9paration des fractions HbD, HbS, HbC, HbE<br \/>\n&#8211; Panneau d\u2019\u00e9chantillons en forme de carrousel<br \/>\n&#8211; Interface facile d\u2019utilisation (avec un \u00e9cran tactile)<br \/>\n&#8211; Intervalle de mesure (NGSP) 3.0% &#8211; 20.0%<br \/>\n&#8211; Pr\u00e9cision cv \u2264 2%<\/div>\n<div><\/div>\n<\/div>\n<p>[\/vc_column_text][vc_empty_space height=\u00a0\u00bb30px\u00a0\u00bb][vc_facebook css_animation=\u00a0\u00bbnone\u00a0\u00bb][\/vc_column][vc_column css_animation=\u00a0\u00bbrollIn\u00a0\u00bb offset=\u00a0\u00bbvc_col-md-4&Prime;][vc_video link=\u00a0\u00bbhttps:\/\/youtu.be\/MNrytUXorwU\u00a0\u00bb el_aspect=\u00a0\u00bb43&Prime; css_animation=\u00a0\u00bbbounceIn\u00a0\u00bb][vc_empty_space height=\u00a0\u00bb30px\u00a0\u00bb][vc_column_text]<\/p>\n<h2 style=\"text-align: center;\"><strong>Nouveau: HPLC MQ-2000 MEDCON<\/strong><\/h2>\n<p>[\/vc_column_text][vc_empty_space height=\u00a0\u00bb18px\u00a0\u00bb][vc_column_text]<strong>Sp\u00e9cifications techniques:<\/strong><\/p>\n<p>&#8211; 50 \u00e9chantillons peuvent \u00eatre charg\u00e9s \u00e0 la fois<\/p>\n<p>&#8211; S\u00e9paration de HbA1c, HbF, HbD, HbS, HbC, HbE<\/p>\n<p>-Interface simple et facile \u00e0 utiliser<\/p>\n<p>-Temps d&rsquo;analyse &lt;= 150s\/test<\/p>\n<p>-Cv de pr\u00e9cision &lt;= 2%[\/vc_column_text][vc_empty_space height=\u00a0\u00bb30px\u00a0\u00bb][vc_facebook css_animation=\u00a0\u00bbnone\u00a0\u00bb][\/vc_column][vc_column css_animation=\u00a0\u00bbrollIn\u00a0\u00bb offset=\u00a0\u00bbvc_col-md-4&Prime;]<div class='qode_image_gallery_no_space light'><div class='qode_image_gallery_holder' style='height: 270pxpx;'><ul  ><li  ><div style=\"height: 270pxpx; width:402px;\"><img decoding=\"async\" itemprop=\"image\" src=\"https:\/\/www.biotop-tunisie.com\/wp-content\/uploads\/2024\/07\/PTH-ichroma.jpg\" alt=\"\" \/><\/div><\/li><li  ><div style=\"height: 270pxpx; width:458px;\"><img decoding=\"async\" itemprop=\"image\" src=\"https:\/\/www.biotop-tunisie.com\/wp-content\/uploads\/2024\/07\/PTH-AFIAS.jpg\" alt=\"\" \/><\/div><\/li><li  ><div style=\"height: 270pxpx; width:462px;\"><img decoding=\"async\" itemprop=\"image\" src=\"https:\/\/www.biotop-tunisie.com\/wp-content\/uploads\/2024\/07\/free-PSA-AFIAS.png\" alt=\"\" \/><\/div><\/li><li  ><div style=\"height: 270pxpx; width:402px;\"><img decoding=\"async\" itemprop=\"image\" src=\"https:\/\/www.biotop-tunisie.com\/wp-content\/uploads\/2024\/07\/insuline-ichroma-.png\" alt=\"\" \/><\/div><\/li><li  ><div style=\"height: 270pxpx; width:458px;\"><img decoding=\"async\" itemprop=\"image\" src=\"https:\/\/www.biotop-tunisie.com\/wp-content\/uploads\/2024\/07\/insuline-AFIAS-.png\" alt=\"\" \/><\/div><\/li><li  ><div style=\"height: 270pxpx; width:458px;\"><img decoding=\"async\" itemprop=\"image\" src=\"https:\/\/www.biotop-tunisie.com\/wp-content\/uploads\/2024\/07\/PTH-AFIAS-1.jpg\" alt=\"\" \/><\/div><\/li><li  ><div style=\"height: 270pxpx; width:491px;\"><img decoding=\"async\" itemprop=\"image\" src=\"https:\/\/www.biotop-tunisie.com\/wp-content\/uploads\/2024\/06\/AFIAS-Calprotectine-1.png\" alt=\"\" \/><\/div><\/li><\/ul><\/div><div class=\"controls\"><a class=\"prev-slide\" href=\"#\"><span><i class=\"fa fa-angle-left\"><\/i><\/span><\/a><a class=\"next-slide\" href=\"#\"><span><i class=\"fa fa-angle-right\"><\/i><\/span><\/a><\/div><\/div>[vc_empty_space height=\u00a0\u00bb30px\u00a0\u00bb][vc_column_text]<\/p>\n<h2 style=\"text-align: center;\"><i><strong>Nouveaux param\u00e8tres sur AFIAS et Ichroma\u00a0<\/strong><\/i><\/h2>\n<p>[\/vc_column_text][vc_empty_space height=\u00a0\u00bb18px\u00a0\u00bb][vc_column_text]Cher(e)s partenaires,<\/p>\n<p>Nous avons le plaisir de vous informer que d\u00e9sormais les param\u00e8tres\u00a0 suivants sont disponibles sur les appareils AFIAS et IChroma II:<\/p>\n<ul>\n<li>Calprotectine<\/li>\n<li>PTH<\/li>\n<li>Insuline<\/li>\n<li>Free PSA<\/li>\n<\/ul>\n<p><em>**Pour plus de d\u00e9tails concernant la fiche technique contactez nous par e-mail.<\/em>[\/vc_column_text][vc_empty_space height=\u00a0\u00bb30px\u00a0\u00bb][vc_facebook][\/vc_column][\/vc_row][vc_row css_animation=\u00a0\u00bb\u00a0\u00bb row_type=\u00a0\u00bbrow\u00a0\u00bb use_row_as_full_screen_section=\u00a0\u00bbno\u00a0\u00bb type=\u00a0\u00bbfull_width\u00a0\u00bb angled_section=\u00a0\u00bbno\u00a0\u00bb text_align=\u00a0\u00bbleft\u00a0\u00bb background_image_as_pattern=\u00a0\u00bbwithout_pattern\u00a0\u00bb padding_top=\u00a0\u00bb0&Prime; padding_bottom=\u00a0\u00bb0&Prime; z_index=\u00a0\u00bb\u00a0\u00bb css=\u00a0\u00bb.vc_custom_1585236335870{background-color: #ffffff !important;}\u00a0\u00bb][vc_column css_animation=\u00a0\u00bbfadeInDown\u00a0\u00bb]<div class=\"call_to_action normal\" style=\"background-color: #39a531;padding-top: 23px;padding-bottom: 23px;\"><div class=\"container_inner\"><div class=\"two_columns_75_25 clearfix\"><div class=\"text_wrapper column1\"><div class=\"call_to_action_text \" style=\"\">\n<h3><span class=\"color-blanc\">N&rsquo;h\u00e9sitez pas \u00e0 nous contacter si vous avez des questions. <\/span><\/h3>\n<p><span class=\"color-blanc\">Notre \u00e9quipe reviendra vers vous dans les plus brefs d\u00e9lais !<\/span><\/div><\/div><div class=\"button_wrapper column2\"><a itemprop=\"url\" href=\"https:\/\/www.biotop-tunisie.com\/contact\/\" class=\"qbutton white \" target=\"_self\" style=\"color: #ffffff;border-color: #ffffff;background-color: #39a531;\"data-hover-background-color=#2e681f data-hover-border-color=#2e681f data-hover-color=#ffffff>Contactez nous<\/a><\/div><\/div><\/div><\/div>[\/vc_column][\/vc_row]<\/p>\n","protected":false},"excerpt":{"rendered":"<p>[vc_row css_animation=\u00a0\u00bb\u00a0\u00bb row_type=\u00a0\u00bbrow\u00a0\u00bb use_row_as_full_screen_section=\u00a0\u00bbno\u00a0\u00bb type=\u00a0\u00bbgrid\u00a0\u00bb angled_section=\u00a0\u00bbno\u00a0\u00bb text_align=\u00a0\u00bbleft\u00a0\u00bb background_image_as_pattern=\u00a0\u00bbwithout_pattern\u00a0\u00bb padding_top=\u00a0\u00bb115&Prime; padding_bottom=\u00a0\u00bb83&Prime; z_index=\u00a0\u00bb\u00a0\u00bb css=\u00a0\u00bb.vc_custom_1517922176787{background-color: #ffffff !important;}\u00a0\u00bb][vc_column css_animation=\u00a0\u00bbrollIn\u00a0\u00bb offset=\u00a0\u00bbvc_col-md-4&Prime;][vc_video link=\u00a0\u00bbhttps:\/\/youtu.be\/EOj9fPayfck\u00a0\u00bb el_aspect=\u00a0\u00bb43&Prime; css_animation=\u00a0\u00bbbounceIn\u00a0\u00bb][vc_empty_space height=\u00a0\u00bb30px\u00a0\u00bb][vc_column_text] Nouveau: HPLC MQ 3000 MEDCONN [\/vc_column_text][vc_empty_space height=\u00a0\u00bb18px\u00a0\u00bb][vc_column_text] Sp\u00e9cifications techniques de l&rsquo;appareil: &#8211; 18 \u00e9chantillons\/ Routeur &#8211; Temps du test &lt; 120S\/Test &#8211; S\u00e9paration des fractions&#8230;<\/p>\n","protected":false},"author":115,"featured_media":0,"parent":0,"menu_order":0,"comment_status":"closed","ping_status":"closed","template":"full_width.php","meta":{"footnotes":""},"class_list":["post-258","page","type-page","status-publish","hentry"],"_links":{"self":[{"href":"https:\/\/www.biotop-tunisie.com\/index.php?rest_route=\/wp\/v2\/pages\/258","targetHints":{"allow":["GET"]}}],"collection":[{"href":"https:\/\/www.biotop-tunisie.com\/index.php?rest_route=\/wp\/v2\/pages"}],"about":[{"href":"https:\/\/www.biotop-tunisie.com\/index.php?rest_route=\/wp\/v2\/types\/page"}],"author":[{"embeddable":true,"href":"https:\/\/www.biotop-tunisie.com\/index.php?rest_route=\/wp\/v2\/users\/115"}],"replies":[{"embeddable":true,"href":"https:\/\/www.biotop-tunisie.com\/index.php?rest_route=%2Fwp%2Fv2%2Fcomments&post=258"}],"version-history":[{"count":25,"href":"https:\/\/www.biotop-tunisie.com\/index.php?rest_route=\/wp\/v2\/pages\/258\/revisions"}],"predecessor-version":[{"id":2437,"href":"https:\/\/www.biotop-tunisie.com\/index.php?rest_route=\/wp\/v2\/pages\/258\/revisions\/2437"}],"wp:attachment":[{"href":"https:\/\/www.biotop-tunisie.com\/index.php?rest_route=%2Fwp%2Fv2%2Fmedia&parent=258"}],"curies":[{"name":"wp","href":"https:\/\/api.w.org\/{rel}","templated":true}]}}