{"id":748,"date":"2020-06-04T14:41:04","date_gmt":"2020-06-04T12:41:04","guid":{"rendered":"https:\/\/hosting.smarty.ovh\/biotopsarl.com\/?page_id=748"},"modified":"2020-06-04T14:41:04","modified_gmt":"2020-06-04T12:41:04","slug":"reactifs-ichroma-ii","status":"publish","type":"page","link":"https:\/\/www.biotop-tunisie.com\/?page_id=748","title":{"rendered":"R\u00e9actifs Ichroma II"},"content":{"rendered":"<p>[vc_row css_animation=\u00a0\u00bb\u00a0\u00bb row_type=\u00a0\u00bbrow\u00a0\u00bb use_row_as_full_screen_section=\u00a0\u00bbno\u00a0\u00bb type=\u00a0\u00bbfull_width\u00a0\u00bb angled_section=\u00a0\u00bbno\u00a0\u00bb text_align=\u00a0\u00bbcenter\u00a0\u00bb background_image_as_pattern=\u00a0\u00bbwithout_pattern\u00a0\u00bb css=\u00a0\u00bb.vc_custom_1591269880471{padding-top: 40px !important;padding-right: 40px !important;padding-bottom: 10px !important;padding-left: 40px !important;}\u00a0\u00bb z_index=\u00a0\u00bb\u00a0\u00bb][vc_column width=\u00a0\u00bb1\/4&Prime;]<div class=\"woocommerce columns-4\"><ul class=\"products\"><li class=\"product-category product first\">\n\t<a aria-label=\"Acc\u00e9der \u00e0 la cat\u00e9gorie de produits Cardiaque\" href=\"https:\/\/www.biotop-tunisie.com\/?product_cat=cardiaque-reactif-ichroma-ii\"><img loading=\"lazy\" decoding=\"async\" src=\"https:\/\/www.biotop-tunisie.com\/wp-content\/uploads\/2021\/01\/cardiac-3-300x300.png\" alt=\"Cardiaque\" width=\"300\" height=\"300\" srcset=\"https:\/\/www.biotop-tunisie.com\/wp-content\/uploads\/2021\/01\/cardiac-3-300x300.png 300w, https:\/\/www.biotop-tunisie.com\/wp-content\/uploads\/2021\/01\/cardiac-3-150x150.png 150w, https:\/\/www.biotop-tunisie.com\/wp-content\/uploads\/2021\/01\/cardiac-3-570x570.png 570w, https:\/\/www.biotop-tunisie.com\/wp-content\/uploads\/2021\/01\/cardiac-3-500x500.png 500w, https:\/\/www.biotop-tunisie.com\/wp-content\/uploads\/2021\/01\/cardiac-3-1000x1000.png 1000w, https:\/\/www.biotop-tunisie.com\/wp-content\/uploads\/2021\/01\/cardiac-3-100x100.png 100w\" sizes=\"auto, (max-width: 300px) 100vw, 300px\" \/>\t\t<h2 class=\"woocommerce-loop-category__title\">\n\t\t\tCardiaque <mark class=\"count\">(3)<\/mark>\t\t<\/h2>\n\t\t<\/a><\/li>\n<\/ul>\n<\/div>[\/vc_column][vc_column width=\u00a0\u00bb1\/4&Prime;]<div class=\"woocommerce columns-4\"><ul class=\"products\"><li class=\"product-category product first\">\n\t<a aria-label=\"Acc\u00e9der \u00e0 la cat\u00e9gorie de produits Diab\u00e8tes\" href=\"https:\/\/www.biotop-tunisie.com\/?product_cat=diabetes-reactif-ichroma-ii\"><img loading=\"lazy\" decoding=\"async\" src=\"https:\/\/www.biotop-tunisie.com\/wp-content\/uploads\/2021\/01\/diabetes-300x300.png\" alt=\"Diab\u00e8tes\" width=\"300\" height=\"300\" srcset=\"https:\/\/www.biotop-tunisie.com\/wp-content\/uploads\/2021\/01\/diabetes-300x300.png 300w, https:\/\/www.biotop-tunisie.com\/wp-content\/uploads\/2021\/01\/diabetes-150x150.png 150w, https:\/\/www.biotop-tunisie.com\/wp-content\/uploads\/2021\/01\/diabetes-570x570.png 570w, https:\/\/www.biotop-tunisie.com\/wp-content\/uploads\/2021\/01\/diabetes-500x500.png 500w, https:\/\/www.biotop-tunisie.com\/wp-content\/uploads\/2021\/01\/diabetes-1000x1000.png 1000w, https:\/\/www.biotop-tunisie.com\/wp-content\/uploads\/2021\/01\/diabetes-100x100.png 100w\" sizes=\"auto, (max-width: 300px) 100vw, 300px\" \/>\t\t<h2 class=\"woocommerce-loop-category__title\">\n\t\t\tDiab\u00e8tes <mark class=\"count\">(4)<\/mark>\t\t<\/h2>\n\t\t<\/a><\/li>\n<\/ul>\n<\/div>[\/vc_column][vc_column width=\u00a0\u00bb1\/4&Prime;]<div class=\"woocommerce columns-4\"><ul class=\"products\"><li class=\"product-category product first\">\n\t<a aria-label=\"Acc\u00e9der \u00e0 la cat\u00e9gorie de produits Cancer\" href=\"https:\/\/www.biotop-tunisie.com\/?product_cat=cancer-reactif-ichroma-ii\"><img loading=\"lazy\" decoding=\"async\" src=\"https:\/\/www.biotop-tunisie.com\/wp-content\/uploads\/2021\/01\/Tumor-300x300.png\" alt=\"Cancer\" width=\"300\" height=\"300\" srcset=\"https:\/\/www.biotop-tunisie.com\/wp-content\/uploads\/2021\/01\/Tumor-300x300.png 300w, https:\/\/www.biotop-tunisie.com\/wp-content\/uploads\/2021\/01\/Tumor-150x150.png 150w, https:\/\/www.biotop-tunisie.com\/wp-content\/uploads\/2021\/01\/Tumor-570x570.png 570w, https:\/\/www.biotop-tunisie.com\/wp-content\/uploads\/2021\/01\/Tumor-500x500.png 500w, https:\/\/www.biotop-tunisie.com\/wp-content\/uploads\/2021\/01\/Tumor-1000x1000.png 1000w, https:\/\/www.biotop-tunisie.com\/wp-content\/uploads\/2021\/01\/Tumor-100x100.png 100w\" sizes=\"auto, (max-width: 300px) 100vw, 300px\" \/>\t\t<h2 class=\"woocommerce-loop-category__title\">\n\t\t\tCancer <mark class=\"count\">(6)<\/mark>\t\t<\/h2>\n\t\t<\/a><\/li>\n<\/ul>\n<\/div>[\/vc_column][vc_column width=\u00a0\u00bb1\/4&Prime;]<div class=\"woocommerce columns-4\"><ul class=\"products\"><li class=\"product-category product first\">\n\t<a aria-label=\"Acc\u00e9der \u00e0 la cat\u00e9gorie de produits Hormones\" href=\"https:\/\/www.biotop-tunisie.com\/?product_cat=hormones-reactif-ichroma-ii\"><img loading=\"lazy\" decoding=\"async\" src=\"https:\/\/www.biotop-tunisie.com\/wp-content\/uploads\/2021\/01\/hormone-300x300.png\" alt=\"Hormones\" width=\"300\" height=\"300\" srcset=\"https:\/\/www.biotop-tunisie.com\/wp-content\/uploads\/2021\/01\/hormone-300x300.png 300w, https:\/\/www.biotop-tunisie.com\/wp-content\/uploads\/2021\/01\/hormone-150x150.png 150w, https:\/\/www.biotop-tunisie.com\/wp-content\/uploads\/2021\/01\/hormone-570x570.png 570w, https:\/\/www.biotop-tunisie.com\/wp-content\/uploads\/2021\/01\/hormone-500x500.png 500w, https:\/\/www.biotop-tunisie.com\/wp-content\/uploads\/2021\/01\/hormone-1000x1000.png 1000w, https:\/\/www.biotop-tunisie.com\/wp-content\/uploads\/2021\/01\/hormone-100x100.png 100w\" sizes=\"auto, (max-width: 300px) 100vw, 300px\" \/>\t\t<h2 class=\"woocommerce-loop-category__title\">\n\t\t\tHormones <mark class=\"count\">(10)<\/mark>\t\t<\/h2>\n\t\t<\/a><\/li>\n<\/ul>\n<\/div>[\/vc_column][\/vc_row][vc_row css_animation=\u00a0\u00bb\u00a0\u00bb row_type=\u00a0\u00bbrow\u00a0\u00bb use_row_as_full_screen_section=\u00a0\u00bbno\u00a0\u00bb type=\u00a0\u00bbfull_width\u00a0\u00bb angled_section=\u00a0\u00bbno\u00a0\u00bb text_align=\u00a0\u00bbcenter\u00a0\u00bb background_image_as_pattern=\u00a0\u00bbwithout_pattern\u00a0\u00bb css=\u00a0\u00bb.vc_custom_1591269894683{padding-top: 10px !important;padding-right: 40px !important;padding-bottom: 40px !important;padding-left: 40px !important;}\u00a0\u00bb z_index=\u00a0\u00bb\u00a0\u00bb][vc_column width=\u00a0\u00bb1\/4&Prime;]<div class=\"woocommerce columns-4\"><ul class=\"products\"><li class=\"product-category product first\">\n\t<a aria-label=\"Acc\u00e9der \u00e0 la cat\u00e9gorie de produits Infection\" href=\"https:\/\/www.biotop-tunisie.com\/?product_cat=infection-reactif-ichroma-ii\"><img loading=\"lazy\" decoding=\"async\" src=\"https:\/\/www.biotop-tunisie.com\/wp-content\/uploads\/2021\/01\/infection-300x300.png\" alt=\"Infection\" width=\"300\" height=\"300\" srcset=\"https:\/\/www.biotop-tunisie.com\/wp-content\/uploads\/2021\/01\/infection-300x300.png 300w, https:\/\/www.biotop-tunisie.com\/wp-content\/uploads\/2021\/01\/infection-150x150.png 150w, https:\/\/www.biotop-tunisie.com\/wp-content\/uploads\/2021\/01\/infection-570x570.png 570w, https:\/\/www.biotop-tunisie.com\/wp-content\/uploads\/2021\/01\/infection-500x500.png 500w, https:\/\/www.biotop-tunisie.com\/wp-content\/uploads\/2021\/01\/infection-1000x1000.png 1000w, https:\/\/www.biotop-tunisie.com\/wp-content\/uploads\/2021\/01\/infection-100x100.png 100w\" sizes=\"auto, (max-width: 300px) 100vw, 300px\" \/>\t\t<h2 class=\"woocommerce-loop-category__title\">\n\t\t\tInfection <mark class=\"count\">(13)<\/mark>\t\t<\/h2>\n\t\t<\/a><\/li>\n<\/ul>\n<\/div>[\/vc_column][vc_column width=\u00a0\u00bb1\/4&Prime;]<div class=\"woocommerce columns-4\"><ul class=\"products\"><li class=\"product-category product first\">\n\t<a aria-label=\"Acc\u00e9der \u00e0 la cat\u00e9gorie de produits Rhumato\u00efdes Arthrites\" href=\"https:\/\/www.biotop-tunisie.com\/?product_cat=rhumatoidesarthrites-reactif-ichroma-ii\"><img loading=\"lazy\" decoding=\"async\" src=\"https:\/\/www.biotop-tunisie.com\/wp-content\/uploads\/2021\/01\/Rheumatoid-Arthritis-300x300.png\" alt=\"Rhumato\u00efdes Arthrites\" width=\"300\" height=\"300\" srcset=\"https:\/\/www.biotop-tunisie.com\/wp-content\/uploads\/2021\/01\/Rheumatoid-Arthritis-300x300.png 300w, https:\/\/www.biotop-tunisie.com\/wp-content\/uploads\/2021\/01\/Rheumatoid-Arthritis-150x150.png 150w, https:\/\/www.biotop-tunisie.com\/wp-content\/uploads\/2021\/01\/Rheumatoid-Arthritis-570x570.png 570w, https:\/\/www.biotop-tunisie.com\/wp-content\/uploads\/2021\/01\/Rheumatoid-Arthritis-500x500.png 500w, https:\/\/www.biotop-tunisie.com\/wp-content\/uploads\/2021\/01\/Rheumatoid-Arthritis-1000x1000.png 1000w, https:\/\/www.biotop-tunisie.com\/wp-content\/uploads\/2021\/01\/Rheumatoid-Arthritis-100x100.png 100w\" sizes=\"auto, (max-width: 300px) 100vw, 300px\" \/>\t\t<h2 class=\"woocommerce-loop-category__title\">\n\t\t\tRhumato\u00efdes Arthrites <mark class=\"count\">(2)<\/mark>\t\t<\/h2>\n\t\t<\/a><\/li>\n<\/ul>\n<\/div>[\/vc_column][vc_column width=\u00a0\u00bb1\/4&Prime;]<div class=\"woocommerce columns-4\"><ul class=\"products\"><li class=\"product-category product first\">\n\t<a aria-label=\"Acc\u00e9der \u00e0 la cat\u00e9gorie de produits Autres\" href=\"https:\/\/www.biotop-tunisie.com\/?product_cat=autres-reactif-ichroma-ii\"><img loading=\"lazy\" decoding=\"async\" src=\"https:\/\/www.biotop-tunisie.com\/wp-content\/uploads\/2021\/01\/ichroma-300x300.png\" alt=\"Autres\" width=\"300\" height=\"300\" srcset=\"https:\/\/www.biotop-tunisie.com\/wp-content\/uploads\/2021\/01\/ichroma-300x300.png 300w, https:\/\/www.biotop-tunisie.com\/wp-content\/uploads\/2021\/01\/ichroma-150x150.png 150w, https:\/\/www.biotop-tunisie.com\/wp-content\/uploads\/2021\/01\/ichroma-570x570.png 570w, https:\/\/www.biotop-tunisie.com\/wp-content\/uploads\/2021\/01\/ichroma-500x500.png 500w, https:\/\/www.biotop-tunisie.com\/wp-content\/uploads\/2021\/01\/ichroma-1000x1000.png 1000w, https:\/\/www.biotop-tunisie.com\/wp-content\/uploads\/2021\/01\/ichroma-100x100.png 100w\" sizes=\"auto, (max-width: 300px) 100vw, 300px\" \/>\t\t<h2 class=\"woocommerce-loop-category__title\">\n\t\t\tAutres <mark class=\"count\">(5)<\/mark>\t\t<\/h2>\n\t\t<\/a><\/li>\n<\/ul>\n<\/div>[\/vc_column][vc_column width=\u00a0\u00bb1\/4&Prime;][\/vc_column][\/vc_row]<\/p>\n","protected":false},"excerpt":{"rendered":"<p>[vc_row css_animation=\u00a0\u00bb\u00a0\u00bb row_type=\u00a0\u00bbrow\u00a0\u00bb use_row_as_full_screen_section=\u00a0\u00bbno\u00a0\u00bb type=\u00a0\u00bbfull_width\u00a0\u00bb angled_section=\u00a0\u00bbno\u00a0\u00bb text_align=\u00a0\u00bbcenter\u00a0\u00bb background_image_as_pattern=\u00a0\u00bbwithout_pattern\u00a0\u00bb css=\u00a0\u00bb.vc_custom_1591269880471{padding-top: 40px !important;padding-right: 40px !important;padding-bottom: 10px !important;padding-left: 40px !important;}\u00a0\u00bb z_index=\u00a0\u00bb\u00a0\u00bb][vc_column width=\u00a0\u00bb1\/4&Prime;][\/vc_column][vc_column width=\u00a0\u00bb1\/4&Prime;][\/vc_column][vc_column width=\u00a0\u00bb1\/4&Prime;][\/vc_column][vc_column width=\u00a0\u00bb1\/4&Prime;][\/vc_column][\/vc_row][vc_row css_animation=\u00a0\u00bb\u00a0\u00bb row_type=\u00a0\u00bbrow\u00a0\u00bb use_row_as_full_screen_section=\u00a0\u00bbno\u00a0\u00bb type=\u00a0\u00bbfull_width\u00a0\u00bb angled_section=\u00a0\u00bbno\u00a0\u00bb text_align=\u00a0\u00bbcenter\u00a0\u00bb background_image_as_pattern=\u00a0\u00bbwithout_pattern\u00a0\u00bb css=\u00a0\u00bb.vc_custom_1591269894683{padding-top: 10px !important;padding-right: 40px !important;padding-bottom: 40px !important;padding-left: 40px !important;}\u00a0\u00bb z_index=\u00a0\u00bb\u00a0\u00bb][vc_column width=\u00a0\u00bb1\/4&Prime;][\/vc_column][vc_column width=\u00a0\u00bb1\/4&Prime;][\/vc_column][vc_column width=\u00a0\u00bb1\/4&Prime;][\/vc_column][vc_column width=\u00a0\u00bb1\/4&Prime;][\/vc_column][\/vc_row]<\/p>\n","protected":false},"author":115,"featured_media":0,"parent":0,"menu_order":0,"comment_status":"closed","ping_status":"closed","template":"full_width.php","meta":{"footnotes":""},"class_list":["post-748","page","type-page","status-publish","hentry"],"_links":{"self":[{"href":"https:\/\/www.biotop-tunisie.com\/index.php?rest_route=\/wp\/v2\/pages\/748","targetHints":{"allow":["GET"]}}],"collection":[{"href":"https:\/\/www.biotop-tunisie.com\/index.php?rest_route=\/wp\/v2\/pages"}],"about":[{"href":"https:\/\/www.biotop-tunisie.com\/index.php?rest_route=\/wp\/v2\/types\/page"}],"author":[{"embeddable":true,"href":"https:\/\/www.biotop-tunisie.com\/index.php?rest_route=\/wp\/v2\/users\/115"}],"replies":[{"embeddable":true,"href":"https:\/\/www.biotop-tunisie.com\/index.php?rest_route=%2Fwp%2Fv2%2Fcomments&post=748"}],"version-history":[{"count":2,"href":"https:\/\/www.biotop-tunisie.com\/index.php?rest_route=\/wp\/v2\/pages\/748\/revisions"}],"predecessor-version":[{"id":2275,"href":"https:\/\/www.biotop-tunisie.com\/index.php?rest_route=\/wp\/v2\/pages\/748\/revisions\/2275"}],"wp:attachment":[{"href":"https:\/\/www.biotop-tunisie.com\/index.php?rest_route=%2Fwp%2Fv2%2Fmedia&parent=748"}],"curies":[{"name":"wp","href":"https:\/\/api.w.org\/{rel}","templated":true}]}}