{"id":755,"date":"2020-06-04T15:08:15","date_gmt":"2020-06-04T13:08:15","guid":{"rendered":"https:\/\/hosting.smarty.ovh\/biotopsarl.com\/?page_id=755"},"modified":"2020-06-04T15:17:37","modified_gmt":"2020-06-04T13:17:37","slug":"elisa-reactifs","status":"publish","type":"page","link":"https:\/\/www.biotop-tunisie.com\/?page_id=755","title":{"rendered":"ELISA r\u00e9actifs"},"content":{"rendered":"<p>[vc_row css_animation=\u00a0\u00bb\u00a0\u00bb row_type=\u00a0\u00bbrow\u00a0\u00bb use_row_as_full_screen_section=\u00a0\u00bbno\u00a0\u00bb type=\u00a0\u00bbfull_width\u00a0\u00bb angled_section=\u00a0\u00bbno\u00a0\u00bb text_align=\u00a0\u00bbcenter\u00a0\u00bb background_image_as_pattern=\u00a0\u00bbwithout_pattern\u00a0\u00bb css=\u00a0\u00bb.vc_custom_1591269880471{padding-top: 40px !important;padding-right: 40px !important;padding-bottom: 10px !important;padding-left: 40px !important;}\u00a0\u00bb z_index=\u00a0\u00bb\u00a0\u00bb][vc_column width=\u00a0\u00bb1\/4&Prime;]<div class=\"woocommerce columns-4\"><ul class=\"products\"><li class=\"product-category product first\">\n\t<a aria-label=\"Acc\u00e9der \u00e0 la cat\u00e9gorie de produits Infectieux\" href=\"https:\/\/www.biotop-tunisie.com\/?product_cat=infectieux-reactif-elisa\"><img loading=\"lazy\" decoding=\"async\" src=\"https:\/\/www.biotop-tunisie.com\/wp-content\/uploads\/2021\/01\/ELISA-2-300x300.png\" alt=\"Infectieux\" width=\"300\" height=\"300\" srcset=\"https:\/\/www.biotop-tunisie.com\/wp-content\/uploads\/2021\/01\/ELISA-2-300x300.png 300w, https:\/\/www.biotop-tunisie.com\/wp-content\/uploads\/2021\/01\/ELISA-2-150x150.png 150w, https:\/\/www.biotop-tunisie.com\/wp-content\/uploads\/2021\/01\/ELISA-2-570x570.png 570w, https:\/\/www.biotop-tunisie.com\/wp-content\/uploads\/2021\/01\/ELISA-2-500x500.png 500w, https:\/\/www.biotop-tunisie.com\/wp-content\/uploads\/2021\/01\/ELISA-2-100x100.png 100w\" sizes=\"auto, (max-width: 300px) 100vw, 300px\" \/>\t\t<h2 class=\"woocommerce-loop-category__title\">\n\t\t\tInfectieux <mark class=\"count\">(2)<\/mark>\t\t<\/h2>\n\t\t<\/a><\/li>\n<\/ul>\n<\/div>[\/vc_column][vc_column width=\u00a0\u00bb1\/4&Prime;]<div class=\"woocommerce columns-4\"><ul class=\"products\"><li class=\"product-category product first\">\n\t<a aria-label=\"Acc\u00e9der \u00e0 la cat\u00e9gorie de produits H\u00e9patites\" href=\"https:\/\/www.biotop-tunisie.com\/?product_cat=hepatites-reactif-elisa\"><img loading=\"lazy\" decoding=\"async\" src=\"https:\/\/www.biotop-tunisie.com\/wp-content\/uploads\/2021\/01\/ELISA-2-300x300.png\" alt=\"H\u00e9patites\" width=\"300\" height=\"300\" srcset=\"https:\/\/www.biotop-tunisie.com\/wp-content\/uploads\/2021\/01\/ELISA-2-300x300.png 300w, https:\/\/www.biotop-tunisie.com\/wp-content\/uploads\/2021\/01\/ELISA-2-150x150.png 150w, https:\/\/www.biotop-tunisie.com\/wp-content\/uploads\/2021\/01\/ELISA-2-570x570.png 570w, https:\/\/www.biotop-tunisie.com\/wp-content\/uploads\/2021\/01\/ELISA-2-500x500.png 500w, https:\/\/www.biotop-tunisie.com\/wp-content\/uploads\/2021\/01\/ELISA-2-100x100.png 100w\" sizes=\"auto, (max-width: 300px) 100vw, 300px\" \/>\t\t<h2 class=\"woocommerce-loop-category__title\">\n\t\t\tH\u00e9patites <mark class=\"count\">(8)<\/mark>\t\t<\/h2>\n\t\t<\/a><\/li>\n<\/ul>\n<\/div>[\/vc_column][vc_column width=\u00a0\u00bb1\/4&Prime;]<div class=\"woocommerce columns-4\"><ul class=\"products\"><li class=\"product-category product first\">\n\t<a aria-label=\"Acc\u00e9der \u00e0 la cat\u00e9gorie de produits Bacteriologie\" href=\"https:\/\/www.biotop-tunisie.com\/?product_cat=bacteriologie-reactif-elisa\"><img loading=\"lazy\" decoding=\"async\" src=\"https:\/\/www.biotop-tunisie.com\/wp-content\/uploads\/2021\/01\/ELISA-2-300x300.png\" alt=\"Bacteriologie\" width=\"300\" height=\"300\" srcset=\"https:\/\/www.biotop-tunisie.com\/wp-content\/uploads\/2021\/01\/ELISA-2-300x300.png 300w, https:\/\/www.biotop-tunisie.com\/wp-content\/uploads\/2021\/01\/ELISA-2-150x150.png 150w, https:\/\/www.biotop-tunisie.com\/wp-content\/uploads\/2021\/01\/ELISA-2-570x570.png 570w, https:\/\/www.biotop-tunisie.com\/wp-content\/uploads\/2021\/01\/ELISA-2-500x500.png 500w, https:\/\/www.biotop-tunisie.com\/wp-content\/uploads\/2021\/01\/ELISA-2-100x100.png 100w\" sizes=\"auto, (max-width: 300px) 100vw, 300px\" \/>\t\t<h2 class=\"woocommerce-loop-category__title\">\n\t\t\tBacteriologie <mark class=\"count\">(3)<\/mark>\t\t<\/h2>\n\t\t<\/a><\/li>\n<\/ul>\n<\/div>[\/vc_column][vc_column width=\u00a0\u00bb1\/4&Prime;]<div class=\"woocommerce columns-4\"><ul class=\"products\"><li class=\"product-category product first\">\n\t<a aria-label=\"Acc\u00e9der \u00e0 la cat\u00e9gorie de produits Parasitologie\" href=\"https:\/\/www.biotop-tunisie.com\/?product_cat=parasitologie-reactif-elisa\"><img loading=\"lazy\" decoding=\"async\" src=\"https:\/\/www.biotop-tunisie.com\/wp-content\/uploads\/2021\/01\/ELISA-2-300x300.png\" alt=\"Parasitologie\" width=\"300\" height=\"300\" srcset=\"https:\/\/www.biotop-tunisie.com\/wp-content\/uploads\/2021\/01\/ELISA-2-300x300.png 300w, https:\/\/www.biotop-tunisie.com\/wp-content\/uploads\/2021\/01\/ELISA-2-150x150.png 150w, https:\/\/www.biotop-tunisie.com\/wp-content\/uploads\/2021\/01\/ELISA-2-570x570.png 570w, https:\/\/www.biotop-tunisie.com\/wp-content\/uploads\/2021\/01\/ELISA-2-500x500.png 500w, https:\/\/www.biotop-tunisie.com\/wp-content\/uploads\/2021\/01\/ELISA-2-100x100.png 100w\" sizes=\"auto, (max-width: 300px) 100vw, 300px\" \/>\t\t<h2 class=\"woocommerce-loop-category__title\">\n\t\t\tParasitologie <mark class=\"count\">(2)<\/mark>\t\t<\/h2>\n\t\t<\/a><\/li>\n<\/ul>\n<\/div>[\/vc_column][\/vc_row][vc_row css_animation=\u00a0\u00bb\u00a0\u00bb row_type=\u00a0\u00bbrow\u00a0\u00bb use_row_as_full_screen_section=\u00a0\u00bbno\u00a0\u00bb type=\u00a0\u00bbfull_width\u00a0\u00bb angled_section=\u00a0\u00bbno\u00a0\u00bb text_align=\u00a0\u00bbcenter\u00a0\u00bb background_image_as_pattern=\u00a0\u00bbwithout_pattern\u00a0\u00bb css=\u00a0\u00bb.vc_custom_1591269894683{padding-top: 10px !important;padding-right: 40px !important;padding-bottom: 40px !important;padding-left: 40px !important;}\u00a0\u00bb z_index=\u00a0\u00bb\u00a0\u00bb][vc_column width=\u00a0\u00bb1\/4&Prime;]<div class=\"woocommerce columns-4\"><ul class=\"products\"><li class=\"product-category product first\">\n\t<a aria-label=\"Acc\u00e9der \u00e0 la cat\u00e9gorie de produits Hormones et marqueurs st\u00e9ro\u00efdiens\" href=\"https:\/\/www.biotop-tunisie.com\/?product_cat=hormones-et-marqueurs-steroidiens-reactif-elisa\"><img loading=\"lazy\" decoding=\"async\" src=\"https:\/\/www.biotop-tunisie.com\/wp-content\/uploads\/2021\/01\/ELISA-2-300x300.png\" alt=\"Hormones et marqueurs st\u00e9ro\u00efdiens\" width=\"300\" height=\"300\" srcset=\"https:\/\/www.biotop-tunisie.com\/wp-content\/uploads\/2021\/01\/ELISA-2-300x300.png 300w, https:\/\/www.biotop-tunisie.com\/wp-content\/uploads\/2021\/01\/ELISA-2-150x150.png 150w, https:\/\/www.biotop-tunisie.com\/wp-content\/uploads\/2021\/01\/ELISA-2-570x570.png 570w, https:\/\/www.biotop-tunisie.com\/wp-content\/uploads\/2021\/01\/ELISA-2-500x500.png 500w, https:\/\/www.biotop-tunisie.com\/wp-content\/uploads\/2021\/01\/ELISA-2-100x100.png 100w\" sizes=\"auto, (max-width: 300px) 100vw, 300px\" \/>\t\t<h2 class=\"woocommerce-loop-category__title\">\n\t\t\tHormones et marqueurs st\u00e9ro\u00efdiens <mark class=\"count\">(4)<\/mark>\t\t<\/h2>\n\t\t<\/a><\/li>\n<\/ul>\n<\/div>[\/vc_column][vc_column width=\u00a0\u00bb1\/4&Prime;]<div class=\"woocommerce columns-4\"><ul class=\"products\"><li class=\"product-category product first\">\n\t<a aria-label=\"Acc\u00e9der \u00e0 la cat\u00e9gorie de produits Auto-immunit\u00e9\" href=\"https:\/\/www.biotop-tunisie.com\/?product_cat=auto-immunite-reactif-elisa\"><img loading=\"lazy\" decoding=\"async\" src=\"https:\/\/www.biotop-tunisie.com\/wp-content\/uploads\/2021\/01\/ELISA-2-300x300.png\" alt=\"Auto-immunit\u00e9\" width=\"300\" height=\"300\" srcset=\"https:\/\/www.biotop-tunisie.com\/wp-content\/uploads\/2021\/01\/ELISA-2-300x300.png 300w, https:\/\/www.biotop-tunisie.com\/wp-content\/uploads\/2021\/01\/ELISA-2-150x150.png 150w, https:\/\/www.biotop-tunisie.com\/wp-content\/uploads\/2021\/01\/ELISA-2-570x570.png 570w, https:\/\/www.biotop-tunisie.com\/wp-content\/uploads\/2021\/01\/ELISA-2-500x500.png 500w, https:\/\/www.biotop-tunisie.com\/wp-content\/uploads\/2021\/01\/ELISA-2-100x100.png 100w\" sizes=\"auto, (max-width: 300px) 100vw, 300px\" \/>\t\t<h2 class=\"woocommerce-loop-category__title\">\n\t\t\tAuto-immunit\u00e9 <mark class=\"count\">(3)<\/mark>\t\t<\/h2>\n\t\t<\/a><\/li>\n<\/ul>\n<\/div>[\/vc_column][vc_column width=\u00a0\u00bb1\/4&Prime;]<div class=\"woocommerce columns-4\"><ul class=\"products\"><li class=\"product-category product first\">\n\t<a aria-label=\"Acc\u00e9der \u00e0 la cat\u00e9gorie de produits Allerg\u00e8nes\" href=\"https:\/\/www.biotop-tunisie.com\/?product_cat=allergenes-reactif-elisa\"><img loading=\"lazy\" decoding=\"async\" src=\"https:\/\/www.biotop-tunisie.com\/wp-content\/uploads\/2021\/01\/ELISA-2-300x300.png\" alt=\"Allerg\u00e8nes\" width=\"300\" height=\"300\" srcset=\"https:\/\/www.biotop-tunisie.com\/wp-content\/uploads\/2021\/01\/ELISA-2-300x300.png 300w, https:\/\/www.biotop-tunisie.com\/wp-content\/uploads\/2021\/01\/ELISA-2-150x150.png 150w, https:\/\/www.biotop-tunisie.com\/wp-content\/uploads\/2021\/01\/ELISA-2-570x570.png 570w, https:\/\/www.biotop-tunisie.com\/wp-content\/uploads\/2021\/01\/ELISA-2-500x500.png 500w, https:\/\/www.biotop-tunisie.com\/wp-content\/uploads\/2021\/01\/ELISA-2-100x100.png 100w\" sizes=\"auto, (max-width: 300px) 100vw, 300px\" \/>\t\t<h2 class=\"woocommerce-loop-category__title\">\n\t\t\tAllerg\u00e8nes <mark class=\"count\">(3)<\/mark>\t\t<\/h2>\n\t\t<\/a><\/li>\n<\/ul>\n<\/div>[\/vc_column][vc_column width=\u00a0\u00bb1\/4&Prime;]<div class=\"woocommerce columns-4\"><ul class=\"products\"><li class=\"product-category product first\">\n\t<a aria-label=\"Acc\u00e9der \u00e0 la cat\u00e9gorie de produits Autres\" href=\"https:\/\/www.biotop-tunisie.com\/?product_cat=autres-reacitfs-elisa\"><img loading=\"lazy\" decoding=\"async\" src=\"https:\/\/www.biotop-tunisie.com\/wp-content\/uploads\/2021\/01\/ELISA-2-300x300.png\" alt=\"Autres\" width=\"300\" height=\"300\" srcset=\"https:\/\/www.biotop-tunisie.com\/wp-content\/uploads\/2021\/01\/ELISA-2-300x300.png 300w, https:\/\/www.biotop-tunisie.com\/wp-content\/uploads\/2021\/01\/ELISA-2-150x150.png 150w, https:\/\/www.biotop-tunisie.com\/wp-content\/uploads\/2021\/01\/ELISA-2-570x570.png 570w, https:\/\/www.biotop-tunisie.com\/wp-content\/uploads\/2021\/01\/ELISA-2-500x500.png 500w, https:\/\/www.biotop-tunisie.com\/wp-content\/uploads\/2021\/01\/ELISA-2-100x100.png 100w\" sizes=\"auto, (max-width: 300px) 100vw, 300px\" \/>\t\t<h2 class=\"woocommerce-loop-category__title\">\n\t\t\tAutres <mark class=\"count\">(1)<\/mark>\t\t<\/h2>\n\t\t<\/a><\/li>\n<\/ul>\n<\/div>[\/vc_column][\/vc_row]<\/p>\n","protected":false},"excerpt":{"rendered":"<p>[vc_row css_animation=\u00a0\u00bb\u00a0\u00bb row_type=\u00a0\u00bbrow\u00a0\u00bb use_row_as_full_screen_section=\u00a0\u00bbno\u00a0\u00bb type=\u00a0\u00bbfull_width\u00a0\u00bb angled_section=\u00a0\u00bbno\u00a0\u00bb text_align=\u00a0\u00bbcenter\u00a0\u00bb background_image_as_pattern=\u00a0\u00bbwithout_pattern\u00a0\u00bb css=\u00a0\u00bb.vc_custom_1591269880471{padding-top: 40px !important;padding-right: 40px !important;padding-bottom: 10px !important;padding-left: 40px !important;}\u00a0\u00bb z_index=\u00a0\u00bb\u00a0\u00bb][vc_column width=\u00a0\u00bb1\/4&Prime;][\/vc_column][vc_column width=\u00a0\u00bb1\/4&Prime;][\/vc_column][vc_column width=\u00a0\u00bb1\/4&Prime;][\/vc_column][vc_column width=\u00a0\u00bb1\/4&Prime;][\/vc_column][\/vc_row][vc_row css_animation=\u00a0\u00bb\u00a0\u00bb row_type=\u00a0\u00bbrow\u00a0\u00bb use_row_as_full_screen_section=\u00a0\u00bbno\u00a0\u00bb type=\u00a0\u00bbfull_width\u00a0\u00bb angled_section=\u00a0\u00bbno\u00a0\u00bb text_align=\u00a0\u00bbcenter\u00a0\u00bb background_image_as_pattern=\u00a0\u00bbwithout_pattern\u00a0\u00bb css=\u00a0\u00bb.vc_custom_1591269894683{padding-top: 10px !important;padding-right: 40px !important;padding-bottom: 40px !important;padding-left: 40px !important;}\u00a0\u00bb z_index=\u00a0\u00bb\u00a0\u00bb][vc_column width=\u00a0\u00bb1\/4&Prime;][\/vc_column][vc_column width=\u00a0\u00bb1\/4&Prime;][\/vc_column][vc_column width=\u00a0\u00bb1\/4&Prime;][\/vc_column][vc_column width=\u00a0\u00bb1\/4&Prime;][\/vc_column][\/vc_row]<\/p>\n","protected":false},"author":115,"featured_media":0,"parent":0,"menu_order":0,"comment_status":"closed","ping_status":"closed","template":"full_width.php","meta":{"footnotes":""},"class_list":["post-755","page","type-page","status-publish","hentry"],"_links":{"self":[{"href":"https:\/\/www.biotop-tunisie.com\/index.php?rest_route=\/wp\/v2\/pages\/755","targetHints":{"allow":["GET"]}}],"collection":[{"href":"https:\/\/www.biotop-tunisie.com\/index.php?rest_route=\/wp\/v2\/pages"}],"about":[{"href":"https:\/\/www.biotop-tunisie.com\/index.php?rest_route=\/wp\/v2\/types\/page"}],"author":[{"embeddable":true,"href":"https:\/\/www.biotop-tunisie.com\/index.php?rest_route=\/wp\/v2\/users\/115"}],"replies":[{"embeddable":true,"href":"https:\/\/www.biotop-tunisie.com\/index.php?rest_route=%2Fwp%2Fv2%2Fcomments&post=755"}],"version-history":[{"count":2,"href":"https:\/\/www.biotop-tunisie.com\/index.php?rest_route=\/wp\/v2\/pages\/755\/revisions"}],"predecessor-version":[{"id":757,"href":"https:\/\/www.biotop-tunisie.com\/index.php?rest_route=\/wp\/v2\/pages\/755\/revisions\/757"}],"wp:attachment":[{"href":"https:\/\/www.biotop-tunisie.com\/index.php?rest_route=%2Fwp%2Fv2%2Fmedia&parent=755"}],"curies":[{"name":"wp","href":"https:\/\/api.w.org\/{rel}","templated":true}]}}