{"id":1589,"date":"2020-10-05T11:37:42","date_gmt":"2020-10-05T09:37:42","guid":{"rendered":"https:\/\/biotopsarl-tunisie.com\/?post_type=product&#038;p=1589"},"modified":"2020-10-28T16:58:01","modified_gmt":"2020-10-28T15:58:01","slug":"anti-ccp-3","status":"publish","type":"product","link":"https:\/\/www.biotop-tunisie.com\/?product=anti-ccp-3","title":{"rendered":"Anti-CCP"},"content":{"rendered":"","protected":false},"excerpt":{"rendered":"<p>La polyarthrite rhumato\u00efde (PR) est une maladie auto-immune syst\u00e9mique courante qui affecte 0,5 \u00e0 1,0% de la population mondiale. La PR est caract\u00e9ris\u00e9e par une inflammation chronique de la synoviale qui peut entra\u00eener une destruction articulaire progressive, une invalidit\u00e9 et une mortalit\u00e9.<\/p>\n<p>Un test anti-CCP est capable de d\u00e9tecter les auto-anticorps contre les prot\u00e9ines citrullin\u00e9es qui ont une sensibilit\u00e9 relativement \u00e9lev\u00e9e pour la polyarthrite rhumato\u00efde et une sp\u00e9cificit\u00e9 extr\u00eamement \u00e9lev\u00e9e (environ 90%).<\/p>\n<p>Sa grande sp\u00e9cificit\u00e9 explique pourquoi le test anti-CCP est devenu une partie importante du processus de diagnostic de la PR.<\/p>\n<p><strong>Type d&rsquo;\u00e9chantillon<\/strong>: sang total, s\u00e9rum, plasma<\/p>\n<p><strong>Lin\u00e9arit\u00e9<\/strong>: 3,2- 300 U\/mL<\/p>\n<p><strong class=\"marque_class\">Marque :<\/strong> Boditech<\/p>\n<p><code>[UAS_loggedin hint=\"\" ex=\"\"]<\/code><\/p>\n<p class=\"btn-link \" style=\"text-align: left;\"><a href=\"https:\/\/www.biotop-tunisie.com\/wp-content\/uploads\/2020\/10\/AFIAS_Anti-CCP-Plus_Rev01_200706E-1_page-0001.pdf\">QRG Anti CCP Plus<\/a><\/p>\n<pre><code>[\/UAS_loggedin]<\/code><\/pre>\n","protected":false},"featured_media":1628,"template":"","meta":[],"product_brand":[],"product_cat":[138],"product_tag":[],"class_list":{"0":"post-1589","1":"product","2":"type-product","3":"status-publish","4":"has-post-thumbnail","6":"product_cat-autres-reactif-afias1-1","8":"first","9":"instock","10":"taxable","11":"shipping-taxable","12":"product-type-simple"},"_links":{"self":[{"href":"https:\/\/www.biotop-tunisie.com\/index.php?rest_route=\/wp\/v2\/product\/1589","targetHints":{"allow":["GET"]}}],"collection":[{"href":"https:\/\/www.biotop-tunisie.com\/index.php?rest_route=\/wp\/v2\/product"}],"about":[{"href":"https:\/\/www.biotop-tunisie.com\/index.php?rest_route=\/wp\/v2\/types\/product"}],"wp:featuredmedia":[{"embeddable":true,"href":"https:\/\/www.biotop-tunisie.com\/index.php?rest_route=\/wp\/v2\/media\/1628"}],"wp:attachment":[{"href":"https:\/\/www.biotop-tunisie.com\/index.php?rest_route=%2Fwp%2Fv2%2Fmedia&parent=1589"}],"wp:term":[{"taxonomy":"product_brand","embeddable":true,"href":"https:\/\/www.biotop-tunisie.com\/index.php?rest_route=%2Fwp%2Fv2%2Fproduct_brand&post=1589"},{"taxonomy":"product_cat","embeddable":true,"href":"https:\/\/www.biotop-tunisie.com\/index.php?rest_route=%2Fwp%2Fv2%2Fproduct_cat&post=1589"},{"taxonomy":"product_tag","embeddable":true,"href":"https:\/\/www.biotop-tunisie.com\/index.php?rest_route=%2Fwp%2Fv2%2Fproduct_tag&post=1589"}],"curies":[{"name":"wp","href":"https:\/\/api.w.org\/{rel}","templated":true}]}}