{"id":1925,"date":"2021-03-08T12:16:41","date_gmt":"2021-03-08T11:16:41","guid":{"rendered":"https:\/\/biotopsarl-tunisie.com\/?post_type=product&#038;p=1925"},"modified":"2021-03-08T12:55:58","modified_gmt":"2021-03-08T11:55:58","slug":"covid-19-ab","status":"publish","type":"product","link":"https:\/\/www.biotop-tunisie.com\/?product=covid-19-ab","title":{"rendered":"Covid-19 Ab"},"content":{"rendered":"","protected":false},"excerpt":{"rendered":"<p>La maladie \u00e0 coronavirus 2019 (COVID-19) est une maladie infectieuse caus\u00e9e par le coronavirus 2 du syndrome respiratoire aigu s\u00e9v\u00e8re (SRAS-CoV-2).<\/p>\n<p>La maladie pouvant \u00e9voluer vers une pneumonie potentiellement mortelle et une d\u00e9faillance multivisc\u00e9rale, la pr\u00e9vention et le contr\u00f4le de l&rsquo;infection sont devenus tr\u00e8s essentiels. \u00c9tant donn\u00e9 que les sympt\u00f4mes deviennent rapidement s\u00e9v\u00e8res apr\u00e8s le d\u00e9but de la maladie en l&rsquo;absence de traitement sp\u00e9cifique, le diagnostic pr\u00e9coce de l&rsquo;infection par le SRAS-CoV-2 est tout \u00e0 fait crucial.<\/p>\n<p>Le syst\u00e8me de test ichroma \u2122 COVID-19 Ab est un test de diagnostic in vitro rapide qui d\u00e9tecte qualitativement les anticorps anti-SARS-CoV-2 \u00a0IgG\/IgM dans des \u00e9chantillons de sang total, de s\u00e9rum ou de plasma avec une sensibilit\u00e9 \u00e9lev\u00e9e.<\/p>\n<p><strong>Type d&rsquo;\u00e9chantillon<\/strong>: sang total, s\u00e9rum, plasma<\/p>\n<p><strong>Lin\u00e9arit\u00e9<\/strong>:\u00a0 Qualitative<\/p>\n<p><strong class=\"marque_class\">Marque :<\/strong> Boditech<\/p>\n<p><code>[UAS_loggedin hint=\"\" ex=\"\"]<\/code><\/p>\n<p>&nbsp;<\/p>\n<p><code><\/code><a href=\"https:\/\/www.biotop-tunisie.com\/wp-content\/uploads\/2021\/03\/QRG-Covid-19-Ab-ichroma_ALL_20706-2_page-0001-1.pdf\">[QRG] Covid-19 Ab ichroma II<\/a><\/p>\n<p><code>[\/UAS_loggedin]<\/code><\/p>\n<p><code><\/code><\/p>\n","protected":false},"featured_media":1929,"template":"","meta":[],"product_brand":[],"product_cat":[154],"product_tag":[],"class_list":{"0":"post-1925","1":"product","2":"type-product","3":"status-publish","4":"has-post-thumbnail","6":"product_cat-infection-reactif-ichroma-ii","8":"first","9":"instock","10":"taxable","11":"shipping-taxable","12":"product-type-simple"},"_links":{"self":[{"href":"https:\/\/www.biotop-tunisie.com\/index.php?rest_route=\/wp\/v2\/product\/1925","targetHints":{"allow":["GET"]}}],"collection":[{"href":"https:\/\/www.biotop-tunisie.com\/index.php?rest_route=\/wp\/v2\/product"}],"about":[{"href":"https:\/\/www.biotop-tunisie.com\/index.php?rest_route=\/wp\/v2\/types\/product"}],"wp:featuredmedia":[{"embeddable":true,"href":"https:\/\/www.biotop-tunisie.com\/index.php?rest_route=\/wp\/v2\/media\/1929"}],"wp:attachment":[{"href":"https:\/\/www.biotop-tunisie.com\/index.php?rest_route=%2Fwp%2Fv2%2Fmedia&parent=1925"}],"wp:term":[{"taxonomy":"product_brand","embeddable":true,"href":"https:\/\/www.biotop-tunisie.com\/index.php?rest_route=%2Fwp%2Fv2%2Fproduct_brand&post=1925"},{"taxonomy":"product_cat","embeddable":true,"href":"https:\/\/www.biotop-tunisie.com\/index.php?rest_route=%2Fwp%2Fv2%2Fproduct_cat&post=1925"},{"taxonomy":"product_tag","embeddable":true,"href":"https:\/\/www.biotop-tunisie.com\/index.php?rest_route=%2Fwp%2Fv2%2Fproduct_tag&post=1925"}],"curies":[{"name":"wp","href":"https:\/\/api.w.org\/{rel}","templated":true}]}}