{"id":1946,"date":"2021-05-25T12:16:14","date_gmt":"2021-05-25T10:16:14","guid":{"rendered":"https:\/\/biotopsarl-tunisie.com\/?post_type=product&#038;p=1946"},"modified":"2021-05-25T12:43:13","modified_gmt":"2021-05-25T10:43:13","slug":"covid-19-ag","status":"publish","type":"product","link":"https:\/\/www.biotop-tunisie.com\/?product=covid-19-ag","title":{"rendered":"Covid-19 Ag"},"content":{"rendered":"","protected":false},"excerpt":{"rendered":"<p>La maladie \u00e0 coronavirus 2019 (COVID-19) est une maladie infectieuse caus\u00e9e par le coronavirus 2 du syndrome respiratoire aigu s\u00e9v\u00e8re (SRAS-CoV-2).<\/p>\n<p>La maladie pouvant \u00e9voluer vers une pneumonie potentiellement mortelle et une d\u00e9faillance multivisc\u00e9rale, la pr\u00e9vention et le contr\u00f4le de l&rsquo;infection sont devenus tr\u00e8s essentiels. \u00c9tant donn\u00e9 que les sympt\u00f4mes deviennent rapidement s\u00e9v\u00e8res apr\u00e8s le d\u00e9but de la maladie en l&rsquo;absence de traitement sp\u00e9cifique, le diagnostic pr\u00e9coce de l&rsquo;infection par le SRAS-CoV-2 est tout \u00e0 fait crucial.<\/p>\n<p>Le syst\u00e8me de test Afias COVID-19 Ag est un test de diagnostic rapide in vitro qui d\u00e9tecte qualitativement l&rsquo;antig\u00e8ne COVID-19 dans un \u00e9couvillon nasopharyng\u00e9 humain. Il est utile pour le d\u00e9pistage des patients pr\u00e9coces b\u00e9nins, asymptomatiques ou aigus pour l&rsquo;identification de l&rsquo;infection par le nouveau coronavirus.<\/p>\n<p><strong>Type d&rsquo;\u00e9chantillon<\/strong>: Extrait nasopharyng\u00e9<\/p>\n<p><strong>Lin\u00e9arit\u00e9<\/strong>: Qualitative<\/p>\n<p><strong class=\"marque_class\">Marque :<\/strong> Boditech<\/p>\n<p><code>[UAS_loggedin hint=\"\" ex=\"\"]<\/code><\/p>\n<p class=\"btn-link \" style=\"text-align: left;\"><a href=\"https:\/\/www.biotop-tunisie.com\/wp-content\/uploads\/2021\/05\/AFIAS_COVID-19-Ag_Rev01_200706E_page-0001.pdf\">AFIAS_COVID-19 Ag_<\/a><\/p>\n<pre><code>[\/UAS_loggedin]<\/code><\/pre>\n","protected":false},"featured_media":1949,"template":"","meta":[],"product_brand":[],"product_cat":[137],"product_tag":[],"class_list":{"0":"post-1946","1":"product","2":"type-product","3":"status-publish","4":"has-post-thumbnail","6":"product_cat-infection-reactif-afias1-6","8":"first","9":"instock","10":"taxable","11":"shipping-taxable","12":"product-type-simple"},"_links":{"self":[{"href":"https:\/\/www.biotop-tunisie.com\/index.php?rest_route=\/wp\/v2\/product\/1946","targetHints":{"allow":["GET"]}}],"collection":[{"href":"https:\/\/www.biotop-tunisie.com\/index.php?rest_route=\/wp\/v2\/product"}],"about":[{"href":"https:\/\/www.biotop-tunisie.com\/index.php?rest_route=\/wp\/v2\/types\/product"}],"wp:featuredmedia":[{"embeddable":true,"href":"https:\/\/www.biotop-tunisie.com\/index.php?rest_route=\/wp\/v2\/media\/1949"}],"wp:attachment":[{"href":"https:\/\/www.biotop-tunisie.com\/index.php?rest_route=%2Fwp%2Fv2%2Fmedia&parent=1946"}],"wp:term":[{"taxonomy":"product_brand","embeddable":true,"href":"https:\/\/www.biotop-tunisie.com\/index.php?rest_route=%2Fwp%2Fv2%2Fproduct_brand&post=1946"},{"taxonomy":"product_cat","embeddable":true,"href":"https:\/\/www.biotop-tunisie.com\/index.php?rest_route=%2Fwp%2Fv2%2Fproduct_cat&post=1946"},{"taxonomy":"product_tag","embeddable":true,"href":"https:\/\/www.biotop-tunisie.com\/index.php?rest_route=%2Fwp%2Fv2%2Fproduct_tag&post=1946"}],"curies":[{"name":"wp","href":"https:\/\/api.w.org\/{rel}","templated":true}]}}