{"id":1975,"date":"2021-08-04T13:31:40","date_gmt":"2021-08-04T11:31:40","guid":{"rendered":"https:\/\/biotopsarl-tunisie.com\/?post_type=product&#038;p=1975"},"modified":"2023-01-10T12:12:30","modified_gmt":"2023-01-10T11:12:30","slug":"igra-tb-diagnostic-de-linfection-tuberculeuse","status":"publish","type":"product","link":"https:\/\/www.biotop-tunisie.com\/?product=igra-tb-diagnostic-de-linfection-tuberculeuse","title":{"rendered":"IGRA-TB (diagnostic de l&rsquo;infection tuberculeuse)"},"content":{"rendered":"","protected":false},"excerpt":{"rendered":"<p>La tuberculose latente chez les patients peut \u00e9voluer vers une forme active avec une transmissibilit\u00e9 mortelle et un traitement proactif est n\u00e9cessaire. IGRA-TB est un produit unique qui combine une r\u00e9ponse immunitaire \u00e0 m\u00e9diation cellulaire (CMI) hautement sp\u00e9cifique contre la MTB et un syst\u00e8me de d\u00e9tection de flux lat\u00e9ral sensible. Il peut aider \u00e0 combattre la tuberculose en d\u00e9tectant la tuberculose latente de la mani\u00e8re la plus simple, la plus rapide et la plus pr\u00e9cise.<\/p>\n<p>&nbsp;<\/p>\n<p><strong>Type d&rsquo;\u00e9chantillon<\/strong>: Plasma<\/p>\n<p><strong>Lin\u00e9arit\u00e9<\/strong>: Quantitative<\/p>\n<p><strong class=\"marque_class\">Marque :<\/strong> Boditech<\/p>\n<p><code>[UAS_loggedin hint=\"\" ex=\"\"]<\/code><\/p>\n<p>&nbsp;<\/p>\n<p><a href=\"https:\/\/www.biotop-tunisie.com\/wp-content\/uploads\/2021\/08\/QRG-ichroma_IGRA-TB25_Rev01_200706E.pdf\">[QRG] ichroma_IGRA-TB25<\/a><\/p>\n<p><code>[\/UAS_loggedin]<\/code><\/p>\n","protected":false},"featured_media":1977,"template":"","meta":[],"product_brand":[],"product_cat":[154],"product_tag":[],"class_list":{"0":"post-1975","1":"product","2":"type-product","3":"status-publish","4":"has-post-thumbnail","6":"product_cat-infection-reactif-ichroma-ii","8":"first","9":"instock","10":"taxable","11":"shipping-taxable","12":"product-type-simple"},"_links":{"self":[{"href":"https:\/\/www.biotop-tunisie.com\/index.php?rest_route=\/wp\/v2\/product\/1975","targetHints":{"allow":["GET"]}}],"collection":[{"href":"https:\/\/www.biotop-tunisie.com\/index.php?rest_route=\/wp\/v2\/product"}],"about":[{"href":"https:\/\/www.biotop-tunisie.com\/index.php?rest_route=\/wp\/v2\/types\/product"}],"wp:featuredmedia":[{"embeddable":true,"href":"https:\/\/www.biotop-tunisie.com\/index.php?rest_route=\/wp\/v2\/media\/1977"}],"wp:attachment":[{"href":"https:\/\/www.biotop-tunisie.com\/index.php?rest_route=%2Fwp%2Fv2%2Fmedia&parent=1975"}],"wp:term":[{"taxonomy":"product_brand","embeddable":true,"href":"https:\/\/www.biotop-tunisie.com\/index.php?rest_route=%2Fwp%2Fv2%2Fproduct_brand&post=1975"},{"taxonomy":"product_cat","embeddable":true,"href":"https:\/\/www.biotop-tunisie.com\/index.php?rest_route=%2Fwp%2Fv2%2Fproduct_cat&post=1975"},{"taxonomy":"product_tag","embeddable":true,"href":"https:\/\/www.biotop-tunisie.com\/index.php?rest_route=%2Fwp%2Fv2%2Fproduct_tag&post=1975"}],"curies":[{"name":"wp","href":"https:\/\/api.w.org\/{rel}","templated":true}]}}