{"id":1998,"date":"2021-08-26T13:11:54","date_gmt":"2021-08-26T11:11:54","guid":{"rendered":"https:\/\/biotopsarl-tunisie.com\/?post_type=product&#038;p=1998"},"modified":"2021-08-26T13:18:58","modified_gmt":"2021-08-26T11:18:58","slug":"covid-19-nab-afias","status":"publish","type":"product","link":"https:\/\/www.biotop-tunisie.com\/?product=covid-19-nab-afias","title":{"rendered":"Covid-19 nAB"},"content":{"rendered":"","protected":false},"excerpt":{"rendered":"<p>Kit de diagnostic in vitro pour un examen simple et rapide des anticorps neutralisants produits chez les patients se remettant d&rsquo;une infection au Covid-19 et ceux vaccin\u00e9s.<\/p>\n<p>La pr\u00e9sence de cet anticorps peut conduire \u00e0 la conclusion que le patient a d\u00e9velopp\u00e9 une immunit\u00e9 contre le virus COVID-19.<\/p>\n<p>&nbsp;<\/p>\n<p><strong>Type d&rsquo;\u00e9chantillon<\/strong>: sang total, s\u00e9rum, plasma<\/p>\n<p><strong>Lin\u00e9arit\u00e9<\/strong>:\u00a0 Qualitative<\/p>\n<p><strong class=\"marque_class\">Marque :<\/strong> Boditech<\/p>\n<p><code>[UAS_loggedin hint=\"\" ex=\"\"]<\/code><\/p>\n<p>&nbsp;<\/p>\n<p><a href=\"https:\/\/www.biotop-tunisie.com\/wp-content\/uploads\/2021\/08\/QRG-AFIAS_COVID-19-nAb_Rev00_210105E.pdf\">[QRG] AFIAS_COVID-19 nAb_<\/a><\/p>\n<p><code>[\/UAS_loggedin]<\/code><\/p>\n<p><code><\/code><\/p>\n","protected":false},"featured_media":1995,"template":"","meta":[],"product_brand":[],"product_cat":[137],"product_tag":[],"class_list":{"0":"post-1998","1":"product","2":"type-product","3":"status-publish","4":"has-post-thumbnail","6":"product_cat-infection-reactif-afias1-6","8":"first","9":"instock","10":"taxable","11":"shipping-taxable","12":"product-type-simple"},"_links":{"self":[{"href":"https:\/\/www.biotop-tunisie.com\/index.php?rest_route=\/wp\/v2\/product\/1998","targetHints":{"allow":["GET"]}}],"collection":[{"href":"https:\/\/www.biotop-tunisie.com\/index.php?rest_route=\/wp\/v2\/product"}],"about":[{"href":"https:\/\/www.biotop-tunisie.com\/index.php?rest_route=\/wp\/v2\/types\/product"}],"wp:featuredmedia":[{"embeddable":true,"href":"https:\/\/www.biotop-tunisie.com\/index.php?rest_route=\/wp\/v2\/media\/1995"}],"wp:attachment":[{"href":"https:\/\/www.biotop-tunisie.com\/index.php?rest_route=%2Fwp%2Fv2%2Fmedia&parent=1998"}],"wp:term":[{"taxonomy":"product_brand","embeddable":true,"href":"https:\/\/www.biotop-tunisie.com\/index.php?rest_route=%2Fwp%2Fv2%2Fproduct_brand&post=1998"},{"taxonomy":"product_cat","embeddable":true,"href":"https:\/\/www.biotop-tunisie.com\/index.php?rest_route=%2Fwp%2Fv2%2Fproduct_cat&post=1998"},{"taxonomy":"product_tag","embeddable":true,"href":"https:\/\/www.biotop-tunisie.com\/index.php?rest_route=%2Fwp%2Fv2%2Fproduct_tag&post=1998"}],"curies":[{"name":"wp","href":"https:\/\/api.w.org\/{rel}","templated":true}]}}