{"id":2011,"date":"2021-11-22T15:50:59","date_gmt":"2021-11-22T14:50:59","guid":{"rendered":"https:\/\/biotopsarl-tunisie.com\/?post_type=product&#038;p=2011"},"modified":"2021-12-03T15:16:15","modified_gmt":"2021-12-03T14:16:15","slug":"afias-10","status":"publish","type":"product","link":"https:\/\/www.biotop-tunisie.com\/?product=afias-10","title":{"rendered":"Afias 10"},"content":{"rendered":"","protected":false},"excerpt":{"rendered":"<p style=\"text-align: left;\">L&rsquo;AFIAS-10 est un syst\u00e8me de dosage quantitatif par immunofluorescence 100% automatis\u00e9 :<\/p>\n<p style=\"text-align: left;\">-Possibilit\u00e9 de passer 10 Param\u00e8tres\/Patients en parall\u00e8le.<\/p>\n<p style=\"text-align: left;\">-Diff\u00e9rents types de tubes d&rsquo;\u00e9chantillons possibles.<\/p>\n<p style=\"text-align: left;\">&#8211; Une panoplie de param\u00e8tres disponibles.<\/p>\n<p style=\"text-align: left;\">&#8211; Mode STAT pour les urgences.<\/p>\n<p style=\"text-align: left;\">&#8211; R\u00e9sultats rapides et fiables valid\u00e9s par des contr\u00f4les (internes et externes).<\/p>\n<p style=\"text-align: left;\">&#8211; Conditionnement 24\/TEST par coffret avec des dates de p\u00e9remption qui d\u00e9passent les 15 mois.<\/p>\n<p class=\"btn-link \" style=\"text-align: left;\"><a href=\"https:\/\/www.biotop-tunisie.com\/wp-content\/uploads\/2021\/11\/BR_EN_AFIAS-10_4P_211026_Rev00.pdf\">Brochure_EN_AFIAS-10<\/a><\/p>\n<p><strong class=\"marque_class\">Marque :<\/strong> Boditech<\/p>\n","protected":false},"featured_media":2087,"template":"","meta":[],"product_brand":[],"product_cat":[124],"product_tag":[],"class_list":{"0":"post-2011","1":"product","2":"type-product","3":"status-publish","4":"has-post-thumbnail","6":"product_cat-appareils-hormonaux-et-serologie","8":"first","9":"instock","10":"taxable","11":"shipping-taxable","12":"product-type-simple"},"_links":{"self":[{"href":"https:\/\/www.biotop-tunisie.com\/index.php?rest_route=\/wp\/v2\/product\/2011","targetHints":{"allow":["GET"]}}],"collection":[{"href":"https:\/\/www.biotop-tunisie.com\/index.php?rest_route=\/wp\/v2\/product"}],"about":[{"href":"https:\/\/www.biotop-tunisie.com\/index.php?rest_route=\/wp\/v2\/types\/product"}],"wp:featuredmedia":[{"embeddable":true,"href":"https:\/\/www.biotop-tunisie.com\/index.php?rest_route=\/wp\/v2\/media\/2087"}],"wp:attachment":[{"href":"https:\/\/www.biotop-tunisie.com\/index.php?rest_route=%2Fwp%2Fv2%2Fmedia&parent=2011"}],"wp:term":[{"taxonomy":"product_brand","embeddable":true,"href":"https:\/\/www.biotop-tunisie.com\/index.php?rest_route=%2Fwp%2Fv2%2Fproduct_brand&post=2011"},{"taxonomy":"product_cat","embeddable":true,"href":"https:\/\/www.biotop-tunisie.com\/index.php?rest_route=%2Fwp%2Fv2%2Fproduct_cat&post=2011"},{"taxonomy":"product_tag","embeddable":true,"href":"https:\/\/www.biotop-tunisie.com\/index.php?rest_route=%2Fwp%2Fv2%2Fproduct_tag&post=2011"}],"curies":[{"name":"wp","href":"https:\/\/api.w.org\/{rel}","templated":true}]}}