{"id":2019,"date":"2021-11-22T16:17:49","date_gmt":"2021-11-22T15:17:49","guid":{"rendered":"https:\/\/biotopsarl-tunisie.com\/?post_type=product&#038;p=2019"},"modified":"2021-12-03T15:10:12","modified_gmt":"2021-12-03T14:10:12","slug":"ichroma-iii","status":"publish","type":"product","link":"https:\/\/www.biotop-tunisie.com\/?product=ichroma-iii","title":{"rendered":"Ichroma III"},"content":{"rendered":"","protected":false},"excerpt":{"rendered":"<p>I-CHROMA III\u00a0 repr\u00e9sente la nouvelle g\u00e9n\u00e9ration des s\u00e9ries Ichroma:<\/p>\n<p>-C&rsquo;est un syst\u00e8me d&rsquo;immunodosage\u00a0 par immunofluorescence<\/p>\n<p>&#8211; Sp\u00e9cifique pour un diagnostic multiple avec une grande pr\u00e9cision,<\/p>\n<p>&#8211; Pas besoin d&rsquo;une chambre d&rsquo;incubation,<\/p>\n<p>-Possibilit\u00e9 d&rsquo;effectuer 12 tests \/ 12 patients en m\u00eame temps.<\/p>\n<p>&#8211; Tests \u00e0 haut d\u00e9bit : 120 tests\/heure<\/p>\n<p>&#8211; R\u00e9sultats fiables et pr\u00e9cis valid\u00e9s par des syst\u00e8mes contr\u00f4le qualit\u00e9 (internes et externes)<\/p>\n<p class=\"btn-link \" style=\"text-align: left;\"><a href=\"https:\/\/www.biotop-tunisie.com\/wp-content\/uploads\/2021\/11\/ichroma\u2122-\u2162-brochure-2p_20201221_s-002.pdf\">ichroma\u2122 \u2162 brochure\u00a0<\/a><\/p>\n<p><strong class=\"marque_class\">Marque :<\/strong> Boditech<\/p>\n","protected":false},"featured_media":2085,"template":"","meta":[],"product_brand":[],"product_cat":[124],"product_tag":[],"class_list":{"0":"post-2019","1":"product","2":"type-product","3":"status-publish","4":"has-post-thumbnail","6":"product_cat-appareils-hormonaux-et-serologie","8":"first","9":"instock","10":"taxable","11":"shipping-taxable","12":"product-type-simple"},"_links":{"self":[{"href":"https:\/\/www.biotop-tunisie.com\/index.php?rest_route=\/wp\/v2\/product\/2019","targetHints":{"allow":["GET"]}}],"collection":[{"href":"https:\/\/www.biotop-tunisie.com\/index.php?rest_route=\/wp\/v2\/product"}],"about":[{"href":"https:\/\/www.biotop-tunisie.com\/index.php?rest_route=\/wp\/v2\/types\/product"}],"wp:featuredmedia":[{"embeddable":true,"href":"https:\/\/www.biotop-tunisie.com\/index.php?rest_route=\/wp\/v2\/media\/2085"}],"wp:attachment":[{"href":"https:\/\/www.biotop-tunisie.com\/index.php?rest_route=%2Fwp%2Fv2%2Fmedia&parent=2019"}],"wp:term":[{"taxonomy":"product_brand","embeddable":true,"href":"https:\/\/www.biotop-tunisie.com\/index.php?rest_route=%2Fwp%2Fv2%2Fproduct_brand&post=2019"},{"taxonomy":"product_cat","embeddable":true,"href":"https:\/\/www.biotop-tunisie.com\/index.php?rest_route=%2Fwp%2Fv2%2Fproduct_cat&post=2019"},{"taxonomy":"product_tag","embeddable":true,"href":"https:\/\/www.biotop-tunisie.com\/index.php?rest_route=%2Fwp%2Fv2%2Fproduct_tag&post=2019"}],"curies":[{"name":"wp","href":"https:\/\/api.w.org\/{rel}","templated":true}]}}