{"id":2102,"date":"2023-01-10T11:08:34","date_gmt":"2023-01-10T10:08:34","guid":{"rendered":"https:\/\/biotopsarl-tunisie.com\/?post_type=product&#038;p=2102"},"modified":"2023-01-16T14:52:23","modified_gmt":"2023-01-16T13:52:23","slug":"afias-3-2","status":"publish","type":"product","link":"https:\/\/www.biotop-tunisie.com\/?product=afias-3-2","title":{"rendered":"Afias 3"},"content":{"rendered":"","protected":false},"excerpt":{"rendered":"<p style=\"text-align: left;\">L&rsquo;AFIAS-3 est un syst\u00e8me de dosage quantitatif par immunofluorescence\u00a0 :<\/p>\n<p style=\"text-align: left;\">-Possibilit\u00e9 de passer 3 Param\u00e8tres\/Patients en parall\u00e8le.<\/p>\n<p style=\"text-align: left;\">&#8211; Une panoplie de param\u00e8tres disponibles.<\/p>\n<p style=\"text-align: left;\">&#8211; R\u00e9sultats rapides et fiables valid\u00e9s par des contr\u00f4les (internes et externes).<\/p>\n<p style=\"text-align: left;\">&#8211; Conditionnement 24\/TEST par coffret avec des dates de p\u00e9remption qui d\u00e9passent les 15 mois.<\/p>\n<p class=\"btn-link \" style=\"text-align: left;\"><a href=\"https:\/\/www.biotop-tunisie.com\/wp-content\/uploads\/2023\/01\/BR_EN_Rev00_AFIAS-3_20211109_2P_s.pdf\">BR_EN_AFIAS-3<\/a><\/p>\n<p><strong class=\"marque_class\">Marque :<\/strong> Boditech<\/p>\n","protected":false},"featured_media":2180,"template":"","meta":[],"product_brand":[],"product_cat":[124],"product_tag":[],"class_list":{"0":"post-2102","1":"product","2":"type-product","3":"status-publish","4":"has-post-thumbnail","6":"product_cat-appareils-hormonaux-et-serologie","8":"first","9":"instock","10":"taxable","11":"shipping-taxable","12":"product-type-simple"},"_links":{"self":[{"href":"https:\/\/www.biotop-tunisie.com\/index.php?rest_route=\/wp\/v2\/product\/2102","targetHints":{"allow":["GET"]}}],"collection":[{"href":"https:\/\/www.biotop-tunisie.com\/index.php?rest_route=\/wp\/v2\/product"}],"about":[{"href":"https:\/\/www.biotop-tunisie.com\/index.php?rest_route=\/wp\/v2\/types\/product"}],"wp:featuredmedia":[{"embeddable":true,"href":"https:\/\/www.biotop-tunisie.com\/index.php?rest_route=\/wp\/v2\/media\/2180"}],"wp:attachment":[{"href":"https:\/\/www.biotop-tunisie.com\/index.php?rest_route=%2Fwp%2Fv2%2Fmedia&parent=2102"}],"wp:term":[{"taxonomy":"product_brand","embeddable":true,"href":"https:\/\/www.biotop-tunisie.com\/index.php?rest_route=%2Fwp%2Fv2%2Fproduct_brand&post=2102"},{"taxonomy":"product_cat","embeddable":true,"href":"https:\/\/www.biotop-tunisie.com\/index.php?rest_route=%2Fwp%2Fv2%2Fproduct_cat&post=2102"},{"taxonomy":"product_tag","embeddable":true,"href":"https:\/\/www.biotop-tunisie.com\/index.php?rest_route=%2Fwp%2Fv2%2Fproduct_tag&post=2102"}],"curies":[{"name":"wp","href":"https:\/\/api.w.org\/{rel}","templated":true}]}}