{"id":2124,"date":"2023-01-10T13:26:56","date_gmt":"2023-01-10T12:26:56","guid":{"rendered":"https:\/\/biotopsarl-tunisie.com\/?post_type=product&#038;p=2124"},"modified":"2023-01-10T13:37:15","modified_gmt":"2023-01-10T12:37:15","slug":"mxa-crp","status":"publish","type":"product","link":"https:\/\/www.biotop-tunisie.com\/?product=mxa-crp","title":{"rendered":"MxA CRP"},"content":{"rendered":"","protected":false},"excerpt":{"rendered":"<p>MxA (prot\u00e9ine A de r\u00e9sistance aux myxovirus) est une prot\u00e9ine sanguine intracellulaire qui assure la m\u00e9diation de la r\u00e9sistance cellulaire contre un large \u00e9ventail de virus et s&rsquo;\u00e9l\u00e8ve en pr\u00e9sence de la plupart des infections virales actives aigu\u00ebs. Le niveau de CRP (prot\u00e9ine C-r\u00e9active) augmente dans l&rsquo;\u00e9tat g\u00e9n\u00e9ral de l&rsquo;inflammation et encore plus dans les infections bact\u00e9riennes. Le test combin\u00e9 MxA\/CRP aide \u00e0 diagnostiquer les infections virales et bact\u00e9riennes en mesurant simultan\u00e9ment les marqueurs sp\u00e9cifiques au virus et la CRP.<\/p>\n<p><strong>Type d&rsquo;\u00e9chantillon<\/strong>: Sang total<\/p>\n<p><strong>Lin\u00e9arit\u00e9<\/strong>:\u00a0MxA : 10 &#8211; 300 ng\/mL<\/p>\n<p>CRP : 1- 200 mg\/L<\/p>\n<p><strong class=\"marque_class\">Marque :<\/strong> Boditech<\/p>\n<p><code>[UAS_loggedin hint=\"\" ex=\"]<\/code><\/p>\n<p class=\"btn-link \" style=\"text-align: left;\"><a href=\"https:\/\/www.biotop-tunisie.com\/wp-content\/uploads\/2023\/01\/AFIAS_MxA_CRP_Rev00_220415E.pdf\">AFIAS_MxA_CRP_<\/a><\/p>\n<pre><code>[\/UAS_loggedin]<\/code><\/pre>\n","protected":false},"featured_media":2127,"template":"","meta":[],"product_brand":[],"product_cat":[137],"product_tag":[],"class_list":{"0":"post-2124","1":"product","2":"type-product","3":"status-publish","4":"has-post-thumbnail","6":"product_cat-infection-reactif-afias1-6","8":"first","9":"instock","10":"taxable","11":"shipping-taxable","12":"product-type-simple"},"_links":{"self":[{"href":"https:\/\/www.biotop-tunisie.com\/index.php?rest_route=\/wp\/v2\/product\/2124","targetHints":{"allow":["GET"]}}],"collection":[{"href":"https:\/\/www.biotop-tunisie.com\/index.php?rest_route=\/wp\/v2\/product"}],"about":[{"href":"https:\/\/www.biotop-tunisie.com\/index.php?rest_route=\/wp\/v2\/types\/product"}],"wp:featuredmedia":[{"embeddable":true,"href":"https:\/\/www.biotop-tunisie.com\/index.php?rest_route=\/wp\/v2\/media\/2127"}],"wp:attachment":[{"href":"https:\/\/www.biotop-tunisie.com\/index.php?rest_route=%2Fwp%2Fv2%2Fmedia&parent=2124"}],"wp:term":[{"taxonomy":"product_brand","embeddable":true,"href":"https:\/\/www.biotop-tunisie.com\/index.php?rest_route=%2Fwp%2Fv2%2Fproduct_brand&post=2124"},{"taxonomy":"product_cat","embeddable":true,"href":"https:\/\/www.biotop-tunisie.com\/index.php?rest_route=%2Fwp%2Fv2%2Fproduct_cat&post=2124"},{"taxonomy":"product_tag","embeddable":true,"href":"https:\/\/www.biotop-tunisie.com\/index.php?rest_route=%2Fwp%2Fv2%2Fproduct_tag&post=2124"}],"curies":[{"name":"wp","href":"https:\/\/api.w.org\/{rel}","templated":true}]}}