{"id":2152,"date":"2023-01-11T14:42:43","date_gmt":"2023-01-11T13:42:43","guid":{"rendered":"https:\/\/biotopsarl-tunisie.com\/?post_type=product&#038;p=2152"},"modified":"2023-01-17T12:29:06","modified_gmt":"2023-01-17T11:29:06","slug":"lecteur-de-plaque-elisa","status":"publish","type":"product","link":"https:\/\/www.biotop-tunisie.com\/?product=lecteur-de-plaque-elisa","title":{"rendered":"Lecteur de plaque ELISA"},"content":{"rendered":"","protected":false},"excerpt":{"rendered":"<p>C&rsquo;est un photom\u00e8tre ELISA \u00e0 8 canaux pour la lecture s\u00e9quentielle des microplaques de 96 puits.<\/p>\n<p>Il offre une haute pr\u00e9cision et une simplicit\u00e9 d&rsquo;utilisation, avec son logiciel int\u00e9gr\u00e9, il est capable de stocker des protocoles de calcul de dosage d\u00e9di\u00e9s, de traiter automatiquement les r\u00e9sultats d&rsquo;\u00e9chantillons, et de stocker des courbes d&rsquo;\u00e9talonnage.<\/p>\n<p>l&rsquo;instrument est \u00e9galement capable de g\u00e9rer un d\u00e9lai de lecture programmable et l&rsquo;agitation.<\/p>\n<p class=\"btn-link\" style=\"text-align: left;\"><a href=\"https:\/\/www.biotop-tunisie.com\/wp-content\/uploads\/2023\/01\/Plate-Reader-4.pdf\">Plate Reader brochure<\/a><\/p>\n<p><strong class=\"marque_class\">Marque :<\/strong> das<\/p>\n","protected":false},"featured_media":2184,"template":"","meta":[],"product_brand":[],"product_cat":[98],"product_tag":[],"class_list":{"0":"post-2152","1":"product","2":"type-product","3":"status-publish","4":"has-post-thumbnail","6":"product_cat-appareils","8":"first","9":"instock","10":"taxable","11":"shipping-taxable","12":"product-type-simple"},"_links":{"self":[{"href":"https:\/\/www.biotop-tunisie.com\/index.php?rest_route=\/wp\/v2\/product\/2152","targetHints":{"allow":["GET"]}}],"collection":[{"href":"https:\/\/www.biotop-tunisie.com\/index.php?rest_route=\/wp\/v2\/product"}],"about":[{"href":"https:\/\/www.biotop-tunisie.com\/index.php?rest_route=\/wp\/v2\/types\/product"}],"wp:featuredmedia":[{"embeddable":true,"href":"https:\/\/www.biotop-tunisie.com\/index.php?rest_route=\/wp\/v2\/media\/2184"}],"wp:attachment":[{"href":"https:\/\/www.biotop-tunisie.com\/index.php?rest_route=%2Fwp%2Fv2%2Fmedia&parent=2152"}],"wp:term":[{"taxonomy":"product_brand","embeddable":true,"href":"https:\/\/www.biotop-tunisie.com\/index.php?rest_route=%2Fwp%2Fv2%2Fproduct_brand&post=2152"},{"taxonomy":"product_cat","embeddable":true,"href":"https:\/\/www.biotop-tunisie.com\/index.php?rest_route=%2Fwp%2Fv2%2Fproduct_cat&post=2152"},{"taxonomy":"product_tag","embeddable":true,"href":"https:\/\/www.biotop-tunisie.com\/index.php?rest_route=%2Fwp%2Fv2%2Fproduct_tag&post=2152"}],"curies":[{"name":"wp","href":"https:\/\/api.w.org\/{rel}","templated":true}]}}