{"id":2153,"date":"2023-01-11T14:44:29","date_gmt":"2023-01-11T13:44:29","guid":{"rendered":"https:\/\/biotopsarl-tunisie.com\/?post_type=product&#038;p=2153"},"modified":"2023-01-17T13:00:28","modified_gmt":"2023-01-17T12:00:28","slug":"laveur-de-plaque-elisa","status":"publish","type":"product","link":"https:\/\/www.biotop-tunisie.com\/?product=laveur-de-plaque-elisa","title":{"rendered":"Laveur de plaque ELISA"},"content":{"rendered":"","protected":false},"excerpt":{"rendered":"<p>C&rsquo;est un laveur de plaque automatis\u00e9 des microplaques ELISA de 96 puits.<\/p>\n<p>En combinaison avec le lecteur de plaque \u00ab\u00a0das\u00a0\u00bb il s&rsquo;av\u00e8re \u00eatre une station compl\u00e8te pour le lavage et la lecture ELISA.<\/p>\n<p>Le syst\u00e8me original d&rsquo;aspiration et de distribution assure un volume de lavage r\u00e9siduel inf\u00e9rieur \u00e0 3\u00b5l. Son puissant et polyvalent logiciel permet le stockage et l&rsquo;ex\u00e9cution de toutes les proc\u00e9dures de lavage et g\u00e8re les temps d&rsquo;incubation et d&rsquo;agitation programmables.<\/p>\n<p class=\"btn-link\" style=\"text-align: left;\"><a href=\"https:\/\/www.biotop-tunisie.com\/wp-content\/uploads\/2023\/01\/Plate-Washer_.pdf\">Plate Washer brochure<\/a><\/p>\n<p><strong class=\"marque_class\">Marque :<\/strong> das<\/p>\n","protected":false},"featured_media":2188,"template":"","meta":[],"product_brand":[],"product_cat":[98],"product_tag":[],"class_list":{"0":"post-2153","1":"product","2":"type-product","3":"status-publish","4":"has-post-thumbnail","6":"product_cat-appareils","8":"first","9":"instock","10":"taxable","11":"shipping-taxable","12":"product-type-simple"},"_links":{"self":[{"href":"https:\/\/www.biotop-tunisie.com\/index.php?rest_route=\/wp\/v2\/product\/2153","targetHints":{"allow":["GET"]}}],"collection":[{"href":"https:\/\/www.biotop-tunisie.com\/index.php?rest_route=\/wp\/v2\/product"}],"about":[{"href":"https:\/\/www.biotop-tunisie.com\/index.php?rest_route=\/wp\/v2\/types\/product"}],"wp:featuredmedia":[{"embeddable":true,"href":"https:\/\/www.biotop-tunisie.com\/index.php?rest_route=\/wp\/v2\/media\/2188"}],"wp:attachment":[{"href":"https:\/\/www.biotop-tunisie.com\/index.php?rest_route=%2Fwp%2Fv2%2Fmedia&parent=2153"}],"wp:term":[{"taxonomy":"product_brand","embeddable":true,"href":"https:\/\/www.biotop-tunisie.com\/index.php?rest_route=%2Fwp%2Fv2%2Fproduct_brand&post=2153"},{"taxonomy":"product_cat","embeddable":true,"href":"https:\/\/www.biotop-tunisie.com\/index.php?rest_route=%2Fwp%2Fv2%2Fproduct_cat&post=2153"},{"taxonomy":"product_tag","embeddable":true,"href":"https:\/\/www.biotop-tunisie.com\/index.php?rest_route=%2Fwp%2Fv2%2Fproduct_tag&post=2153"}],"curies":[{"name":"wp","href":"https:\/\/api.w.org\/{rel}","templated":true}]}}