{"id":2363,"date":"2024-06-28T16:42:40","date_gmt":"2024-06-28T14:42:40","guid":{"rendered":"https:\/\/biotopsarl-tunisie.com\/?post_type=product&#038;p=2363"},"modified":"2024-06-28T17:02:16","modified_gmt":"2024-06-28T15:02:16","slug":"calprotectine-2","status":"publish","type":"product","link":"https:\/\/www.biotop-tunisie.com\/?product=calprotectine-2","title":{"rendered":"Calprotectine"},"content":{"rendered":"","protected":false},"excerpt":{"rendered":"<p>La calprotectine est un marqueur prot\u00e9ique pr\u00e9sent dans les selles qui indique une inflammation du tractus gastro-intestinal, utile pour le d\u00e9pistage et la gestion des maladies inflammatoires de l&rsquo;intestin (MII). Ce test permet de distinguer les MII du SCI (syndrome du c\u00f4lon irritable) et facilite la surveillance de la maladie dans les MII.<\/p>\n<p><strong>Type d&rsquo;\u00e9chantillon<\/strong>: Mati\u00e8res f\u00e9cales<\/p>\n<p><strong>Lin\u00e9arit\u00e9<\/strong>: 10- 1,000 mg\/kg<\/p>\n<p><strong class=\"marque_class\">Marque :<\/strong> Boditech<\/p>\n<p><code>[UAS_loggedin hint=\"\" ex=\"\"]<\/code><\/p>\n<p class=\"btn-link \" style=\"text-align: left;\"><a href=\"https:\/\/www.biotop-tunisie.com\/wp-content\/uploads\/2024\/06\/QRG-CP_X-EN-AFIAS-Calprotectin_Rev00_240312-1.pdf\">AFIAS Calprotectin<\/a><\/p>\n<pre><code>[\/UAS_loggedin]<\/code><\/pre>\n","protected":false},"featured_media":2365,"template":"","meta":[],"product_brand":[],"product_cat":[138],"product_tag":[],"class_list":{"0":"post-2363","1":"product","2":"type-product","3":"status-publish","4":"has-post-thumbnail","6":"product_cat-autres-reactif-afias1-1","8":"first","9":"instock","10":"taxable","11":"shipping-taxable","12":"product-type-simple"},"_links":{"self":[{"href":"https:\/\/www.biotop-tunisie.com\/index.php?rest_route=\/wp\/v2\/product\/2363","targetHints":{"allow":["GET"]}}],"collection":[{"href":"https:\/\/www.biotop-tunisie.com\/index.php?rest_route=\/wp\/v2\/product"}],"about":[{"href":"https:\/\/www.biotop-tunisie.com\/index.php?rest_route=\/wp\/v2\/types\/product"}],"wp:featuredmedia":[{"embeddable":true,"href":"https:\/\/www.biotop-tunisie.com\/index.php?rest_route=\/wp\/v2\/media\/2365"}],"wp:attachment":[{"href":"https:\/\/www.biotop-tunisie.com\/index.php?rest_route=%2Fwp%2Fv2%2Fmedia&parent=2363"}],"wp:term":[{"taxonomy":"product_brand","embeddable":true,"href":"https:\/\/www.biotop-tunisie.com\/index.php?rest_route=%2Fwp%2Fv2%2Fproduct_brand&post=2363"},{"taxonomy":"product_cat","embeddable":true,"href":"https:\/\/www.biotop-tunisie.com\/index.php?rest_route=%2Fwp%2Fv2%2Fproduct_cat&post=2363"},{"taxonomy":"product_tag","embeddable":true,"href":"https:\/\/www.biotop-tunisie.com\/index.php?rest_route=%2Fwp%2Fv2%2Fproduct_tag&post=2363"}],"curies":[{"name":"wp","href":"https:\/\/api.w.org\/{rel}","templated":true}]}}