{"id":2374,"date":"2024-07-01T12:11:10","date_gmt":"2024-07-01T10:11:10","guid":{"rendered":"https:\/\/biotopsarl-tunisie.com\/?post_type=product&#038;p=2374"},"modified":"2024-07-04T11:49:40","modified_gmt":"2024-07-04T09:49:40","slug":"insuline","status":"publish","type":"product","link":"https:\/\/www.biotop-tunisie.com\/?product=insuline","title":{"rendered":"Insuline"},"content":{"rendered":"","protected":false},"excerpt":{"rendered":"<p>Le taux d\u2019insuline peut aider \u00e0 \u00e9valuer une hypoglyc\u00e9mie \u00e0 jeun, \u00e0 d\u00e9terminer la r\u00e9sistance \u00e0 l\u2019insuline ou bien afin de d\u00e9tecter des anomalies des cellules b\u00e9ta et leur fonction s\u00e9cr\u00e9toire.<\/p>\n<p><strong>Type d&rsquo;\u00e9chantillon<\/strong>: sang total, s\u00e9rum, Plasma<\/p>\n<p><strong>Lin\u00e9arit\u00e9<\/strong>: 2-300 \u00b5IU\/mL<\/p>\n<p><strong>Conditionnement: <\/strong>24 tests\/Kit<\/p>\n<p><strong class=\"marque_class\">Marque :<\/strong> Boditech<\/p>\n<p><code>[UAS_loggedin hint=\"\" ex=\"\"]<\/code><\/p>\n<p><a href=\"https:\/\/www.biotop-tunisie.com\/wp-content\/uploads\/2024\/07\/AFIAS_insulin_Rev00_230115E.pdf\">AFIAS_insulin<\/a><\/p>\n<pre><code>[\/UAS_loggedin]<\/code><\/pre>\n","protected":false},"featured_media":2377,"template":"","meta":[],"product_brand":[],"product_cat":[148],"product_tag":[],"class_list":{"0":"post-2374","1":"product","2":"type-product","3":"status-publish","4":"has-post-thumbnail","6":"product_cat-diabetes-reactif-afias1-6","8":"first","9":"instock","10":"taxable","11":"shipping-taxable","12":"product-type-simple"},"_links":{"self":[{"href":"https:\/\/www.biotop-tunisie.com\/index.php?rest_route=\/wp\/v2\/product\/2374","targetHints":{"allow":["GET"]}}],"collection":[{"href":"https:\/\/www.biotop-tunisie.com\/index.php?rest_route=\/wp\/v2\/product"}],"about":[{"href":"https:\/\/www.biotop-tunisie.com\/index.php?rest_route=\/wp\/v2\/types\/product"}],"wp:featuredmedia":[{"embeddable":true,"href":"https:\/\/www.biotop-tunisie.com\/index.php?rest_route=\/wp\/v2\/media\/2377"}],"wp:attachment":[{"href":"https:\/\/www.biotop-tunisie.com\/index.php?rest_route=%2Fwp%2Fv2%2Fmedia&parent=2374"}],"wp:term":[{"taxonomy":"product_brand","embeddable":true,"href":"https:\/\/www.biotop-tunisie.com\/index.php?rest_route=%2Fwp%2Fv2%2Fproduct_brand&post=2374"},{"taxonomy":"product_cat","embeddable":true,"href":"https:\/\/www.biotop-tunisie.com\/index.php?rest_route=%2Fwp%2Fv2%2Fproduct_cat&post=2374"},{"taxonomy":"product_tag","embeddable":true,"href":"https:\/\/www.biotop-tunisie.com\/index.php?rest_route=%2Fwp%2Fv2%2Fproduct_tag&post=2374"}],"curies":[{"name":"wp","href":"https:\/\/api.w.org\/{rel}","templated":true}]}}