{"id":2381,"date":"2024-07-01T12:32:51","date_gmt":"2024-07-01T10:32:51","guid":{"rendered":"https:\/\/biotopsarl-tunisie.com\/?post_type=product&#038;p=2381"},"modified":"2024-07-04T11:48:08","modified_gmt":"2024-07-04T09:48:08","slug":"insuline-2","status":"publish","type":"product","link":"https:\/\/www.biotop-tunisie.com\/?product=insuline-2","title":{"rendered":"Insuline"},"content":{"rendered":"","protected":false},"excerpt":{"rendered":"<p>Le taux d\u2019insuline peut aider \u00e0 \u00e9valuer une hypoglyc\u00e9mie \u00e0 jeun, \u00e0 d\u00e9terminer la r\u00e9sistance \u00e0 l\u2019insuline ou bien afin de d\u00e9tecter des anomalies des cellules b\u00e9ta et leur fonction s\u00e9cr\u00e9toire.<\/p>\n<p><strong>Type d&rsquo;\u00e9chantillon<\/strong>: sang total, s\u00e9rum, Plasma<\/p>\n<p><strong>Lin\u00e9arit\u00e9<\/strong>: 2-300 \u00b5IU\/mL<\/p>\n<p><strong>Conditionnement: <\/strong>25 tests\/Kit<\/p>\n<p><strong class=\"marque_class\">Marque :<\/strong> Boditech<\/p>\n<p><code>[UAS_loggedin hint=\"\" ex=\"\"]<\/code><\/p>\n<p>&nbsp;<\/p>\n<p><a href=\"https:\/\/www.biotop-tunisie.com\/wp-content\/uploads\/2024\/07\/QRG-IN-EN-ichroma-Insulin_Rev.00_240312.pdf\">[QRG-IN-EN] ichroma Insulin<\/a><\/p>\n<pre><code>[\/UAS_loggedin]<\/code><\/pre>\n","protected":false},"featured_media":2382,"template":"","meta":[],"product_brand":[],"product_cat":[151],"product_tag":[],"class_list":{"0":"post-2381","1":"product","2":"type-product","3":"status-publish","4":"has-post-thumbnail","6":"product_cat-diabetes-reactif-ichroma-ii","8":"first","9":"instock","10":"taxable","11":"shipping-taxable","12":"product-type-simple"},"_links":{"self":[{"href":"https:\/\/www.biotop-tunisie.com\/index.php?rest_route=\/wp\/v2\/product\/2381","targetHints":{"allow":["GET"]}}],"collection":[{"href":"https:\/\/www.biotop-tunisie.com\/index.php?rest_route=\/wp\/v2\/product"}],"about":[{"href":"https:\/\/www.biotop-tunisie.com\/index.php?rest_route=\/wp\/v2\/types\/product"}],"wp:featuredmedia":[{"embeddable":true,"href":"https:\/\/www.biotop-tunisie.com\/index.php?rest_route=\/wp\/v2\/media\/2382"}],"wp:attachment":[{"href":"https:\/\/www.biotop-tunisie.com\/index.php?rest_route=%2Fwp%2Fv2%2Fmedia&parent=2381"}],"wp:term":[{"taxonomy":"product_brand","embeddable":true,"href":"https:\/\/www.biotop-tunisie.com\/index.php?rest_route=%2Fwp%2Fv2%2Fproduct_brand&post=2381"},{"taxonomy":"product_cat","embeddable":true,"href":"https:\/\/www.biotop-tunisie.com\/index.php?rest_route=%2Fwp%2Fv2%2Fproduct_cat&post=2381"},{"taxonomy":"product_tag","embeddable":true,"href":"https:\/\/www.biotop-tunisie.com\/index.php?rest_route=%2Fwp%2Fv2%2Fproduct_tag&post=2381"}],"curies":[{"name":"wp","href":"https:\/\/api.w.org\/{rel}","templated":true}]}}