{"id":2409,"date":"2024-07-02T13:19:31","date_gmt":"2024-07-02T11:19:31","guid":{"rendered":"https:\/\/biotopsarl-tunisie.com\/?post_type=product&#038;p=2409"},"modified":"2024-07-02T13:25:10","modified_gmt":"2024-07-02T11:25:10","slug":"ca-19-9-3","status":"publish","type":"product","link":"https:\/\/www.biotop-tunisie.com\/?product=ca-19-9-3","title":{"rendered":"CA 19-9"},"content":{"rendered":"","protected":false},"excerpt":{"rendered":"<p>Une quantit\u00e9 \u00e9lev\u00e9e de CA 19-9 est le plus souvent caus\u00e9e par le cancer du pancr\u00e9as, mais elle peut \u00eatre \u00e9lev\u00e9e dans de nombreux autres cancers et autres maladies et elle n&rsquo;est pas utile pour les personnes qui sont n\u00e9gatives \u00e0 l&rsquo;antig\u00e8ne de Lewis.<\/p>\n<p><strong>Type d&rsquo;\u00e9chantillon<\/strong>: s\u00e9rum, plasma<\/p>\n<p><strong>Lin\u00e9arit\u00e9<\/strong>: 8 &#8211; 1000 U\/mL<\/p>\n<p><strong>Conditionnement: <\/strong>25 tests\/Kit<\/p>\n<p><strong class=\"marque_class\">Marque :<\/strong> Boditech<\/p>\n<p><code>[UAS_loggedin hint=\"\" ex=\"\"]<\/code><\/p>\n<p class=\"btn-link \" style=\"text-align: left;\"><a href=\"https:\/\/www.biotop-tunisie.com\/wp-content\/uploads\/2024\/07\/ichroma_CA19-9_Rev00_220916-QRG.pdf\">ichroma_CA19-9<\/a><\/p>\n<pre><code>[\/UAS_loggedin]<\/code><\/pre>\n","protected":false},"featured_media":2411,"template":"","meta":[],"product_brand":[],"product_cat":[152],"product_tag":[],"class_list":{"0":"post-2409","1":"product","2":"type-product","3":"status-publish","4":"has-post-thumbnail","6":"product_cat-cancer-reactif-ichroma-ii","8":"first","9":"instock","10":"taxable","11":"shipping-taxable","12":"product-type-simple"},"_links":{"self":[{"href":"https:\/\/www.biotop-tunisie.com\/index.php?rest_route=\/wp\/v2\/product\/2409","targetHints":{"allow":["GET"]}}],"collection":[{"href":"https:\/\/www.biotop-tunisie.com\/index.php?rest_route=\/wp\/v2\/product"}],"about":[{"href":"https:\/\/www.biotop-tunisie.com\/index.php?rest_route=\/wp\/v2\/types\/product"}],"wp:featuredmedia":[{"embeddable":true,"href":"https:\/\/www.biotop-tunisie.com\/index.php?rest_route=\/wp\/v2\/media\/2411"}],"wp:attachment":[{"href":"https:\/\/www.biotop-tunisie.com\/index.php?rest_route=%2Fwp%2Fv2%2Fmedia&parent=2409"}],"wp:term":[{"taxonomy":"product_brand","embeddable":true,"href":"https:\/\/www.biotop-tunisie.com\/index.php?rest_route=%2Fwp%2Fv2%2Fproduct_brand&post=2409"},{"taxonomy":"product_cat","embeddable":true,"href":"https:\/\/www.biotop-tunisie.com\/index.php?rest_route=%2Fwp%2Fv2%2Fproduct_cat&post=2409"},{"taxonomy":"product_tag","embeddable":true,"href":"https:\/\/www.biotop-tunisie.com\/index.php?rest_route=%2Fwp%2Fv2%2Fproduct_tag&post=2409"}],"curies":[{"name":"wp","href":"https:\/\/api.w.org\/{rel}","templated":true}]}}