{"id":2425,"date":"2024-07-04T11:29:05","date_gmt":"2024-07-04T09:29:05","guid":{"rendered":"https:\/\/biotopsarl-tunisie.com\/?post_type=product&#038;p=2425"},"modified":"2024-07-04T12:01:10","modified_gmt":"2024-07-04T10:01:10","slug":"pth","status":"publish","type":"product","link":"https:\/\/www.biotop-tunisie.com\/?product=pth","title":{"rendered":"PTH"},"content":{"rendered":"","protected":false},"excerpt":{"rendered":"<p>PTH aide au maintien de l\u2019\u00e9quilibre du calcium et phosphore dans le sang ainsi qu\u2019au maintien de la masse osseuse. Ce test permet le dosage de l\u2019hormone parathyro\u00efdienne, et\u00a0 aide au diagnostic des hypercalc\u00e9mies ou des hypocalc\u00e9mies, la diff\u00e9renciation des hyperparathyro\u00efdies primaire ou secondaire, la pr\u00e9vention et le suivi du traitement et du retentissement osseux dans la maladie r\u00e9nale chronique.<\/p>\n<p><strong>Type d&rsquo;\u00e9chantillon<\/strong>: sang total, s\u00e9rum, Plasma<\/p>\n<p><strong>Lin\u00e9arit\u00e9<\/strong>:\u00a0 30 &#8211; 3,000 pg\/mL<\/p>\n<p><strong>Temps de r\u00e9action:<\/strong> 12 minutes<\/p>\n<p><strong>Conditionnement: <\/strong>25 tests\/Kit<\/p>\n<p><code>[UAS_loggedin hint=\"\" ex=\"\"]<\/code><\/p>\n<p><a href=\"https:\/\/www.biotop-tunisie.com\/wp-content\/uploads\/2024\/07\/QRG-PH_EX-EN-ichroma-PTH_Rev.00_240312.pdf\">[QRG-PH_EX-EN] ichroma PTH<\/a><\/p>\n<pre><code>[\/UAS_loggedin]<\/code><\/pre>\n<p>&nbsp;<\/p>\n<p><strong class=\"marque_class\">Marque :<\/strong> Boditech<\/p>\n<p>&nbsp;<\/p>\n","protected":false},"featured_media":2427,"template":"","meta":[],"product_brand":[],"product_cat":[153],"product_tag":[],"class_list":{"0":"post-2425","1":"product","2":"type-product","3":"status-publish","4":"has-post-thumbnail","6":"product_cat-hormones-reactif-ichroma-ii","8":"first","9":"instock","10":"taxable","11":"shipping-taxable","12":"product-type-simple"},"_links":{"self":[{"href":"https:\/\/www.biotop-tunisie.com\/index.php?rest_route=\/wp\/v2\/product\/2425","targetHints":{"allow":["GET"]}}],"collection":[{"href":"https:\/\/www.biotop-tunisie.com\/index.php?rest_route=\/wp\/v2\/product"}],"about":[{"href":"https:\/\/www.biotop-tunisie.com\/index.php?rest_route=\/wp\/v2\/types\/product"}],"wp:featuredmedia":[{"embeddable":true,"href":"https:\/\/www.biotop-tunisie.com\/index.php?rest_route=\/wp\/v2\/media\/2427"}],"wp:attachment":[{"href":"https:\/\/www.biotop-tunisie.com\/index.php?rest_route=%2Fwp%2Fv2%2Fmedia&parent=2425"}],"wp:term":[{"taxonomy":"product_brand","embeddable":true,"href":"https:\/\/www.biotop-tunisie.com\/index.php?rest_route=%2Fwp%2Fv2%2Fproduct_brand&post=2425"},{"taxonomy":"product_cat","embeddable":true,"href":"https:\/\/www.biotop-tunisie.com\/index.php?rest_route=%2Fwp%2Fv2%2Fproduct_cat&post=2425"},{"taxonomy":"product_tag","embeddable":true,"href":"https:\/\/www.biotop-tunisie.com\/index.php?rest_route=%2Fwp%2Fv2%2Fproduct_tag&post=2425"}],"curies":[{"name":"wp","href":"https:\/\/api.w.org\/{rel}","templated":true}]}}