{"id":507,"date":"2020-05-07T12:48:38","date_gmt":"2020-05-07T10:48:38","guid":{"rendered":"https:\/\/hosting.smarty.ovh\/biotopsarl.com\/?post_type=product&#038;p=507"},"modified":"2021-12-03T15:12:14","modified_gmt":"2021-12-03T14:12:14","slug":"ichroma-ii","status":"publish","type":"product","link":"https:\/\/www.biotop-tunisie.com\/?product=ichroma-ii","title":{"rendered":"Ichroma II"},"content":{"rendered":"","protected":false},"excerpt":{"rendered":"<p>Notre syst\u00e8me d&rsquo;immuno-dosage I-CHROMA II par immunofluorescence:<br \/>\n-Multiparam\u00e9trique (HbA1c, CRP, Microalbumin, Procalcitonin,<br \/>\nD-Dimere, ASO, RF IgM etc&#8230;)<br \/>\n&#8211; R\u00e9sultats fiables et pr\u00e9cis valid\u00e9s par des syst\u00e8mes contr\u00f4le qualit\u00e9 (internes et externes)<br \/>\n&#8211; Test unitaire<\/p>\n<p>&nbsp;<\/p>\n<p class=\"btn-link \" style=\"text-align: left;\"><a href=\"https:\/\/www.biotop-tunisie.com\/wp-content\/uploads\/2020\/05\/Rev-09_ichroma-2_20191101_print_s.pdf\" target=\"_blank\" rel=\"noopener noreferrer\">Brochure Ichroma II<\/a><\/p>\n<p><strong class=\"marque_class\">Marque :<\/strong> Boditech<\/p>\n","protected":false},"featured_media":2086,"template":"","meta":[],"product_brand":[],"product_cat":[124],"product_tag":[],"class_list":{"0":"post-507","1":"product","2":"type-product","3":"status-publish","4":"has-post-thumbnail","6":"product_cat-appareils-hormonaux-et-serologie","8":"first","9":"instock","10":"taxable","11":"shipping-taxable","12":"product-type-simple"},"_links":{"self":[{"href":"https:\/\/www.biotop-tunisie.com\/index.php?rest_route=\/wp\/v2\/product\/507","targetHints":{"allow":["GET"]}}],"collection":[{"href":"https:\/\/www.biotop-tunisie.com\/index.php?rest_route=\/wp\/v2\/product"}],"about":[{"href":"https:\/\/www.biotop-tunisie.com\/index.php?rest_route=\/wp\/v2\/types\/product"}],"wp:featuredmedia":[{"embeddable":true,"href":"https:\/\/www.biotop-tunisie.com\/index.php?rest_route=\/wp\/v2\/media\/2086"}],"wp:attachment":[{"href":"https:\/\/www.biotop-tunisie.com\/index.php?rest_route=%2Fwp%2Fv2%2Fmedia&parent=507"}],"wp:term":[{"taxonomy":"product_brand","embeddable":true,"href":"https:\/\/www.biotop-tunisie.com\/index.php?rest_route=%2Fwp%2Fv2%2Fproduct_brand&post=507"},{"taxonomy":"product_cat","embeddable":true,"href":"https:\/\/www.biotop-tunisie.com\/index.php?rest_route=%2Fwp%2Fv2%2Fproduct_cat&post=507"},{"taxonomy":"product_tag","embeddable":true,"href":"https:\/\/www.biotop-tunisie.com\/index.php?rest_route=%2Fwp%2Fv2%2Fproduct_tag&post=507"}],"curies":[{"name":"wp","href":"https:\/\/api.w.org\/{rel}","templated":true}]}}