{"id":513,"date":"2020-05-08T10:17:14","date_gmt":"2020-05-08T08:17:14","guid":{"rendered":"https:\/\/hosting.smarty.ovh\/biotopsarl.com\/?post_type=product&#038;p=513"},"modified":"2020-10-27T16:02:54","modified_gmt":"2020-10-27T15:02:54","slug":"nt-probnp","status":"publish","type":"product","link":"https:\/\/www.biotop-tunisie.com\/?product=nt-probnp","title":{"rendered":"NT-proBNP"},"content":{"rendered":"","protected":false},"excerpt":{"rendered":"<p>La mesure de NT-proBNP dans le sang humain est utile non seulement pour le diagnostic de la maladie cardiaque, mais \u00e9galement pour l&rsquo;\u00e9valuation des patients suspect\u00e9s d&rsquo;insuffisance cardiaque\u200b\u200b et l&rsquo;\u00e9valuation de la gravit\u00e9 de la maladie.<\/p>\n<p><strong>Type d&rsquo;\u00e9chantillon: <\/strong>sang total, s\u00e9rum, plasma<\/p>\n<p><strong>Lin\u00e9arit\u00e9 :<\/strong>10-30,000 pg\/mL<\/p>\n<p><strong>Conditionnement: <\/strong>25 tests\/Kit<\/p>\n<p><strong class=\"marque_class\">Marque :<\/strong> Boditech<\/p>\n<p><code>[UAS_loggedin hint=\"\" ex=\"\"]<\/code><\/p>\n<p class=\"btn-link \" style=\"text-align: left;\"><a href=\"https:\/\/www.biotop-tunisie.com\/wp-content\/uploads\/2020\/05\/AFIAS_NT-proBNP_Rev01_200706E_page-0001.pdf\">AFIAS_NT-proBNP<\/a><\/p>\n<pre><code>[\/UAS_loggedin]<\/code><\/pre>\n","protected":false},"featured_media":1736,"template":"","meta":[],"product_brand":[],"product_cat":[134],"product_tag":[],"class_list":{"0":"post-513","1":"product","2":"type-product","3":"status-publish","4":"has-post-thumbnail","6":"product_cat-cardiaque-reactif-afias1-6","8":"first","9":"instock","10":"taxable","11":"shipping-taxable","12":"product-type-simple"},"_links":{"self":[{"href":"https:\/\/www.biotop-tunisie.com\/index.php?rest_route=\/wp\/v2\/product\/513","targetHints":{"allow":["GET"]}}],"collection":[{"href":"https:\/\/www.biotop-tunisie.com\/index.php?rest_route=\/wp\/v2\/product"}],"about":[{"href":"https:\/\/www.biotop-tunisie.com\/index.php?rest_route=\/wp\/v2\/types\/product"}],"wp:featuredmedia":[{"embeddable":true,"href":"https:\/\/www.biotop-tunisie.com\/index.php?rest_route=\/wp\/v2\/media\/1736"}],"wp:attachment":[{"href":"https:\/\/www.biotop-tunisie.com\/index.php?rest_route=%2Fwp%2Fv2%2Fmedia&parent=513"}],"wp:term":[{"taxonomy":"product_brand","embeddable":true,"href":"https:\/\/www.biotop-tunisie.com\/index.php?rest_route=%2Fwp%2Fv2%2Fproduct_brand&post=513"},{"taxonomy":"product_cat","embeddable":true,"href":"https:\/\/www.biotop-tunisie.com\/index.php?rest_route=%2Fwp%2Fv2%2Fproduct_cat&post=513"},{"taxonomy":"product_tag","embeddable":true,"href":"https:\/\/www.biotop-tunisie.com\/index.php?rest_route=%2Fwp%2Fv2%2Fproduct_tag&post=513"}],"curies":[{"name":"wp","href":"https:\/\/api.w.org\/{rel}","templated":true}]}}