{"id":519,"date":"2020-05-08T10:21:35","date_gmt":"2020-05-08T08:21:35","guid":{"rendered":"https:\/\/hosting.smarty.ovh\/biotopsarl.com\/?post_type=product&#038;p=519"},"modified":"2020-10-27T16:36:38","modified_gmt":"2020-10-27T15:36:38","slug":"afp-alpha-fetoprotein","status":"publish","type":"product","link":"https:\/\/www.biotop-tunisie.com\/?product=afp-alpha-fetoprotein","title":{"rendered":"AFP (alpha-Fetoprotein)"},"content":{"rendered":"","protected":false},"excerpt":{"rendered":"<p>L&rsquo;alpha-foetoprot\u00e9ine (AFP) \u00a0est produite principalement dans le foie du f\u0153tus en d\u00e9veloppement. Il peut \u00eatre trouv\u00e9 dans le sang maternel et dans le liquide amniotique car il est s\u00e9cr\u00e9t\u00e9 dans le s\u00e9rum f\u0153tal. l&rsquo;AFP est bien connue pour \u00eatre un indicateur pronostique important du cancer testiculaire non s\u00e9minomateux, son r\u00f4le le plus d\u00e9finitif est de surveiller l&rsquo;\u00e9tat clinique post-traitement et l&rsquo;\u00e9valuation post th\u00e9rapeutique des patients<strong>.<\/strong><\/p>\n<p><strong>Type d&rsquo;\u00e9chantillon<\/strong>: sang total, s\u00e9rum, plasma<\/p>\n<p><strong>Lin\u00e9arit\u00e9<\/strong>: 5-350 ng\/mL<\/p>\n<p><strong>Conditionnement: <\/strong>25 tests\/Kit<\/p>\n<p><strong class=\"marque_class\">Marque :<\/strong> Boditech<\/p>\n<p><code>[UAS_loggedin hint=\"\" ex=\"\"]<\/code><\/p>\n<p class=\"btn-link \" style=\"text-align: left;\"><a href=\"https:\/\/www.biotop-tunisie.com\/wp-content\/uploads\/2020\/05\/AFIAS_AFP_Rev01_200706E_page-0001.pdf\">AFIAS_AFP<\/a><\/p>\n<pre><code>[\/UAS_loggedin]<\/code><\/pre>\n","protected":false},"featured_media":1721,"template":"","meta":[],"product_brand":[],"product_cat":[135],"product_tag":[],"class_list":{"0":"post-519","1":"product","2":"type-product","3":"status-publish","4":"has-post-thumbnail","6":"product_cat-cancer-reactif-afias1-6","8":"first","9":"instock","10":"taxable","11":"shipping-taxable","12":"product-type-simple"},"_links":{"self":[{"href":"https:\/\/www.biotop-tunisie.com\/index.php?rest_route=\/wp\/v2\/product\/519","targetHints":{"allow":["GET"]}}],"collection":[{"href":"https:\/\/www.biotop-tunisie.com\/index.php?rest_route=\/wp\/v2\/product"}],"about":[{"href":"https:\/\/www.biotop-tunisie.com\/index.php?rest_route=\/wp\/v2\/types\/product"}],"wp:featuredmedia":[{"embeddable":true,"href":"https:\/\/www.biotop-tunisie.com\/index.php?rest_route=\/wp\/v2\/media\/1721"}],"wp:attachment":[{"href":"https:\/\/www.biotop-tunisie.com\/index.php?rest_route=%2Fwp%2Fv2%2Fmedia&parent=519"}],"wp:term":[{"taxonomy":"product_brand","embeddable":true,"href":"https:\/\/www.biotop-tunisie.com\/index.php?rest_route=%2Fwp%2Fv2%2Fproduct_brand&post=519"},{"taxonomy":"product_cat","embeddable":true,"href":"https:\/\/www.biotop-tunisie.com\/index.php?rest_route=%2Fwp%2Fv2%2Fproduct_cat&post=519"},{"taxonomy":"product_tag","embeddable":true,"href":"https:\/\/www.biotop-tunisie.com\/index.php?rest_route=%2Fwp%2Fv2%2Fproduct_tag&post=519"}],"curies":[{"name":"wp","href":"https:\/\/api.w.org\/{rel}","templated":true}]}}