{"id":520,"date":"2020-05-08T10:22:04","date_gmt":"2020-05-08T08:22:04","guid":{"rendered":"https:\/\/hosting.smarty.ovh\/biotopsarl.com\/?post_type=product&#038;p=520"},"modified":"2020-10-27T16:21:08","modified_gmt":"2020-10-27T15:21:08","slug":"cea-oncofetalglycoprotein","status":"publish","type":"product","link":"https:\/\/www.biotop-tunisie.com\/?product=cea-oncofetalglycoprotein","title":{"rendered":"CEA (oncofetalglycoprotein)"},"content":{"rendered":"","protected":false},"excerpt":{"rendered":"<p>CEA est une glycoprot\u00e9ine oncof\u0153tale, qui se trouve \u00e0 des niveaux \u00e9lev\u00e9s dans le c\u00f4lon foetal et \u00e0 des niveaux inf\u00e9rieurs dans l&rsquo;\u00e9pith\u00e9lium colique adulte normal. L&rsquo;AEC survient \u00e0 des niveaux anormalement \u00e9lev\u00e9s dans plusieurs troubles b\u00e9nins et dans certaines tumeurs malignes, ses taux s\u00e9riques ont \u00e9t\u00e9 utiles dans le suivi des individus pour la r\u00e9cidive du cancer.<\/p>\n<p><strong>Type d&rsquo;\u00e9chantillon<\/strong>: s\u00e9rum, plasma<\/p>\n<p><strong>Lin\u00e9arit\u00e9<\/strong>: 1-500 ng\/mL<\/p>\n<p><strong>Conditionnement: <\/strong>25 tests\/Kit<\/p>\n<p><strong class=\"marque_class\">Marque :<\/strong> Boditech<\/p>\n<p><code>[UAS_loggedin hint=\"\" ex=\"\"]<\/code><\/p>\n<p class=\"btn-link \" style=\"text-align: left;\"><a href=\"https:\/\/www.biotop-tunisie.com\/wp-content\/uploads\/2020\/05\/AFIAS_CEA_Rev01_200706E_page-0001-1.pdf\">AFIAS_CEA <\/a><\/p>\n<pre><code>[\/UAS_loggedin]<\/code><\/pre>\n","protected":false},"featured_media":1723,"template":"","meta":[],"product_brand":[],"product_cat":[135],"product_tag":[],"class_list":{"0":"post-520","1":"product","2":"type-product","3":"status-publish","4":"has-post-thumbnail","6":"product_cat-cancer-reactif-afias1-6","8":"first","9":"instock","10":"taxable","11":"shipping-taxable","12":"product-type-simple"},"_links":{"self":[{"href":"https:\/\/www.biotop-tunisie.com\/index.php?rest_route=\/wp\/v2\/product\/520","targetHints":{"allow":["GET"]}}],"collection":[{"href":"https:\/\/www.biotop-tunisie.com\/index.php?rest_route=\/wp\/v2\/product"}],"about":[{"href":"https:\/\/www.biotop-tunisie.com\/index.php?rest_route=\/wp\/v2\/types\/product"}],"wp:featuredmedia":[{"embeddable":true,"href":"https:\/\/www.biotop-tunisie.com\/index.php?rest_route=\/wp\/v2\/media\/1723"}],"wp:attachment":[{"href":"https:\/\/www.biotop-tunisie.com\/index.php?rest_route=%2Fwp%2Fv2%2Fmedia&parent=520"}],"wp:term":[{"taxonomy":"product_brand","embeddable":true,"href":"https:\/\/www.biotop-tunisie.com\/index.php?rest_route=%2Fwp%2Fv2%2Fproduct_brand&post=520"},{"taxonomy":"product_cat","embeddable":true,"href":"https:\/\/www.biotop-tunisie.com\/index.php?rest_route=%2Fwp%2Fv2%2Fproduct_cat&post=520"},{"taxonomy":"product_tag","embeddable":true,"href":"https:\/\/www.biotop-tunisie.com\/index.php?rest_route=%2Fwp%2Fv2%2Fproduct_tag&post=520"}],"curies":[{"name":"wp","href":"https:\/\/api.w.org\/{rel}","templated":true}]}}