{"id":526,"date":"2020-05-08T10:25:40","date_gmt":"2020-05-08T08:25:40","guid":{"rendered":"https:\/\/hosting.smarty.ovh\/biotopsarl.com\/?post_type=product&#038;p=526"},"modified":"2020-10-28T15:24:38","modified_gmt":"2020-10-28T14:24:38","slug":"prl","status":"publish","type":"product","link":"https:\/\/www.biotop-tunisie.com\/?product=prl","title":{"rendered":"PRL"},"content":{"rendered":"","protected":false},"excerpt":{"rendered":"<p>La prolactine humaine (PRL: hormone lactog\u00e8ne) est s\u00e9cr\u00e9t\u00e9e par l&rsquo;hypophyse ant\u00e9rieure chez les hommes et les femmes. Pendant la grossesse, le niveau de PRL augmente progressivement jusqu&rsquo;\u00e0 10 et 20 fois la valeur normale. La d\u00e9termination de la concentration de PRL est utile pour diagnostiquer les troubles hypothalamo-hypophysaires.<\/p>\n<p><strong>Type d&rsquo;\u00e9chantillon<\/strong>: sang, s\u00e9rum, plasma<\/p>\n<p><strong>Lin\u00e9arit\u00e9<\/strong>:<\/p>\n<ul>\n<li>normal: 1-100 ng\/mL<\/li>\n<li>Plus: 0,5 &#8211; 200 ng\/mL<\/li>\n<\/ul>\n<p><strong class=\"marque_class\">Marque :<\/strong> Boditech<\/p>\n<p><code>[UAS_loggedin hint=\"\" ex=\"\"]<\/code><\/p>\n<p class=\"btn-link \" style=\"text-align: left;\"><a href=\"https:\/\/www.biotop-tunisie.com\/wp-content\/uploads\/2020\/05\/AFIAS_PRL_Rev01_200706E_page-0001.pdf\">AFIAS_PRL<\/a><\/p>\n<p class=\"btn-link \" style=\"text-align: left;\"><a href=\"https:\/\/www.biotop-tunisie.com\/wp-content\/uploads\/2020\/05\/AFIAS_PRLplus_Rev01_200706E_page-0001-1.pdf\">AFIAS_PRLplus<\/a><\/p>\n<pre><code>[\/UAS_loggedin]<\/code><\/pre>\n","protected":false},"featured_media":1726,"template":"","meta":[],"product_brand":[],"product_cat":[136],"product_tag":[],"class_list":{"0":"post-526","1":"product","2":"type-product","3":"status-publish","4":"has-post-thumbnail","6":"product_cat-hormones-reactif-afias1-6","8":"first","9":"instock","10":"taxable","11":"shipping-taxable","12":"product-type-simple"},"_links":{"self":[{"href":"https:\/\/www.biotop-tunisie.com\/index.php?rest_route=\/wp\/v2\/product\/526","targetHints":{"allow":["GET"]}}],"collection":[{"href":"https:\/\/www.biotop-tunisie.com\/index.php?rest_route=\/wp\/v2\/product"}],"about":[{"href":"https:\/\/www.biotop-tunisie.com\/index.php?rest_route=\/wp\/v2\/types\/product"}],"wp:featuredmedia":[{"embeddable":true,"href":"https:\/\/www.biotop-tunisie.com\/index.php?rest_route=\/wp\/v2\/media\/1726"}],"wp:attachment":[{"href":"https:\/\/www.biotop-tunisie.com\/index.php?rest_route=%2Fwp%2Fv2%2Fmedia&parent=526"}],"wp:term":[{"taxonomy":"product_brand","embeddable":true,"href":"https:\/\/www.biotop-tunisie.com\/index.php?rest_route=%2Fwp%2Fv2%2Fproduct_brand&post=526"},{"taxonomy":"product_cat","embeddable":true,"href":"https:\/\/www.biotop-tunisie.com\/index.php?rest_route=%2Fwp%2Fv2%2Fproduct_cat&post=526"},{"taxonomy":"product_tag","embeddable":true,"href":"https:\/\/www.biotop-tunisie.com\/index.php?rest_route=%2Fwp%2Fv2%2Fproduct_tag&post=526"}],"curies":[{"name":"wp","href":"https:\/\/api.w.org\/{rel}","templated":true}]}}