{"id":528,"date":"2020-05-08T10:26:44","date_gmt":"2020-05-08T08:26:44","guid":{"rendered":"https:\/\/hosting.smarty.ovh\/biotopsarl.com\/?post_type=product&#038;p=528"},"modified":"2020-10-28T15:46:18","modified_gmt":"2020-10-28T14:46:18","slug":"cortisol","status":"publish","type":"product","link":"https:\/\/www.biotop-tunisie.com\/?product=cortisol","title":{"rendered":"Cortisol"},"content":{"rendered":"","protected":false},"excerpt":{"rendered":"<p>Le test de cortisol est effectu\u00e9 sur des patients qui peuvent avoir des glandes surr\u00e9nales d\u00e9fectueuses. Le niveau de cortisol augmente et diminue normalement pendant la journ\u00e9e. Il culmine \u00e0 son plus haut niveau entre 6 et 8 heures du matin et tombe progressivement, atteignant son point le plus bas vers minuit. Lorsque le niveau de cortisol est mesur\u00e9, un \u00e9chantillon de sang est g\u00e9n\u00e9ralement pr\u00e9lev\u00e9 \u00e0 8 heures du matin et \u00e0 nouveau \u00e0 16 heures. Il convient de noter que les valeurs normales peuvent \u00eatre ajust\u00e9es chez les personnes qui ont travaill\u00e9 pendant la nuit et qui ont dormi pendant la journ\u00e9e pendant de longues p\u00e9riodes.<\/p>\n<p><strong>Type d&rsquo;\u00e9chantillon<\/strong>: sang total, s\u00e9rum, plasma<\/p>\n<p><strong>Lin\u00e9arit\u00e9<\/strong>: 80-800 nmol\/L<\/p>\n<p><strong class=\"marque_class\">Marque :<\/strong> Boditech<\/p>\n<p><code>[UAS_loggedin hint=\"\" ex=\"\"]<\/code><\/p>\n<p class=\"btn-link \" style=\"text-align: left;\"><a href=\"https:\/\/www.biotop-tunisie.com\/wp-content\/uploads\/2020\/05\/AFIAS_Cortisol_Rev01_200706E_page-0001.pdf\">AFIAS_Cortisol_<\/a><\/p>\n<pre><code>[\/UAS_loggedin]<\/code><\/pre>\n","protected":false},"featured_media":1728,"template":"","meta":[],"product_brand":[],"product_cat":[136],"product_tag":[],"class_list":{"0":"post-528","1":"product","2":"type-product","3":"status-publish","4":"has-post-thumbnail","6":"product_cat-hormones-reactif-afias1-6","8":"first","9":"instock","10":"taxable","11":"shipping-taxable","12":"product-type-simple"},"_links":{"self":[{"href":"https:\/\/www.biotop-tunisie.com\/index.php?rest_route=\/wp\/v2\/product\/528","targetHints":{"allow":["GET"]}}],"collection":[{"href":"https:\/\/www.biotop-tunisie.com\/index.php?rest_route=\/wp\/v2\/product"}],"about":[{"href":"https:\/\/www.biotop-tunisie.com\/index.php?rest_route=\/wp\/v2\/types\/product"}],"wp:featuredmedia":[{"embeddable":true,"href":"https:\/\/www.biotop-tunisie.com\/index.php?rest_route=\/wp\/v2\/media\/1728"}],"wp:attachment":[{"href":"https:\/\/www.biotop-tunisie.com\/index.php?rest_route=%2Fwp%2Fv2%2Fmedia&parent=528"}],"wp:term":[{"taxonomy":"product_brand","embeddable":true,"href":"https:\/\/www.biotop-tunisie.com\/index.php?rest_route=%2Fwp%2Fv2%2Fproduct_brand&post=528"},{"taxonomy":"product_cat","embeddable":true,"href":"https:\/\/www.biotop-tunisie.com\/index.php?rest_route=%2Fwp%2Fv2%2Fproduct_cat&post=528"},{"taxonomy":"product_tag","embeddable":true,"href":"https:\/\/www.biotop-tunisie.com\/index.php?rest_route=%2Fwp%2Fv2%2Fproduct_tag&post=528"}],"curies":[{"name":"wp","href":"https:\/\/api.w.org\/{rel}","templated":true}]}}