{"id":535,"date":"2020-05-08T10:31:29","date_gmt":"2020-05-08T08:31:29","guid":{"rendered":"https:\/\/hosting.smarty.ovh\/biotopsarl.com\/?post_type=product&#038;p=535"},"modified":"2020-10-28T14:40:18","modified_gmt":"2020-10-28T13:40:18","slug":"anti-hbs","status":"publish","type":"product","link":"https:\/\/www.biotop-tunisie.com\/?product=anti-hbs","title":{"rendered":"Anti-HBs"},"content":{"rendered":"","protected":false},"excerpt":{"rendered":"<p>L&rsquo;h\u00e9patite virale est un grave probl\u00e8me de sant\u00e9 mondial affectant plus de deux milliards de personnes dans le monde. La d\u00e9termination des anticorps dirig\u00e9s contre l\u2019antig\u00e8ne de surface du VHB (anti-HBs) est utilis\u00e9e pour \u00e9valuer l\u2019\u00e9tat immunitaire d\u2019une personne vis-\u00e0-vis d\u2019une infection par le virus ou pour faciliter le diagnostic en laboratoire. Le test est r\u00e9alis\u00e9 pour \u00e9valuer la n\u00e9cessit\u00e9 de la vaccination (si les anti-HBs sont absents ou en dessous des niveaux consid\u00e9r\u00e9s comme protecteurs), apr\u00e8s la vaccination contre le VHB dans les groupes \u00e0 haut risque (agents de sant\u00e9, patients insuffisants r\u00e9naux chroniques, personnes infect\u00e9es par le VIH), ou pour surveiller la gu\u00e9rison d&rsquo;une infection aigu\u00eb par le VHB. La pr\u00e9sence d&rsquo;anti-HBs apr\u00e8s une infection aigu\u00eb indique g\u00e9n\u00e9ralement une gu\u00e9rison et une immunit\u00e9 \u00e0 la r\u00e9infection.<\/p>\n<p><strong>Type d&rsquo;\u00e9chantillon<\/strong>: sang total, s\u00e9rum, plasma<\/p>\n<p><strong>Lin\u00e9arit\u00e9<\/strong>: 0 -500 mIU\/mL<\/p>\n<p><strong class=\"marque_class\">Marque :<\/strong> Boditech<\/p>\n<p><code>[UAS_loggedin hint=\"\" ex=\"\"]<\/code><\/p>\n<p class=\"btn-link \" style=\"text-align: left;\"><a href=\"https:\/\/www.biotop-tunisie.com\/wp-content\/uploads\/2020\/05\/AFIAS_Anti-HBs_Rev01_200706E_page-0001.pdf\">AFIAS_Anti-HBs <\/a><\/p>\n<pre><code>[\/UAS_loggedin]<\/code><\/pre>\n","protected":false},"featured_media":1718,"template":"","meta":[],"product_brand":[],"product_cat":[137],"product_tag":[],"class_list":{"0":"post-535","1":"product","2":"type-product","3":"status-publish","4":"has-post-thumbnail","6":"product_cat-infection-reactif-afias1-6","8":"first","9":"instock","10":"taxable","11":"shipping-taxable","12":"product-type-simple"},"_links":{"self":[{"href":"https:\/\/www.biotop-tunisie.com\/index.php?rest_route=\/wp\/v2\/product\/535","targetHints":{"allow":["GET"]}}],"collection":[{"href":"https:\/\/www.biotop-tunisie.com\/index.php?rest_route=\/wp\/v2\/product"}],"about":[{"href":"https:\/\/www.biotop-tunisie.com\/index.php?rest_route=\/wp\/v2\/types\/product"}],"wp:featuredmedia":[{"embeddable":true,"href":"https:\/\/www.biotop-tunisie.com\/index.php?rest_route=\/wp\/v2\/media\/1718"}],"wp:attachment":[{"href":"https:\/\/www.biotop-tunisie.com\/index.php?rest_route=%2Fwp%2Fv2%2Fmedia&parent=535"}],"wp:term":[{"taxonomy":"product_brand","embeddable":true,"href":"https:\/\/www.biotop-tunisie.com\/index.php?rest_route=%2Fwp%2Fv2%2Fproduct_brand&post=535"},{"taxonomy":"product_cat","embeddable":true,"href":"https:\/\/www.biotop-tunisie.com\/index.php?rest_route=%2Fwp%2Fv2%2Fproduct_cat&post=535"},{"taxonomy":"product_tag","embeddable":true,"href":"https:\/\/www.biotop-tunisie.com\/index.php?rest_route=%2Fwp%2Fv2%2Fproduct_tag&post=535"}],"curies":[{"name":"wp","href":"https:\/\/api.w.org\/{rel}","templated":true}]}}