{"id":536,"date":"2020-05-08T10:31:57","date_gmt":"2020-05-08T08:31:57","guid":{"rendered":"https:\/\/hosting.smarty.ovh\/biotopsarl.com\/?post_type=product&#038;p=536"},"modified":"2020-10-28T14:32:09","modified_gmt":"2020-10-28T13:32:09","slug":"anti-hcv","status":"publish","type":"product","link":"https:\/\/www.biotop-tunisie.com\/?product=anti-hcv","title":{"rendered":"Anti-HCV"},"content":{"rendered":"","protected":false},"excerpt":{"rendered":"<p>L&rsquo;infection par le virus de l&rsquo;h\u00e9patite C (VHC) est un probl\u00e8me de sant\u00e9 publique mondial avec une pr\u00e9valence mondiale de 2 \u00e0 3%. On estime qu&rsquo;environ 170 millions de personnes sont actuellement infect\u00e9es (environ 3% de la population mondiale) et que 3 \u00e0 4 millions de plus sont infect\u00e9es chaque ann\u00e9e. Le VHC est une cause fr\u00e9quente de maladies chroniques du foie telles que l&rsquo;h\u00e9patite, et repr\u00e9sente la principale cause de transplantation h\u00e9patique dans les pays d\u00e9velopp\u00e9s et il est principalement transmis par le sang. La d\u00e9tection des anti-VHC dans le s\u00e9rum ou le plasma est utilis\u00e9e pour le d\u00e9pistage d&rsquo;un groupe \u00e0 haut risque et pour le diagnostic de l&rsquo;h\u00e9patite C aigu\u00eb ou chronique.<\/p>\n<p><strong>Type d&rsquo;\u00e9chantillon<\/strong>: sang total, s\u00e9rum, plasma<\/p>\n<p><strong>Lin\u00e9arit\u00e9<\/strong>: 0 -300 COI<\/p>\n<p><strong class=\"marque_class\">Marque :<\/strong> Boditech<\/p>\n<p><code>[UAS_loggedin hint=\"\" ex=\"]<\/code><\/p>\n<p class=\"btn-link \" style=\"text-align: left;\"><a href=\"https:\/\/www.biotop-tunisie.com\/wp-content\/uploads\/2020\/05\/AFIAS_Anti-HCV_Rev01_200706E_page-0001.pdf\">AFIAS_Anti-HCV<\/a><\/p>\n<pre><code>[\/UAS_loggedin]<\/code><\/pre>\n","protected":false},"featured_media":1717,"template":"","meta":[],"product_brand":[],"product_cat":[137],"product_tag":[],"class_list":{"0":"post-536","1":"product","2":"type-product","3":"status-publish","4":"has-post-thumbnail","6":"product_cat-infection-reactif-afias1-6","8":"first","9":"instock","10":"taxable","11":"shipping-taxable","12":"product-type-simple"},"_links":{"self":[{"href":"https:\/\/www.biotop-tunisie.com\/index.php?rest_route=\/wp\/v2\/product\/536","targetHints":{"allow":["GET"]}}],"collection":[{"href":"https:\/\/www.biotop-tunisie.com\/index.php?rest_route=\/wp\/v2\/product"}],"about":[{"href":"https:\/\/www.biotop-tunisie.com\/index.php?rest_route=\/wp\/v2\/types\/product"}],"wp:featuredmedia":[{"embeddable":true,"href":"https:\/\/www.biotop-tunisie.com\/index.php?rest_route=\/wp\/v2\/media\/1717"}],"wp:attachment":[{"href":"https:\/\/www.biotop-tunisie.com\/index.php?rest_route=%2Fwp%2Fv2%2Fmedia&parent=536"}],"wp:term":[{"taxonomy":"product_brand","embeddable":true,"href":"https:\/\/www.biotop-tunisie.com\/index.php?rest_route=%2Fwp%2Fv2%2Fproduct_brand&post=536"},{"taxonomy":"product_cat","embeddable":true,"href":"https:\/\/www.biotop-tunisie.com\/index.php?rest_route=%2Fwp%2Fv2%2Fproduct_cat&post=536"},{"taxonomy":"product_tag","embeddable":true,"href":"https:\/\/www.biotop-tunisie.com\/index.php?rest_route=%2Fwp%2Fv2%2Fproduct_tag&post=536"}],"curies":[{"name":"wp","href":"https:\/\/api.w.org\/{rel}","templated":true}]}}