{"id":547,"date":"2020-05-08T10:48:53","date_gmt":"2020-05-08T08:48:53","guid":{"rendered":"https:\/\/hosting.smarty.ovh\/biotopsarl.com\/?post_type=product&#038;p=547"},"modified":"2021-11-30T16:01:14","modified_gmt":"2021-11-30T15:01:14","slug":"minilite-plus","status":"publish","type":"product","link":"https:\/\/www.biotop-tunisie.com\/?product=minilite-plus","title":{"rendered":"Minilite plus"},"content":{"rendered":"","protected":false},"excerpt":{"rendered":"<p>Automate d\u2019\u00e9lectrophor\u00e8se prot\u00e9ines s\u00e9riques\/H\u00e9moglobine :<\/p>\n<p>&#8211; Proc\u00e9dure compl\u00e8te : migration, coloration, d\u00e9coloration et lecture.<\/p>\n<p>&#8211; Type d&rsquo;analyses: Prot\u00e9ines s\u00e9riques, H\u00e9moglobines, Lipoprot\u00e9ines.<\/p>\n<p>-Dur\u00e9e du test : 30 minutes<\/p>\n<p>-Nombre de patients : de 1 \u00e0 8 patients<\/p>\n<p><u>Dimensions<\/u> : 37x36x36 (cm)<\/p>\n<p><u>Poids <\/u>: 35 kg<\/p>\n<p class=\"btn-link \" style=\"text-align: left;\"><a href=\"https:\/\/www.biotop-tunisie.com\/wp-content\/uploads\/2020\/05\/MiniLITE-PLUS-flyer.pdf\" target=\"_blank\" rel=\"noopener noreferrer\">Brochure Minilite plus<\/a><\/p>\n<p><strong class=\"marque_class\">Marque :<\/strong> Cell start project<\/p>\n","protected":false},"featured_media":2084,"template":"","meta":[],"product_brand":[],"product_cat":[117],"product_tag":[],"class_list":{"0":"post-547","1":"product","2":"type-product","3":"status-publish","4":"has-post-thumbnail","6":"product_cat-appareils-electrophoreseepr","8":"first","9":"instock","10":"taxable","11":"shipping-taxable","12":"product-type-simple"},"_links":{"self":[{"href":"https:\/\/www.biotop-tunisie.com\/index.php?rest_route=\/wp\/v2\/product\/547","targetHints":{"allow":["GET"]}}],"collection":[{"href":"https:\/\/www.biotop-tunisie.com\/index.php?rest_route=\/wp\/v2\/product"}],"about":[{"href":"https:\/\/www.biotop-tunisie.com\/index.php?rest_route=\/wp\/v2\/types\/product"}],"wp:featuredmedia":[{"embeddable":true,"href":"https:\/\/www.biotop-tunisie.com\/index.php?rest_route=\/wp\/v2\/media\/2084"}],"wp:attachment":[{"href":"https:\/\/www.biotop-tunisie.com\/index.php?rest_route=%2Fwp%2Fv2%2Fmedia&parent=547"}],"wp:term":[{"taxonomy":"product_brand","embeddable":true,"href":"https:\/\/www.biotop-tunisie.com\/index.php?rest_route=%2Fwp%2Fv2%2Fproduct_brand&post=547"},{"taxonomy":"product_cat","embeddable":true,"href":"https:\/\/www.biotop-tunisie.com\/index.php?rest_route=%2Fwp%2Fv2%2Fproduct_cat&post=547"},{"taxonomy":"product_tag","embeddable":true,"href":"https:\/\/www.biotop-tunisie.com\/index.php?rest_route=%2Fwp%2Fv2%2Fproduct_tag&post=547"}],"curies":[{"name":"wp","href":"https:\/\/api.w.org\/{rel}","templated":true}]}}