{"id":550,"date":"2020-05-08T10:50:57","date_gmt":"2020-05-08T08:50:57","guid":{"rendered":"https:\/\/hosting.smarty.ovh\/biotopsarl.com\/?post_type=product&#038;p=550"},"modified":"2021-06-28T11:35:10","modified_gmt":"2021-06-28T09:35:10","slug":"kit-proteines-seriques-100-tests","status":"publish","type":"product","link":"https:\/\/www.biotop-tunisie.com\/?product=kit-proteines-seriques-100-tests","title":{"rendered":"Kit Prot\u00e9ines s\u00e9riques (100 tests)"},"content":{"rendered":"","protected":false},"excerpt":{"rendered":"<p><strong>Principe: <\/strong>L\u2019\u00e9lectrophor\u00e8se permet la s\u00e9paration des prot\u00e9ines s\u00e9riques selon leur charge \u00e9lectrique. La s\u00e9paration se fait dans un tampon alcalin<strong>, <\/strong>les prot\u00e9ines sont ensuite fix\u00e9s et color\u00e9s par du rouge ponceau. Le reste sera d\u00e9color\u00e9 gr\u00e2ce \u00e0 une solution acide.<\/p>\n<p>La lecture des bandes se fait <strong>par densitom\u00e9trie <\/strong>et nous permet d\u2019avoir une courbe avec les 5 Prot\u00e9ines en %.<\/p>\n<p>Le kit contient:<\/p>\n<p>-R1 tampon de migration (50mL)<\/p>\n<p>-un d\u00e9colorant R2 (2*125mL)<\/p>\n<p>-un colorant R3 (100mL)<\/p>\n<p>-25 Membranes d\u2019ac\u00e9tate\u00a0 de cellulose.<\/p>\n<p><strong class=\"marque_class\">Marque :<\/strong> Cell start project<\/p>\n<p><code>[UAS_loggedin hint=\"\" ex=\"\"]<\/code><\/p>\n<p class=\"btn-link \" style=\"text-align: left;\"><a href=\"https:\/\/www.biotop-tunisie.com\/wp-content\/uploads\/2020\/05\/Kit-Prot\u00e9ines-s\u00e9riques-100-tests.pdf\" target=\"_blank\" rel=\"noopener noreferrer\">Fiche technique<\/a><\/p>\n<pre><code>[\/UAS_loggedin]<\/code><\/pre>\n","protected":false},"featured_media":737,"template":"","meta":[],"product_brand":[],"product_cat":[118],"product_tag":[],"class_list":{"0":"post-550","1":"product","2":"type-product","3":"status-publish","4":"has-post-thumbnail","6":"product_cat-reactifs-electrophoreseepr","8":"first","9":"instock","10":"taxable","11":"shipping-taxable","12":"product-type-simple"},"_links":{"self":[{"href":"https:\/\/www.biotop-tunisie.com\/index.php?rest_route=\/wp\/v2\/product\/550","targetHints":{"allow":["GET"]}}],"collection":[{"href":"https:\/\/www.biotop-tunisie.com\/index.php?rest_route=\/wp\/v2\/product"}],"about":[{"href":"https:\/\/www.biotop-tunisie.com\/index.php?rest_route=\/wp\/v2\/types\/product"}],"wp:featuredmedia":[{"embeddable":true,"href":"https:\/\/www.biotop-tunisie.com\/index.php?rest_route=\/wp\/v2\/media\/737"}],"wp:attachment":[{"href":"https:\/\/www.biotop-tunisie.com\/index.php?rest_route=%2Fwp%2Fv2%2Fmedia&parent=550"}],"wp:term":[{"taxonomy":"product_brand","embeddable":true,"href":"https:\/\/www.biotop-tunisie.com\/index.php?rest_route=%2Fwp%2Fv2%2Fproduct_brand&post=550"},{"taxonomy":"product_cat","embeddable":true,"href":"https:\/\/www.biotop-tunisie.com\/index.php?rest_route=%2Fwp%2Fv2%2Fproduct_cat&post=550"},{"taxonomy":"product_tag","embeddable":true,"href":"https:\/\/www.biotop-tunisie.com\/index.php?rest_route=%2Fwp%2Fv2%2Fproduct_tag&post=550"}],"curies":[{"name":"wp","href":"https:\/\/api.w.org\/{rel}","templated":true}]}}