{"id":552,"date":"2020-05-08T10:52:09","date_gmt":"2020-05-08T08:52:09","guid":{"rendered":"https:\/\/hosting.smarty.ovh\/biotopsarl.com\/?post_type=product&#038;p=552"},"modified":"2021-06-28T11:33:58","modified_gmt":"2021-06-28T09:33:58","slug":"kit-hemoglobine-80-tests","status":"publish","type":"product","link":"https:\/\/www.biotop-tunisie.com\/?product=kit-hemoglobine-80-tests","title":{"rendered":"Kit h\u00e9moglobine (80 tests)"},"content":{"rendered":"","protected":false},"excerpt":{"rendered":"<p><strong>Principe:\u00a0<\/strong> les variants d&rsquo;h\u00e9moglobine sont s\u00e9par\u00e9s par \u00e9lectrophor\u00e8se sur une plaque d&rsquo;ac\u00e9tate de cellulose dans un tampon sp\u00e9cifique, apr\u00e8s s\u00e9paration les fractions sont fix\u00e9es, color\u00e9es et d\u00e9color\u00e9es par les r\u00e9actifs du Kit. Ensuite le pourcentage de chaque variant est calcul\u00e9 par densitom\u00e9trie optique.<\/p>\n<p>Le kit contient:<\/p>\n<p>-un tampon de migration R1\u00a0 (50mL),<\/p>\n<p>-deux d\u00e9colorants R2 (250mL) ,<\/p>\n<p>-un colorant R3 (100mL)<\/p>\n<p>-une solution de lyse R4 (25mL),<\/p>\n<p>-10 membranes d\u2019ac\u00e9tate de de cellulose.<\/p>\n<p><strong class=\"marque_class\">Marque :<\/strong> Cell start project<\/p>\n<p><code>[UAS_loggedin hint=\"\" ex=\"\"]<\/code><\/p>\n<p class=\"btn-link \" style=\"text-align: left;\"><a href=\"https:\/\/www.biotop-tunisie.com\/wp-content\/uploads\/2020\/05\/Kit-h\u00e9moglobine-80-tests.pdf\" target=\"_blank\" rel=\"noopener noreferrer\">Fiche technique<\/a><\/p>\n<pre><code>[\/UAS_loggedin]<\/code><\/pre>\n","protected":false},"featured_media":737,"template":"","meta":[],"product_brand":[],"product_cat":[118],"product_tag":[],"class_list":{"0":"post-552","1":"product","2":"type-product","3":"status-publish","4":"has-post-thumbnail","6":"product_cat-reactifs-electrophoreseepr","8":"first","9":"instock","10":"taxable","11":"shipping-taxable","12":"product-type-simple"},"_links":{"self":[{"href":"https:\/\/www.biotop-tunisie.com\/index.php?rest_route=\/wp\/v2\/product\/552","targetHints":{"allow":["GET"]}}],"collection":[{"href":"https:\/\/www.biotop-tunisie.com\/index.php?rest_route=\/wp\/v2\/product"}],"about":[{"href":"https:\/\/www.biotop-tunisie.com\/index.php?rest_route=\/wp\/v2\/types\/product"}],"wp:featuredmedia":[{"embeddable":true,"href":"https:\/\/www.biotop-tunisie.com\/index.php?rest_route=\/wp\/v2\/media\/737"}],"wp:attachment":[{"href":"https:\/\/www.biotop-tunisie.com\/index.php?rest_route=%2Fwp%2Fv2%2Fmedia&parent=552"}],"wp:term":[{"taxonomy":"product_brand","embeddable":true,"href":"https:\/\/www.biotop-tunisie.com\/index.php?rest_route=%2Fwp%2Fv2%2Fproduct_brand&post=552"},{"taxonomy":"product_cat","embeddable":true,"href":"https:\/\/www.biotop-tunisie.com\/index.php?rest_route=%2Fwp%2Fv2%2Fproduct_cat&post=552"},{"taxonomy":"product_tag","embeddable":true,"href":"https:\/\/www.biotop-tunisie.com\/index.php?rest_route=%2Fwp%2Fv2%2Fproduct_tag&post=552"}],"curies":[{"name":"wp","href":"https:\/\/api.w.org\/{rel}","templated":true}]}}