{"id":622,"date":"2020-05-29T15:10:37","date_gmt":"2020-05-29T13:10:37","guid":{"rendered":"https:\/\/hosting.smarty.ovh\/biotopsarl.com\/?post_type=product&#038;p=622"},"modified":"2021-12-03T15:17:57","modified_gmt":"2021-12-03T14:17:57","slug":"afias6","status":"publish","type":"product","link":"https:\/\/www.biotop-tunisie.com\/?product=afias6","title":{"rendered":"Afias 6"},"content":{"rendered":"","protected":false},"excerpt":{"rendered":"<p>Syst\u00e8me de dosage quantitatif par immunofluorescence AFIAS -6 :<br \/>\n-Possibilit\u00e9 de passer 6 PARAMETRES\/Patients simultan\u00e9ment.<br \/>\n-R\u00e9sultats rapides et fiables valid\u00e9s par des contr\u00f4les (internes et externes).<br \/>\n&#8211; Conditionnement 24\/TEST par coffret avec des dates de p\u00e9remption qui d\u00e9passent les 15 mois.<br \/>\n-Plus que 25 param\u00e8tres disponibles : NT PRO-BNP, D-DIMER, PCT, HBS Ag, ANTI-HCV, AMH, Vitamine D etc..<\/p>\n<p>&nbsp;<\/p>\n<p class=\"btn-link \" style=\"text-align: left;\"><a href=\"https:\/\/www.biotop-tunisie.com\/wp-content\/uploads\/2020\/05\/EN_Rev04_AFIAS_20200310_s.pdf\" target=\"_blank\" rel=\"noopener noreferrer\">Brochure AFIAS 6<\/a><\/p>\n<p><strong class=\"marque_class\">Marque :<\/strong> Boditech<\/p>\n","protected":false},"featured_media":2088,"template":"","meta":[],"product_brand":[],"product_cat":[124],"product_tag":[],"class_list":{"0":"post-622","1":"product","2":"type-product","3":"status-publish","4":"has-post-thumbnail","6":"product_cat-appareils-hormonaux-et-serologie","8":"first","9":"instock","10":"taxable","11":"shipping-taxable","12":"product-type-simple"},"_links":{"self":[{"href":"https:\/\/www.biotop-tunisie.com\/index.php?rest_route=\/wp\/v2\/product\/622","targetHints":{"allow":["GET"]}}],"collection":[{"href":"https:\/\/www.biotop-tunisie.com\/index.php?rest_route=\/wp\/v2\/product"}],"about":[{"href":"https:\/\/www.biotop-tunisie.com\/index.php?rest_route=\/wp\/v2\/types\/product"}],"wp:featuredmedia":[{"embeddable":true,"href":"https:\/\/www.biotop-tunisie.com\/index.php?rest_route=\/wp\/v2\/media\/2088"}],"wp:attachment":[{"href":"https:\/\/www.biotop-tunisie.com\/index.php?rest_route=%2Fwp%2Fv2%2Fmedia&parent=622"}],"wp:term":[{"taxonomy":"product_brand","embeddable":true,"href":"https:\/\/www.biotop-tunisie.com\/index.php?rest_route=%2Fwp%2Fv2%2Fproduct_brand&post=622"},{"taxonomy":"product_cat","embeddable":true,"href":"https:\/\/www.biotop-tunisie.com\/index.php?rest_route=%2Fwp%2Fv2%2Fproduct_cat&post=622"},{"taxonomy":"product_tag","embeddable":true,"href":"https:\/\/www.biotop-tunisie.com\/index.php?rest_route=%2Fwp%2Fv2%2Fproduct_tag&post=622"}],"curies":[{"name":"wp","href":"https:\/\/api.w.org\/{rel}","templated":true}]}}