{"id":630,"date":"2020-05-29T17:32:50","date_gmt":"2020-05-29T15:32:50","guid":{"rendered":"https:\/\/hosting.smarty.ovh\/biotopsarl.com\/?post_type=product&#038;p=630"},"modified":"2020-12-24T15:40:30","modified_gmt":"2020-12-24T14:40:30","slug":"hiv-agab","status":"publish","type":"product","link":"https:\/\/www.biotop-tunisie.com\/?product=hiv-agab","title":{"rendered":"HIV Ag+Ab"},"content":{"rendered":"","protected":false},"excerpt":{"rendered":"<p>Test immuno-enzymatique de quatri\u00e8me g\u00e9n\u00e9ration pour la d\u00e9termination des anticorps dirig\u00e9s contre le virus de l&rsquo;immunod\u00e9ficience humaine ou VIH (VIH-1, groupe O y compris, VIH-2) et contre l\u2019antig\u00e8ne p24 du VIH-1 dans le s\u00e9rum et le plasma humain.<\/p>\n<p><strong class=\"marque_class\">Marque :<\/strong> Diapro<\/p>\n<p><code>[UAS_loggedin hint=\"\" ex=\"\"]<\/code><\/p>\n<p class=\"btn-link \" style=\"text-align: left;\"><a href=\"https:\/\/www.biotop-tunisie.com\/wp-content\/uploads\/2020\/05\/HIV-AgAb-Fr.pdf\" target=\"_blank\" rel=\"noopener noreferrer\">Fiche technique<\/a><\/p>\n<pre><code>[\/UAS_loggedin]<\/code><\/pre>\n","protected":false},"featured_media":1836,"template":"","meta":[],"product_brand":[],"product_cat":[140],"product_tag":[],"class_list":{"0":"post-630","1":"product","2":"type-product","3":"status-publish","4":"has-post-thumbnail","6":"product_cat-infectieux-reactif-elisa","8":"first","9":"instock","10":"taxable","11":"shipping-taxable","12":"product-type-simple"},"_links":{"self":[{"href":"https:\/\/www.biotop-tunisie.com\/index.php?rest_route=\/wp\/v2\/product\/630","targetHints":{"allow":["GET"]}}],"collection":[{"href":"https:\/\/www.biotop-tunisie.com\/index.php?rest_route=\/wp\/v2\/product"}],"about":[{"href":"https:\/\/www.biotop-tunisie.com\/index.php?rest_route=\/wp\/v2\/types\/product"}],"wp:featuredmedia":[{"embeddable":true,"href":"https:\/\/www.biotop-tunisie.com\/index.php?rest_route=\/wp\/v2\/media\/1836"}],"wp:attachment":[{"href":"https:\/\/www.biotop-tunisie.com\/index.php?rest_route=%2Fwp%2Fv2%2Fmedia&parent=630"}],"wp:term":[{"taxonomy":"product_brand","embeddable":true,"href":"https:\/\/www.biotop-tunisie.com\/index.php?rest_route=%2Fwp%2Fv2%2Fproduct_brand&post=630"},{"taxonomy":"product_cat","embeddable":true,"href":"https:\/\/www.biotop-tunisie.com\/index.php?rest_route=%2Fwp%2Fv2%2Fproduct_cat&post=630"},{"taxonomy":"product_tag","embeddable":true,"href":"https:\/\/www.biotop-tunisie.com\/index.php?rest_route=%2Fwp%2Fv2%2Fproduct_tag&post=630"}],"curies":[{"name":"wp","href":"https:\/\/api.w.org\/{rel}","templated":true}]}}