{"id":632,"date":"2020-05-29T17:34:18","date_gmt":"2020-05-29T15:34:18","guid":{"rendered":"https:\/\/hosting.smarty.ovh\/biotopsarl.com\/?post_type=product&#038;p=632"},"modified":"2020-12-24T16:12:18","modified_gmt":"2020-12-24T15:12:18","slug":"hbcab","status":"publish","type":"product","link":"https:\/\/www.biotop-tunisie.com\/?product=hbcab","title":{"rendered":"HBc Ab"},"content":{"rendered":"","protected":false},"excerpt":{"rendered":"<p>Test immuno-enzymatique comp\u00e9titif (ELISA) pour la d\u00e9termination des anticorps dirig\u00e9s contre l&rsquo;antig\u00e8ne central de l&rsquo;h\u00e9patite B dans le plasma et les s\u00e9rums humains. Le kit est destin\u00e9 \u00e0 \u00eatre utilis\u00e9 pour le d\u00e9pistage des unit\u00e9s sanguines et le suivi des patients infect\u00e9s par le VHB.<\/p>\n<p>&nbsp;<\/p>\n<p><strong class=\"marque_class\">Marque :<\/strong> Diapro<\/p>\n<p><code>[UAS_loggedin hint=\"\" ex=\"\"]<\/code><\/p>\n<p class=\"btn-link \" style=\"text-align: left;\"><a href=\"https:\/\/www.biotop-tunisie.com\/wp-content\/uploads\/2020\/05\/HBc-Ab.pdf\" target=\"_blank\" rel=\"noopener noreferrer\">Fiche technique<\/a><\/p>\n<pre><code>[\/UAS_loggedin]<\/code><\/pre>\n","protected":false},"featured_media":1838,"template":"","meta":[],"product_brand":[],"product_cat":[141],"product_tag":[],"class_list":{"0":"post-632","1":"product","2":"type-product","3":"status-publish","4":"has-post-thumbnail","6":"product_cat-hepatites-reactif-elisa","8":"first","9":"instock","10":"taxable","11":"shipping-taxable","12":"product-type-simple"},"_links":{"self":[{"href":"https:\/\/www.biotop-tunisie.com\/index.php?rest_route=\/wp\/v2\/product\/632","targetHints":{"allow":["GET"]}}],"collection":[{"href":"https:\/\/www.biotop-tunisie.com\/index.php?rest_route=\/wp\/v2\/product"}],"about":[{"href":"https:\/\/www.biotop-tunisie.com\/index.php?rest_route=\/wp\/v2\/types\/product"}],"wp:featuredmedia":[{"embeddable":true,"href":"https:\/\/www.biotop-tunisie.com\/index.php?rest_route=\/wp\/v2\/media\/1838"}],"wp:attachment":[{"href":"https:\/\/www.biotop-tunisie.com\/index.php?rest_route=%2Fwp%2Fv2%2Fmedia&parent=632"}],"wp:term":[{"taxonomy":"product_brand","embeddable":true,"href":"https:\/\/www.biotop-tunisie.com\/index.php?rest_route=%2Fwp%2Fv2%2Fproduct_brand&post=632"},{"taxonomy":"product_cat","embeddable":true,"href":"https:\/\/www.biotop-tunisie.com\/index.php?rest_route=%2Fwp%2Fv2%2Fproduct_cat&post=632"},{"taxonomy":"product_tag","embeddable":true,"href":"https:\/\/www.biotop-tunisie.com\/index.php?rest_route=%2Fwp%2Fv2%2Fproduct_tag&post=632"}],"curies":[{"name":"wp","href":"https:\/\/api.w.org\/{rel}","templated":true}]}}