{"id":634,"date":"2020-05-29T17:35:19","date_gmt":"2020-05-29T15:35:19","guid":{"rendered":"https:\/\/hosting.smarty.ovh\/biotopsarl.com\/?post_type=product&#038;p=634"},"modified":"2020-12-24T16:38:56","modified_gmt":"2020-12-24T15:38:56","slug":"hbs-ag","status":"publish","type":"product","link":"https:\/\/www.biotop-tunisie.com\/?product=hbs-ag","title":{"rendered":"HBs Ag"},"content":{"rendered":"","protected":false},"excerpt":{"rendered":"<p>Test immuno-enzymatique de quatri\u00e8me g\u00e9n\u00e9ration (ELISA) pour la d\u00e9termination en une \u00e9tape de l&rsquo;antig\u00e8ne de surface de l&rsquo;h\u00e9patite B dans le plasma et les s\u00e9rums humains et pour le d\u00e9pistage des unit\u00e9s sanguines. Capable de d\u00e9tecter les mutants HBs Ag et de trouver une application dans le suivi des patients infect\u00e9s par le VHB.<\/p>\n<p>&nbsp;<\/p>\n<p><strong class=\"marque_class\">Marque :<\/strong> Diapro<\/p>\n<p><code>[UAS_loggedin hint=\"\" ex=\"\"]<\/code><\/p>\n<p class=\"btn-link \" style=\"text-align: left;\"><a href=\"https:\/\/www.biotop-tunisie.com\/wp-content\/uploads\/2020\/05\/HBs-Ag-one.pdf\" target=\"_blank\" rel=\"noopener noreferrer\">Fiche technique<\/a><\/p>\n<pre><code>[\/UAS_loggedin]<\/code><\/pre>\n","protected":false},"featured_media":1834,"template":"","meta":[],"product_brand":[],"product_cat":[141],"product_tag":[],"class_list":{"0":"post-634","1":"product","2":"type-product","3":"status-publish","4":"has-post-thumbnail","6":"product_cat-hepatites-reactif-elisa","8":"first","9":"instock","10":"taxable","11":"shipping-taxable","12":"product-type-simple"},"_links":{"self":[{"href":"https:\/\/www.biotop-tunisie.com\/index.php?rest_route=\/wp\/v2\/product\/634","targetHints":{"allow":["GET"]}}],"collection":[{"href":"https:\/\/www.biotop-tunisie.com\/index.php?rest_route=\/wp\/v2\/product"}],"about":[{"href":"https:\/\/www.biotop-tunisie.com\/index.php?rest_route=\/wp\/v2\/types\/product"}],"wp:featuredmedia":[{"embeddable":true,"href":"https:\/\/www.biotop-tunisie.com\/index.php?rest_route=\/wp\/v2\/media\/1834"}],"wp:attachment":[{"href":"https:\/\/www.biotop-tunisie.com\/index.php?rest_route=%2Fwp%2Fv2%2Fmedia&parent=634"}],"wp:term":[{"taxonomy":"product_brand","embeddable":true,"href":"https:\/\/www.biotop-tunisie.com\/index.php?rest_route=%2Fwp%2Fv2%2Fproduct_brand&post=634"},{"taxonomy":"product_cat","embeddable":true,"href":"https:\/\/www.biotop-tunisie.com\/index.php?rest_route=%2Fwp%2Fv2%2Fproduct_cat&post=634"},{"taxonomy":"product_tag","embeddable":true,"href":"https:\/\/www.biotop-tunisie.com\/index.php?rest_route=%2Fwp%2Fv2%2Fproduct_tag&post=634"}],"curies":[{"name":"wp","href":"https:\/\/api.w.org\/{rel}","templated":true}]}}