{"id":637,"date":"2020-05-29T17:37:04","date_gmt":"2020-05-29T15:37:04","guid":{"rendered":"https:\/\/hosting.smarty.ovh\/biotopsarl.com\/?post_type=product&#038;p=637"},"modified":"2020-12-24T15:37:07","modified_gmt":"2020-12-24T14:37:07","slug":"hdv-ab","status":"publish","type":"product","link":"https:\/\/www.biotop-tunisie.com\/?product=hdv-ab","title":{"rendered":"HDV Ab"},"content":{"rendered":"","protected":false},"excerpt":{"rendered":"<p>Test immuno-enzymatique comp\u00e9titif (ELISA) pour la d\u00e9termination des anticorps contre le virus de l&rsquo;h\u00e9patite delta (HDV) dans le plasma et les s\u00e9rums humains avec une m\u00e9thodologie en \u00abdeux \u00e9tapes\u00bb. Le kit est utilis\u00e9 pour le suivi des patients infect\u00e9s par le HDV. Pour usage diagnostique \u00abin vitro\u00bb uniquement.<\/p>\n<p>&nbsp;<\/p>\n<p><strong class=\"marque_class\">Marque :<\/strong> Diapro<\/p>\n<p><code>[UAS_loggedin hint=\"\" ex=\"\"]<\/code><\/p>\n<p class=\"btn-link \" style=\"text-align: left;\"><a href=\"https:\/\/www.biotop-tunisie.com\/wp-content\/uploads\/2020\/05\/HDV-Ab.pdf\" target=\"_blank\" rel=\"noopener noreferrer\">Fiche technique<\/a><\/p>\n<pre><code>[\/UAS_loggedin]<\/code><\/pre>\n","protected":false},"featured_media":1829,"template":"","meta":[],"product_brand":[],"product_cat":[141],"product_tag":[],"class_list":{"0":"post-637","1":"product","2":"type-product","3":"status-publish","4":"has-post-thumbnail","6":"product_cat-hepatites-reactif-elisa","8":"first","9":"instock","10":"taxable","11":"shipping-taxable","12":"product-type-simple"},"_links":{"self":[{"href":"https:\/\/www.biotop-tunisie.com\/index.php?rest_route=\/wp\/v2\/product\/637","targetHints":{"allow":["GET"]}}],"collection":[{"href":"https:\/\/www.biotop-tunisie.com\/index.php?rest_route=\/wp\/v2\/product"}],"about":[{"href":"https:\/\/www.biotop-tunisie.com\/index.php?rest_route=\/wp\/v2\/types\/product"}],"wp:featuredmedia":[{"embeddable":true,"href":"https:\/\/www.biotop-tunisie.com\/index.php?rest_route=\/wp\/v2\/media\/1829"}],"wp:attachment":[{"href":"https:\/\/www.biotop-tunisie.com\/index.php?rest_route=%2Fwp%2Fv2%2Fmedia&parent=637"}],"wp:term":[{"taxonomy":"product_brand","embeddable":true,"href":"https:\/\/www.biotop-tunisie.com\/index.php?rest_route=%2Fwp%2Fv2%2Fproduct_brand&post=637"},{"taxonomy":"product_cat","embeddable":true,"href":"https:\/\/www.biotop-tunisie.com\/index.php?rest_route=%2Fwp%2Fv2%2Fproduct_cat&post=637"},{"taxonomy":"product_tag","embeddable":true,"href":"https:\/\/www.biotop-tunisie.com\/index.php?rest_route=%2Fwp%2Fv2%2Fproduct_tag&post=637"}],"curies":[{"name":"wp","href":"https:\/\/api.w.org\/{rel}","templated":true}]}}