{"id":654,"date":"2020-05-29T17:51:44","date_gmt":"2020-05-29T15:51:44","guid":{"rendered":"https:\/\/hosting.smarty.ovh\/biotopsarl.com\/?post_type=product&#038;p=654"},"modified":"2021-01-11T16:37:08","modified_gmt":"2021-01-11T15:37:08","slug":"allergen-a","status":"publish","type":"product","link":"https:\/\/www.biotop-tunisie.com\/?product=allergen-a","title":{"rendered":"Allergen A"},"content":{"rendered":"","protected":false},"excerpt":{"rendered":"<p>L&rsquo;IgE participe \u00e0 la fois \u00e0 l&rsquo;apparition et au d\u00e9veloppement des r\u00e9actions allergiques. La d\u00e9finition et la d\u00e9termination quantitative de la concentration libre des IgE sp\u00e9cifiques de l&rsquo;allerg\u00e8ne sont d&rsquo;une grande importance pour le diagnostic de maladies allergiques et pour le choix d&rsquo;une th\u00e9rapie ad\u00e9quate.<\/p>\n<p><strong>Marque:<\/strong> Radim Dialab<\/p>\n<p><code>[UAS_loggedin hint=\"\" ex=\"\"]<\/code><\/p>\n<p class=\"btn-link \" style=\"text-align: left;\"><a href=\"https:\/\/www.biotop-tunisie.com\/wp-content\/uploads\/2020\/05\/AllergenA-Basic-kit-IFU-Radim-DiaLab-08-12-05-15.pdf\" target=\"_blank\" rel=\"noopener noreferrer\">Fiche technique<\/a><\/p>\n<pre><code>[\/UAS_loggedin]<\/code><\/pre>\n","protected":false},"featured_media":1823,"template":"","meta":[],"product_brand":[],"product_cat":[146],"product_tag":[],"class_list":{"0":"post-654","1":"product","2":"type-product","3":"status-publish","4":"has-post-thumbnail","6":"product_cat-allergenes-reactif-elisa","8":"first","9":"instock","10":"taxable","11":"shipping-taxable","12":"product-type-simple"},"_links":{"self":[{"href":"https:\/\/www.biotop-tunisie.com\/index.php?rest_route=\/wp\/v2\/product\/654","targetHints":{"allow":["GET"]}}],"collection":[{"href":"https:\/\/www.biotop-tunisie.com\/index.php?rest_route=\/wp\/v2\/product"}],"about":[{"href":"https:\/\/www.biotop-tunisie.com\/index.php?rest_route=\/wp\/v2\/types\/product"}],"wp:featuredmedia":[{"embeddable":true,"href":"https:\/\/www.biotop-tunisie.com\/index.php?rest_route=\/wp\/v2\/media\/1823"}],"wp:attachment":[{"href":"https:\/\/www.biotop-tunisie.com\/index.php?rest_route=%2Fwp%2Fv2%2Fmedia&parent=654"}],"wp:term":[{"taxonomy":"product_brand","embeddable":true,"href":"https:\/\/www.biotop-tunisie.com\/index.php?rest_route=%2Fwp%2Fv2%2Fproduct_brand&post=654"},{"taxonomy":"product_cat","embeddable":true,"href":"https:\/\/www.biotop-tunisie.com\/index.php?rest_route=%2Fwp%2Fv2%2Fproduct_cat&post=654"},{"taxonomy":"product_tag","embeddable":true,"href":"https:\/\/www.biotop-tunisie.com\/index.php?rest_route=%2Fwp%2Fv2%2Fproduct_tag&post=654"}],"curies":[{"name":"wp","href":"https:\/\/api.w.org\/{rel}","templated":true}]}}