{"id":700,"date":"2020-06-04T11:22:18","date_gmt":"2020-06-04T09:22:18","guid":{"rendered":"https:\/\/hosting.smarty.ovh\/biotopsarl.com\/?post_type=product&#038;p=700"},"modified":"2021-02-01T11:28:30","modified_gmt":"2021-02-01T10:28:30","slug":"tn-i-troponine-2","status":"publish","type":"product","link":"https:\/\/www.biotop-tunisie.com\/?product=tn-i-troponine-2","title":{"rendered":"Tn-I (troponine)"},"content":{"rendered":"","protected":false},"excerpt":{"rendered":"<p>La mesure clinique de la Tn-I s\u00e9rique est devenue un outil important dans le diagnostic de l&rsquo;infarctus aigu du myocarde. \u00a0Tn-I est un marqueur\u00a0 plus fiable que la cr\u00e9atine kinase dans le pronostique des personnes souffrant de douleurs thoraciques isch\u00e9miques. Des organisations scientifiques nationales et internationales ont sugg\u00e9r\u00e9 l&rsquo;utilisation de troponines, Tn-I et Tn-T, lors de la mise en \u0153uvre de nouvelles strat\u00e9gies de diagnostic chez les patients atteints du syndrome coronarien aigu.<\/p>\n<p><strong>Type d&rsquo;\u00e9chantillon<\/strong>: s\u00e9rum, plasma<\/p>\n<p><strong>Lin\u00e9arit\u00e9<\/strong>:\u00a0<strong><em>\u00a0<\/em><\/strong>WR: 10 -1500 ng\/L<\/p>\n<p><strong>Conditionnement:<\/strong> 25 tests \/Kit<\/p>\n<p><strong class=\"marque_class\">Marque :<\/strong> Boditech<\/p>\n<p><code>[UAS_loggedin hint=\"\" ex=\"\"]<\/code><\/p>\n<p class=\"btn-link \" style=\"text-align: left;\"><a href=\"https:\/\/www.biotop-tunisie.com\/wp-content\/uploads\/2020\/06\/QRG-Tn-I-ichroma_ALL_20706-22_page-0001.pdf\">[QRG] Tn I ichroma II<\/a><\/p>\n<p class=\"btn-link \" style=\"text-align: left;\"><a href=\"https:\/\/www.biotop-tunisie.com\/wp-content\/uploads\/2020\/06\/QRG-Tn-plus-ichroma_ALL_20706-25_page-0001.pdf\">[QRG] Tn plus ichroma II<\/a><\/p>\n<pre><code>[\/UAS_loggedin]<\/code><\/pre>\n","protected":false},"featured_media":1682,"template":"","meta":[],"product_brand":[],"product_cat":[150],"product_tag":[],"class_list":{"0":"post-700","1":"product","2":"type-product","3":"status-publish","4":"has-post-thumbnail","6":"product_cat-cardiaque-reactif-ichroma-ii","8":"first","9":"instock","10":"taxable","11":"shipping-taxable","12":"product-type-simple"},"_links":{"self":[{"href":"https:\/\/www.biotop-tunisie.com\/index.php?rest_route=\/wp\/v2\/product\/700","targetHints":{"allow":["GET"]}}],"collection":[{"href":"https:\/\/www.biotop-tunisie.com\/index.php?rest_route=\/wp\/v2\/product"}],"about":[{"href":"https:\/\/www.biotop-tunisie.com\/index.php?rest_route=\/wp\/v2\/types\/product"}],"wp:featuredmedia":[{"embeddable":true,"href":"https:\/\/www.biotop-tunisie.com\/index.php?rest_route=\/wp\/v2\/media\/1682"}],"wp:attachment":[{"href":"https:\/\/www.biotop-tunisie.com\/index.php?rest_route=%2Fwp%2Fv2%2Fmedia&parent=700"}],"wp:term":[{"taxonomy":"product_brand","embeddable":true,"href":"https:\/\/www.biotop-tunisie.com\/index.php?rest_route=%2Fwp%2Fv2%2Fproduct_brand&post=700"},{"taxonomy":"product_cat","embeddable":true,"href":"https:\/\/www.biotop-tunisie.com\/index.php?rest_route=%2Fwp%2Fv2%2Fproduct_cat&post=700"},{"taxonomy":"product_tag","embeddable":true,"href":"https:\/\/www.biotop-tunisie.com\/index.php?rest_route=%2Fwp%2Fv2%2Fproduct_tag&post=700"}],"curies":[{"name":"wp","href":"https:\/\/api.w.org\/{rel}","templated":true}]}}