{"id":701,"date":"2020-06-04T11:23:08","date_gmt":"2020-06-04T09:23:08","guid":{"rendered":"https:\/\/hosting.smarty.ovh\/biotopsarl.com\/?post_type=product&#038;p=701"},"modified":"2020-10-27T15:03:36","modified_gmt":"2020-10-27T14:03:36","slug":"d-dimer-2","status":"publish","type":"product","link":"https:\/\/www.biotop-tunisie.com\/?product=d-dimer-2","title":{"rendered":"D-Dimer"},"content":{"rendered":"","protected":false},"excerpt":{"rendered":"<p>Le D-dim\u00e8re, un produit de d\u00e9gradation de la fibrine r\u00e9ticul\u00e9e form\u00e9e lors de l&rsquo;activation du syst\u00e8me de coagulation, est couramment utilis\u00e9 pour exclure la maladie thromboembolique chez les patients ambulatoires soup\u00e7onn\u00e9s d&rsquo;avoir une thrombose veineuse profonde (TVP) et une embolie pulmonaire (PE). \u00c9tant donn\u00e9 que le D-Dimer est bien connu pour \u00eatre un indicateur pronostique important des maladies cardiaques, son r\u00f4le le plus d\u00e9finitif est de surveiller l&rsquo;\u00e9tat clinique post-traitement et l&rsquo;\u00e9valuation post th\u00e9rapeutique des patients.<\/p>\n<p><strong>Type d&rsquo;\u00e9chantillon: <\/strong>sang total, plasma<\/p>\n<p><strong>Lin\u00e9arit\u00e9 : <\/strong>50-10,000 ng\/mL<\/p>\n<p><strong>Conditionnement: <\/strong>25 tests\/Kit<\/p>\n<p><strong class=\"marque_class\">Marque :<\/strong> Boditech<\/p>\n<p><code>[UAS_loggedin hint=\"\" ex=\"\"]<\/code><\/p>\n<p class=\"btn-link \" style=\"text-align: left;\"><a href=\"https:\/\/www.biotop-tunisie.com\/wp-content\/uploads\/2020\/06\/QRG-D-DImeer-ichroma_ALL_20706-37_page-0001.pdf\">[QRG] D DImer ichroma II<\/a><\/p>\n<pre><code>[\/UAS_loggedin]<\/code><\/pre>\n","protected":false},"featured_media":1607,"template":"","meta":[],"product_brand":[],"product_cat":[150],"product_tag":[],"class_list":{"0":"post-701","1":"product","2":"type-product","3":"status-publish","4":"has-post-thumbnail","6":"product_cat-cardiaque-reactif-ichroma-ii","8":"first","9":"instock","10":"taxable","11":"shipping-taxable","12":"product-type-simple"},"_links":{"self":[{"href":"https:\/\/www.biotop-tunisie.com\/index.php?rest_route=\/wp\/v2\/product\/701","targetHints":{"allow":["GET"]}}],"collection":[{"href":"https:\/\/www.biotop-tunisie.com\/index.php?rest_route=\/wp\/v2\/product"}],"about":[{"href":"https:\/\/www.biotop-tunisie.com\/index.php?rest_route=\/wp\/v2\/types\/product"}],"wp:featuredmedia":[{"embeddable":true,"href":"https:\/\/www.biotop-tunisie.com\/index.php?rest_route=\/wp\/v2\/media\/1607"}],"wp:attachment":[{"href":"https:\/\/www.biotop-tunisie.com\/index.php?rest_route=%2Fwp%2Fv2%2Fmedia&parent=701"}],"wp:term":[{"taxonomy":"product_brand","embeddable":true,"href":"https:\/\/www.biotop-tunisie.com\/index.php?rest_route=%2Fwp%2Fv2%2Fproduct_brand&post=701"},{"taxonomy":"product_cat","embeddable":true,"href":"https:\/\/www.biotop-tunisie.com\/index.php?rest_route=%2Fwp%2Fv2%2Fproduct_cat&post=701"},{"taxonomy":"product_tag","embeddable":true,"href":"https:\/\/www.biotop-tunisie.com\/index.php?rest_route=%2Fwp%2Fv2%2Fproduct_tag&post=701"}],"curies":[{"name":"wp","href":"https:\/\/api.w.org\/{rel}","templated":true}]}}