{"id":703,"date":"2020-06-04T11:24:56","date_gmt":"2020-06-04T09:24:56","guid":{"rendered":"https:\/\/hosting.smarty.ovh\/biotopsarl.com\/?post_type=product&#038;p=703"},"modified":"2020-10-23T17:01:31","modified_gmt":"2020-10-23T15:01:31","slug":"hba1c-2","status":"publish","type":"product","link":"https:\/\/www.biotop-tunisie.com\/?product=hba1c-2","title":{"rendered":"HbA1c"},"content":{"rendered":"","protected":false},"excerpt":{"rendered":"<p>L&rsquo;HbA1c est l&rsquo;indice de la glyc\u00e9mie moyenne au cours des 120 jours pr\u00e9c\u00e9dents. Des \u00e9tudes soigneusement contr\u00f4l\u00e9es ont document\u00e9 une relation \u00e9troite entre les concentrations d&rsquo;HbA1c et la glyc\u00e9mie moyenne. L&rsquo;HbA1c est consid\u00e9r\u00e9e comme un param\u00e8tre plus fiable dans le suivi de la glyc\u00e9mie par rapport \u00e0 la lecture glyc\u00e9mique avec le glucom\u00e8tre conventionnel.<\/p>\n<p><strong>Type d&rsquo;\u00e9chantillon<\/strong>: sang total<\/p>\n<p><strong>Lin\u00e9arit\u00e9<\/strong>: 4,5-6,5%<\/p>\n<p><strong>Conditionnement: <\/strong>25 tests\/Kit<\/p>\n<p><strong class=\"marque_class\">Marque :<\/strong> Boditech<\/p>\n<p><code>[UAS_loggedin hint=\"\" ex=\"\"]<\/code><\/p>\n<p class=\"btn-link \" style=\"text-align: left;\"><a href=\"https:\/\/www.biotop-tunisie.com\/wp-content\/uploads\/2020\/06\/QRG-HbA1c-ichroma_ALL_20706-5_page-0001.pdf\">[QRG] HbA1c ichroma II<\/a><\/p>\n<pre><code>[\/UAS_loggedin]<\/code><\/pre>\n","protected":false},"featured_media":1611,"template":"","meta":[],"product_brand":[],"product_cat":[151],"product_tag":[],"class_list":{"0":"post-703","1":"product","2":"type-product","3":"status-publish","4":"has-post-thumbnail","6":"product_cat-diabetes-reactif-ichroma-ii","8":"first","9":"instock","10":"taxable","11":"shipping-taxable","12":"product-type-simple"},"_links":{"self":[{"href":"https:\/\/www.biotop-tunisie.com\/index.php?rest_route=\/wp\/v2\/product\/703","targetHints":{"allow":["GET"]}}],"collection":[{"href":"https:\/\/www.biotop-tunisie.com\/index.php?rest_route=\/wp\/v2\/product"}],"about":[{"href":"https:\/\/www.biotop-tunisie.com\/index.php?rest_route=\/wp\/v2\/types\/product"}],"wp:featuredmedia":[{"embeddable":true,"href":"https:\/\/www.biotop-tunisie.com\/index.php?rest_route=\/wp\/v2\/media\/1611"}],"wp:attachment":[{"href":"https:\/\/www.biotop-tunisie.com\/index.php?rest_route=%2Fwp%2Fv2%2Fmedia&parent=703"}],"wp:term":[{"taxonomy":"product_brand","embeddable":true,"href":"https:\/\/www.biotop-tunisie.com\/index.php?rest_route=%2Fwp%2Fv2%2Fproduct_brand&post=703"},{"taxonomy":"product_cat","embeddable":true,"href":"https:\/\/www.biotop-tunisie.com\/index.php?rest_route=%2Fwp%2Fv2%2Fproduct_cat&post=703"},{"taxonomy":"product_tag","embeddable":true,"href":"https:\/\/www.biotop-tunisie.com\/index.php?rest_route=%2Fwp%2Fv2%2Fproduct_tag&post=703"}],"curies":[{"name":"wp","href":"https:\/\/api.w.org\/{rel}","templated":true}]}}