{"id":709,"date":"2020-06-04T11:31:44","date_gmt":"2020-06-04T09:31:44","guid":{"rendered":"https:\/\/hosting.smarty.ovh\/biotopsarl.com\/?post_type=product&#038;p=709"},"modified":"2020-10-27T16:13:12","modified_gmt":"2020-10-27T15:13:12","slug":"ifob-neo","status":"publish","type":"product","link":"https:\/\/www.biotop-tunisie.com\/?product=ifob-neo","title":{"rendered":"IFOB Neo"},"content":{"rendered":"","protected":false},"excerpt":{"rendered":"<p>Le cancer colorectal est le troisi\u00e8me cancer le plus r\u00e9pandu dans le monde, avec environ 1 million de nouveaux cas et plus de 500 000 d\u00e9c\u00e8s par an. Ichroma iFOB Neo utilise des anticorps monoclonaux sp\u00e9cifiques contre l&rsquo;Hb humaine. Le patient n&rsquo;est pas oblig\u00e9 d&rsquo;\u00e9viter la nourriture ou les m\u00e9dicaments avant que l&rsquo;iFOB ne soit test\u00e9.<\/p>\n<p><strong>Type d&rsquo;\u00e9chantillon<\/strong>: Mati\u00e8res f\u00e9cales<\/p>\n<p><strong>Lin\u00e9arit\u00e9<\/strong>: 25-1,000 ng\/mL<\/p>\n<p><strong>Conditionnement: <\/strong>25 tests\/Kit<\/p>\n<p><strong class=\"marque_class\">Marque :<\/strong> Boditech<\/p>\n<p><code>[UAS_loggedin hint=\"\" ex=\"\"]<\/code><\/p>\n<p class=\"btn-link \" style=\"text-align: left;\"><a href=\"https:\/\/www.biotop-tunisie.com\/wp-content\/uploads\/2020\/06\/QRG-IFOB-Neo-ichroma_ALL_20706-6_page-0001-1-1.pdf\">[QRG] IFOB Neo ichroma II<\/a><\/p>\n<pre><code>[\/UAS_loggedin]<\/code><\/pre>\n","protected":false},"featured_media":1712,"template":"","meta":[],"product_brand":[],"product_cat":[152],"product_tag":[],"class_list":{"0":"post-709","1":"product","2":"type-product","3":"status-publish","4":"has-post-thumbnail","6":"product_cat-cancer-reactif-ichroma-ii","8":"first","9":"instock","10":"taxable","11":"shipping-taxable","12":"product-type-simple"},"_links":{"self":[{"href":"https:\/\/www.biotop-tunisie.com\/index.php?rest_route=\/wp\/v2\/product\/709","targetHints":{"allow":["GET"]}}],"collection":[{"href":"https:\/\/www.biotop-tunisie.com\/index.php?rest_route=\/wp\/v2\/product"}],"about":[{"href":"https:\/\/www.biotop-tunisie.com\/index.php?rest_route=\/wp\/v2\/types\/product"}],"wp:featuredmedia":[{"embeddable":true,"href":"https:\/\/www.biotop-tunisie.com\/index.php?rest_route=\/wp\/v2\/media\/1712"}],"wp:attachment":[{"href":"https:\/\/www.biotop-tunisie.com\/index.php?rest_route=%2Fwp%2Fv2%2Fmedia&parent=709"}],"wp:term":[{"taxonomy":"product_brand","embeddable":true,"href":"https:\/\/www.biotop-tunisie.com\/index.php?rest_route=%2Fwp%2Fv2%2Fproduct_brand&post=709"},{"taxonomy":"product_cat","embeddable":true,"href":"https:\/\/www.biotop-tunisie.com\/index.php?rest_route=%2Fwp%2Fv2%2Fproduct_cat&post=709"},{"taxonomy":"product_tag","embeddable":true,"href":"https:\/\/www.biotop-tunisie.com\/index.php?rest_route=%2Fwp%2Fv2%2Fproduct_tag&post=709"}],"curies":[{"name":"wp","href":"https:\/\/api.w.org\/{rel}","templated":true}]}}