{"id":710,"date":"2020-06-04T11:38:40","date_gmt":"2020-06-04T09:38:40","guid":{"rendered":"https:\/\/hosting.smarty.ovh\/biotopsarl.com\/?post_type=product&#038;p=710"},"modified":"2020-10-28T14:57:35","modified_gmt":"2020-10-28T13:57:35","slug":"tsh-2","status":"publish","type":"product","link":"https:\/\/www.biotop-tunisie.com\/?product=tsh-2","title":{"rendered":"TSH"},"content":{"rendered":"","protected":false},"excerpt":{"rendered":"<p>La d\u00e9termination des taux s\u00e9riques ou plasmatiques de l&rsquo;hormone thyr\u00e9ostimuline (TSH ou thyrotrophine) est reconnue comme une mesure importante dans l&rsquo;\u00e9valuation de la fonction thyro\u00efdienne. Bien que la concentration de TSH dans le sang soit extr\u00eamement faible, elle est essentielle au maintien d&rsquo;une fonction thyro\u00efdienne normale.<\/p>\n<p><strong>Type d&rsquo;\u00e9chantillon<\/strong>: s\u00e9rum, plasma<\/p>\n<p><strong>Lin\u00e9arit\u00e9<\/strong>:0,1-100 \u00b5IU\/mL<\/p>\n<p><strong class=\"marque_class\">Marque :<\/strong> Boditech<\/p>\n<p><code>[UAS_loggedin hint=\"\" ex=\"\"]<\/code><\/p>\n<p class=\"btn-link \" style=\"text-align: left;\"><a href=\"https:\/\/www.biotop-tunisie.com\/wp-content\/uploads\/2020\/06\/QRG-TSH-ichroma_ALL_20706-23_page-0001.pdf\">[QRG] TSH ichroma II<\/a><\/p>\n<pre><code>[\/UAS_loggedin]<\/code><\/pre>\n","protected":false},"featured_media":1711,"template":"","meta":[],"product_brand":[],"product_cat":[153],"product_tag":[],"class_list":{"0":"post-710","1":"product","2":"type-product","3":"status-publish","4":"has-post-thumbnail","6":"product_cat-hormones-reactif-ichroma-ii","8":"first","9":"instock","10":"taxable","11":"shipping-taxable","12":"product-type-simple"},"_links":{"self":[{"href":"https:\/\/www.biotop-tunisie.com\/index.php?rest_route=\/wp\/v2\/product\/710","targetHints":{"allow":["GET"]}}],"collection":[{"href":"https:\/\/www.biotop-tunisie.com\/index.php?rest_route=\/wp\/v2\/product"}],"about":[{"href":"https:\/\/www.biotop-tunisie.com\/index.php?rest_route=\/wp\/v2\/types\/product"}],"wp:featuredmedia":[{"embeddable":true,"href":"https:\/\/www.biotop-tunisie.com\/index.php?rest_route=\/wp\/v2\/media\/1711"}],"wp:attachment":[{"href":"https:\/\/www.biotop-tunisie.com\/index.php?rest_route=%2Fwp%2Fv2%2Fmedia&parent=710"}],"wp:term":[{"taxonomy":"product_brand","embeddable":true,"href":"https:\/\/www.biotop-tunisie.com\/index.php?rest_route=%2Fwp%2Fv2%2Fproduct_brand&post=710"},{"taxonomy":"product_cat","embeddable":true,"href":"https:\/\/www.biotop-tunisie.com\/index.php?rest_route=%2Fwp%2Fv2%2Fproduct_cat&post=710"},{"taxonomy":"product_tag","embeddable":true,"href":"https:\/\/www.biotop-tunisie.com\/index.php?rest_route=%2Fwp%2Fv2%2Fproduct_tag&post=710"}],"curies":[{"name":"wp","href":"https:\/\/api.w.org\/{rel}","templated":true}]}}