{"id":711,"date":"2020-06-04T11:40:10","date_gmt":"2020-06-04T09:40:10","guid":{"rendered":"https:\/\/hosting.smarty.ovh\/biotopsarl.com\/?post_type=product&#038;p=711"},"modified":"2020-11-10T15:47:50","modified_gmt":"2020-11-10T14:47:50","slug":"fsh-2","status":"publish","type":"product","link":"https:\/\/www.biotop-tunisie.com\/?product=fsh-2","title":{"rendered":"FSH"},"content":{"rendered":"","protected":false},"excerpt":{"rendered":"<p>L&rsquo;hormone folliculo-stimulante (FSH) est synth\u00e9tis\u00e9e et s\u00e9cr\u00e9t\u00e9e par les gonadotrophes de l&rsquo;hypophyse ant\u00e9rieure. La FSH r\u00e9gule le d\u00e9veloppement, la croissance, la maturation pubertaire et les processus de reproduction du corps. La FSH et l&rsquo;hormone lut\u00e9inisante (LH) agissent en synergie dans la reproduction. Par cons\u00e9quent, des niveaux \u00e9lev\u00e9s de FSH sont une indication d&rsquo;hypofertilit\u00e9 et \/ou d&rsquo;infertilit\u00e9.<\/p>\n<p><strong>Type d&rsquo;\u00e9chantillon<\/strong>: s\u00e9rum, plasma<\/p>\n<p><strong>Lin\u00e9arit\u00e9<\/strong>: 1-100 mIU\/mL<\/p>\n<p><strong>Conditionnement: <\/strong>25 tests\/Kit<\/p>\n<p><strong class=\"marque_class\">Marque :<\/strong> Boditech<\/p>\n<p><code>[UAS_loggedin hint=\"\" ex=\"\"]<\/code><\/p>\n<p class=\"btn-link \" style=\"text-align: left;\"><a href=\"https:\/\/www.biotop-tunisie.com\/wp-content\/uploads\/2020\/06\/QRGFSH-ichroma_ALL_20706-30_page-0001.pdf\">[QRG]FSH ichroma II<\/a><\/p>\n<pre><code>[\/UAS_loggedin]<\/code><\/pre>\n","protected":false},"featured_media":1710,"template":"","meta":[],"product_brand":[],"product_cat":[153],"product_tag":[],"class_list":{"0":"post-711","1":"product","2":"type-product","3":"status-publish","4":"has-post-thumbnail","6":"product_cat-hormones-reactif-ichroma-ii","8":"first","9":"instock","10":"taxable","11":"shipping-taxable","12":"product-type-simple"},"_links":{"self":[{"href":"https:\/\/www.biotop-tunisie.com\/index.php?rest_route=\/wp\/v2\/product\/711","targetHints":{"allow":["GET"]}}],"collection":[{"href":"https:\/\/www.biotop-tunisie.com\/index.php?rest_route=\/wp\/v2\/product"}],"about":[{"href":"https:\/\/www.biotop-tunisie.com\/index.php?rest_route=\/wp\/v2\/types\/product"}],"wp:featuredmedia":[{"embeddable":true,"href":"https:\/\/www.biotop-tunisie.com\/index.php?rest_route=\/wp\/v2\/media\/1710"}],"wp:attachment":[{"href":"https:\/\/www.biotop-tunisie.com\/index.php?rest_route=%2Fwp%2Fv2%2Fmedia&parent=711"}],"wp:term":[{"taxonomy":"product_brand","embeddable":true,"href":"https:\/\/www.biotop-tunisie.com\/index.php?rest_route=%2Fwp%2Fv2%2Fproduct_brand&post=711"},{"taxonomy":"product_cat","embeddable":true,"href":"https:\/\/www.biotop-tunisie.com\/index.php?rest_route=%2Fwp%2Fv2%2Fproduct_cat&post=711"},{"taxonomy":"product_tag","embeddable":true,"href":"https:\/\/www.biotop-tunisie.com\/index.php?rest_route=%2Fwp%2Fv2%2Fproduct_tag&post=711"}],"curies":[{"name":"wp","href":"https:\/\/api.w.org\/{rel}","templated":true}]}}