{"id":714,"date":"2020-06-04T11:44:43","date_gmt":"2020-06-04T09:44:43","guid":{"rendered":"https:\/\/hosting.smarty.ovh\/biotopsarl.com\/?post_type=product&#038;p=714"},"modified":"2023-01-10T13:01:36","modified_gmt":"2023-01-10T12:01:36","slug":"prl-2","status":"publish","type":"product","link":"https:\/\/www.biotop-tunisie.com\/?product=prl-2","title":{"rendered":"PRL"},"content":{"rendered":"","protected":false},"excerpt":{"rendered":"<p>La prolactine humaine (PRL: hormone lactog\u00e8ne) est s\u00e9cr\u00e9t\u00e9e par l&rsquo;hypophyse ant\u00e9rieure chez les hommes et les femmes. Pendant la grossesse, le niveau de PRL augmente progressivement jusqu&rsquo;\u00e0 10 et 20 fois la valeur normale. La d\u00e9termination de la concentration de PRL est utile pour diagnostiquer les troubles hypothalamo-hypophysaires.<\/p>\n<p><strong>Type d&rsquo;\u00e9chantillon<\/strong>: s\u00e9rum, plasma<\/p>\n<p><strong>Lin\u00e9arit\u00e9<\/strong>: 1-100 ng\/mL<\/p>\n<p><strong class=\"marque_class\">Marque :<\/strong> Boditech<\/p>\n<p><code>[UAS_loggedin hint=\"\" ex=\"\"]<\/code><\/p>\n<p class=\"btn-link \" style=\"text-align: left;\"><a href=\"https:\/\/www.biotop-tunisie.com\/wp-content\/uploads\/2020\/06\/ichroma_Prolactine-GRANULE_20200626_.pdf\">ichroma_Prolactine (GRANULE)<\/a><\/p>\n<pre><code>[\/UAS_loggedin]<\/code><\/pre>\n","protected":false},"featured_media":1708,"template":"","meta":[],"product_brand":[],"product_cat":[153],"product_tag":[],"class_list":{"0":"post-714","1":"product","2":"type-product","3":"status-publish","4":"has-post-thumbnail","6":"product_cat-hormones-reactif-ichroma-ii","8":"first","9":"instock","10":"taxable","11":"shipping-taxable","12":"product-type-simple"},"_links":{"self":[{"href":"https:\/\/www.biotop-tunisie.com\/index.php?rest_route=\/wp\/v2\/product\/714","targetHints":{"allow":["GET"]}}],"collection":[{"href":"https:\/\/www.biotop-tunisie.com\/index.php?rest_route=\/wp\/v2\/product"}],"about":[{"href":"https:\/\/www.biotop-tunisie.com\/index.php?rest_route=\/wp\/v2\/types\/product"}],"wp:featuredmedia":[{"embeddable":true,"href":"https:\/\/www.biotop-tunisie.com\/index.php?rest_route=\/wp\/v2\/media\/1708"}],"wp:attachment":[{"href":"https:\/\/www.biotop-tunisie.com\/index.php?rest_route=%2Fwp%2Fv2%2Fmedia&parent=714"}],"wp:term":[{"taxonomy":"product_brand","embeddable":true,"href":"https:\/\/www.biotop-tunisie.com\/index.php?rest_route=%2Fwp%2Fv2%2Fproduct_brand&post=714"},{"taxonomy":"product_cat","embeddable":true,"href":"https:\/\/www.biotop-tunisie.com\/index.php?rest_route=%2Fwp%2Fv2%2Fproduct_cat&post=714"},{"taxonomy":"product_tag","embeddable":true,"href":"https:\/\/www.biotop-tunisie.com\/index.php?rest_route=%2Fwp%2Fv2%2Fproduct_tag&post=714"}],"curies":[{"name":"wp","href":"https:\/\/api.w.org\/{rel}","templated":true}]}}