{"id":715,"date":"2020-06-04T11:46:00","date_gmt":"2020-06-04T09:46:00","guid":{"rendered":"https:\/\/hosting.smarty.ovh\/biotopsarl.com\/?post_type=product&#038;p=715"},"modified":"2021-02-01T10:58:14","modified_gmt":"2021-02-01T09:58:14","slug":"testosterone-2","status":"publish","type":"product","link":"https:\/\/www.biotop-tunisie.com\/?product=testosterone-2","title":{"rendered":"Testost\u00e9rone"},"content":{"rendered":"","protected":false},"excerpt":{"rendered":"<p>Le taux de testost\u00e9rone chez l&rsquo;homme augmente de 10 \u00e0 20 fois pendant la pubert\u00e9, entra\u00eenant les changements physiologiques associ\u00e9s \u00e0 la pubert\u00e9 masculine. Il exerce \u00e9galement une influence puissante et \u00e9tendue sur le bien-\u00eatre \u00e9motionnel, la fonction sexuelle, la masse et la force musculaire, l\u2019\u00e9nergie, la sant\u00e9 cardiovasculaire, l\u2019int\u00e9grit\u00e9 des os et les capacit\u00e9s cognitives tout au long de la vie d\u2019un homme. Dans le sang, seulement 1 \u00e0 15% de la testost\u00e9rone est sous sa forme non li\u00e9e ou biologiquement active. La testost\u00e9rone restante est li\u00e9e aux prot\u00e9ines s\u00e9riques.<\/p>\n<p><strong>Type d&rsquo;\u00e9chantillon<\/strong>: s\u00e9rum, plasma<\/p>\n<p><strong>Lin\u00e9arit\u00e9<\/strong>: 1-10 ng\/mL<\/p>\n<p><strong class=\"marque_class\">Marque :<\/strong> Boditech<\/p>\n<p><code>[UAS_loggedin hint=\"\" ex=\"\"]<\/code><\/p>\n<p class=\"btn-link \" style=\"text-align: left;\"><a href=\"https:\/\/www.biotop-tunisie.com\/wp-content\/uploads\/2020\/06\/QRG-Testosterone-ichroma_ALL_20706-13_page-0001.pdf\">[QRG] Testosterone ichroma II<\/a><\/p>\n<pre><code>[\/UAS_loggedin]<\/code><\/pre>\n","protected":false},"featured_media":1707,"template":"","meta":[],"product_brand":[],"product_cat":[153],"product_tag":[],"class_list":{"0":"post-715","1":"product","2":"type-product","3":"status-publish","4":"has-post-thumbnail","6":"product_cat-hormones-reactif-ichroma-ii","8":"first","9":"instock","10":"taxable","11":"shipping-taxable","12":"product-type-simple"},"_links":{"self":[{"href":"https:\/\/www.biotop-tunisie.com\/index.php?rest_route=\/wp\/v2\/product\/715","targetHints":{"allow":["GET"]}}],"collection":[{"href":"https:\/\/www.biotop-tunisie.com\/index.php?rest_route=\/wp\/v2\/product"}],"about":[{"href":"https:\/\/www.biotop-tunisie.com\/index.php?rest_route=\/wp\/v2\/types\/product"}],"wp:featuredmedia":[{"embeddable":true,"href":"https:\/\/www.biotop-tunisie.com\/index.php?rest_route=\/wp\/v2\/media\/1707"}],"wp:attachment":[{"href":"https:\/\/www.biotop-tunisie.com\/index.php?rest_route=%2Fwp%2Fv2%2Fmedia&parent=715"}],"wp:term":[{"taxonomy":"product_brand","embeddable":true,"href":"https:\/\/www.biotop-tunisie.com\/index.php?rest_route=%2Fwp%2Fv2%2Fproduct_brand&post=715"},{"taxonomy":"product_cat","embeddable":true,"href":"https:\/\/www.biotop-tunisie.com\/index.php?rest_route=%2Fwp%2Fv2%2Fproduct_cat&post=715"},{"taxonomy":"product_tag","embeddable":true,"href":"https:\/\/www.biotop-tunisie.com\/index.php?rest_route=%2Fwp%2Fv2%2Fproduct_tag&post=715"}],"curies":[{"name":"wp","href":"https:\/\/api.w.org\/{rel}","templated":true}]}}