{"id":718,"date":"2020-06-04T11:53:26","date_gmt":"2020-06-04T09:53:26","guid":{"rendered":"https:\/\/hosting.smarty.ovh\/biotopsarl.com\/?post_type=product&#038;p=718"},"modified":"2020-10-27T16:45:19","modified_gmt":"2020-10-27T15:45:19","slug":"crp-c-reactiveprotein-2","status":"publish","type":"product","link":"https:\/\/www.biotop-tunisie.com\/?product=crp-c-reactiveprotein-2","title":{"rendered":"CRP (C-ReactiveProtein)"},"content":{"rendered":"","protected":false},"excerpt":{"rendered":"<p>La prot\u00e9ine C-r\u00e9active (CRP) est synth\u00e9tis\u00e9e par le foie en r\u00e9ponse \u00e0 l&rsquo;interleukine-6 \u200b\u200bet bien connue comme l&rsquo;un des r\u00e9actifs classiques de la phase aigu\u00eb et comme marqueur de l&rsquo;inflammation. La CRP est la premi\u00e8re prot\u00e9ine de phase aigu\u00eb \u00e0 \u00eatre d\u00e9crite et c&rsquo;est un marqueur syst\u00e9mique extr\u00eamement sensible de l&rsquo;inflammation et des l\u00e9sions tissulaires.<\/p>\n<p><strong>Type d&rsquo;\u00e9chantillon<\/strong>: sang total, s\u00e9rum, plasma<\/p>\n<p><strong>Lin\u00e9arit\u00e9<\/strong>: 2,5-300 mg\/L<\/p>\n<p><strong>Conditionnement: <\/strong>25 tests\/Kit<\/p>\n<p><strong class=\"marque_class\">Marque :<\/strong> Boditech<\/p>\n<p><code>[UAS_loggedin hint=\"\" ex=\"\"]<\/code><\/p>\n<p class=\"btn-link \" style=\"text-align: left;\"><a href=\"https:\/\/www.biotop-tunisie.com\/wp-content\/uploads\/2020\/06\/QRG-CRP-ichroma_ALL_20706-4_page-0001.pdf\">QRG CRP ichroma II<\/a><\/p>\n<pre><code>[\/UAS_loggedin]<\/code><\/pre>\n","protected":false},"featured_media":1691,"template":"","meta":[],"product_brand":[],"product_cat":[154],"product_tag":[],"class_list":{"0":"post-718","1":"product","2":"type-product","3":"status-publish","4":"has-post-thumbnail","6":"product_cat-infection-reactif-ichroma-ii","8":"first","9":"instock","10":"taxable","11":"shipping-taxable","12":"product-type-simple"},"_links":{"self":[{"href":"https:\/\/www.biotop-tunisie.com\/index.php?rest_route=\/wp\/v2\/product\/718","targetHints":{"allow":["GET"]}}],"collection":[{"href":"https:\/\/www.biotop-tunisie.com\/index.php?rest_route=\/wp\/v2\/product"}],"about":[{"href":"https:\/\/www.biotop-tunisie.com\/index.php?rest_route=\/wp\/v2\/types\/product"}],"wp:featuredmedia":[{"embeddable":true,"href":"https:\/\/www.biotop-tunisie.com\/index.php?rest_route=\/wp\/v2\/media\/1691"}],"wp:attachment":[{"href":"https:\/\/www.biotop-tunisie.com\/index.php?rest_route=%2Fwp%2Fv2%2Fmedia&parent=718"}],"wp:term":[{"taxonomy":"product_brand","embeddable":true,"href":"https:\/\/www.biotop-tunisie.com\/index.php?rest_route=%2Fwp%2Fv2%2Fproduct_brand&post=718"},{"taxonomy":"product_cat","embeddable":true,"href":"https:\/\/www.biotop-tunisie.com\/index.php?rest_route=%2Fwp%2Fv2%2Fproduct_cat&post=718"},{"taxonomy":"product_tag","embeddable":true,"href":"https:\/\/www.biotop-tunisie.com\/index.php?rest_route=%2Fwp%2Fv2%2Fproduct_tag&post=718"}],"curies":[{"name":"wp","href":"https:\/\/api.w.org\/{rel}","templated":true}]}}