{"id":719,"date":"2020-06-04T11:55:00","date_gmt":"2020-06-04T09:55:00","guid":{"rendered":"https:\/\/hosting.smarty.ovh\/biotopsarl.com\/?post_type=product&#038;p=719"},"modified":"2020-10-27T16:58:11","modified_gmt":"2020-10-27T15:58:11","slug":"pct-2","status":"publish","type":"product","link":"https:\/\/www.biotop-tunisie.com\/?product=pct-2","title":{"rendered":"PCT"},"content":{"rendered":"","protected":false},"excerpt":{"rendered":"<p>Identifier la septic\u00e9mie est un d\u00e9fi quotidien dans l&rsquo;unit\u00e9 de soins intensifs de chaque h\u00f4pital. L&rsquo;\u00e9valuation pr\u00e9coce de la septic\u00e9mie est essentielle pour d\u00e9terminer le traitement appropri\u00e9, car diverses strat\u00e9gies th\u00e9rapeutiques sont connues pour am\u00e9liorer la survie des patients atteints de septic\u00e9mie. Par cons\u00e9quent, en \u00e9valuant les concentrations de PCT, les m\u00e9decins sont en mesure de participer \u00e0 l&rsquo;\u00e9valuation du risque d&rsquo;\u00e9volution vers une septic\u00e9mie s\u00e9v\u00e8re et un choc septique.<\/p>\n<p><strong>Type d&rsquo;\u00e9chantillon<\/strong>: sang total, s\u00e9rum, plasma<\/p>\n<p><strong>Lin\u00e9arit\u00e9<\/strong>: 0,1-100 ng\/mL<\/p>\n<p><strong>Conditionnement: <\/strong>25 tests\/Kit<\/p>\n<p><strong class=\"marque_class\">Marque :<\/strong> Boditech<\/p>\n<p><code>[UAS_loggedin hint=\"\" ex=\"\"]<\/code><\/p>\n<p class=\"btn-link \" style=\"text-align: left;\"><a href=\"https:\/\/www.biotop-tunisie.com\/wp-content\/uploads\/2020\/06\/QRG-PCT-ichroma_ALL_20706-21_page-0001.pdf\">QRG PCT ichroma II<\/a><\/p>\n<pre><code>[\/UAS_loggedin]<\/code><\/pre>\n","protected":false},"featured_media":1705,"template":"","meta":[],"product_brand":[],"product_cat":[154],"product_tag":[],"class_list":{"0":"post-719","1":"product","2":"type-product","3":"status-publish","4":"has-post-thumbnail","6":"product_cat-infection-reactif-ichroma-ii","8":"first","9":"instock","10":"taxable","11":"shipping-taxable","12":"product-type-simple"},"_links":{"self":[{"href":"https:\/\/www.biotop-tunisie.com\/index.php?rest_route=\/wp\/v2\/product\/719","targetHints":{"allow":["GET"]}}],"collection":[{"href":"https:\/\/www.biotop-tunisie.com\/index.php?rest_route=\/wp\/v2\/product"}],"about":[{"href":"https:\/\/www.biotop-tunisie.com\/index.php?rest_route=\/wp\/v2\/types\/product"}],"wp:featuredmedia":[{"embeddable":true,"href":"https:\/\/www.biotop-tunisie.com\/index.php?rest_route=\/wp\/v2\/media\/1705"}],"wp:attachment":[{"href":"https:\/\/www.biotop-tunisie.com\/index.php?rest_route=%2Fwp%2Fv2%2Fmedia&parent=719"}],"wp:term":[{"taxonomy":"product_brand","embeddable":true,"href":"https:\/\/www.biotop-tunisie.com\/index.php?rest_route=%2Fwp%2Fv2%2Fproduct_brand&post=719"},{"taxonomy":"product_cat","embeddable":true,"href":"https:\/\/www.biotop-tunisie.com\/index.php?rest_route=%2Fwp%2Fv2%2Fproduct_cat&post=719"},{"taxonomy":"product_tag","embeddable":true,"href":"https:\/\/www.biotop-tunisie.com\/index.php?rest_route=%2Fwp%2Fv2%2Fproduct_tag&post=719"}],"curies":[{"name":"wp","href":"https:\/\/api.w.org\/{rel}","templated":true}]}}